{"id":91,"date":"2018-10-19T13:26:36","date_gmt":"2018-10-19T11:26:36","guid":{"rendered":"http:\/\/definition.nanninga.myds.me\/?page_id=91"},"modified":"2026-03-17T07:36:47","modified_gmt":"2026-03-17T06:36:47","slug":"07-arm-turns","status":"publish","type":"page","link":"https:\/\/definition.nanninga.me\/fd\/basic1\/07-arm-turns\/","title":{"rendered":"07. Arm turns"},"content":{"rendered":"<p>Bei den Arm Turns gibt es folgende Unterschiede zum Allemande Left:<\/p>\n<ul>\n<li>Die T\u00e4nzer m\u00fcssen sich direkt anschauen oder in einer Mini-Wave oder Ocean Wave sein. Sie m\u00fcssen die Person, mit der die Drehung gemacht wird nicht erst suchen wie beim Allemande Left (Fall 2)<\/li>\n<li>Es k\u00f6nnen sowohl linke als auch rechte Arm Turns angesagt werden.<\/li>\n<li>Am Ende erfolgt nicht automatisch ein Schritt vorw\u00e4rts, sondern im Prinzip sind die Unterarme noch gefasst. Oft verlangt jedoch der n\u00e4chste Call, die Armhaltung los zulassen, um diesen n\u00e4chsten Call ausf\u00fchren zu k\u00f6nnen (insofern kommt es also drauf an).<\/li>\n<li>Wie weit die Drehung geht muss angesagt werden. 1\/4, 1\/2, 3\/4, Full around sind m\u00f6glich.<\/li>\n<\/ul>\n<div style=\"width: 294px;\" class=\"wp-video\"><video class=\"wp-video-shortcode\" id=\"video-91-1\" width=\"294\" height=\"266\" preload=\"metadata\" controls=\"controls\"><source type=\"video\/mp4\" src=\"https:\/\/definition.nanninga.me\/wp-content\/uploads\/2019\/01\/B07-Arm-Turns.mp4?_=1\" \/><a href=\"https:\/\/definition.nanninga.me\/wp-content\/uploads\/2019\/01\/B07-Arm-Turns.mp4\">https:\/\/definition.nanninga.me\/wp-content\/uploads\/2019\/01\/B07-Arm-Turns.mp4<\/a><\/video><\/div>\n<p>&nbsp;<\/p>\n<div>1. Taminations mit allen m\u00f6glichen Varianten von Arm Turns.<\/div>\n<div class=\"pdfprnt-buttons pdfprnt-buttons-page pdfprnt-bottom-left\"><a href=\"https:\/\/definition.nanninga.me\/fd\/wp-json\/wp\/v2\/pages\/91?print=print\" class=\"pdfprnt-button pdfprnt-button-print\" target=\"_blank\" ><img decoding=\"async\" src=\"https:\/\/definition.nanninga.me\/wp-content\/plugins\/pdf-print\/images\/print.png\" alt=\"image_print\" title=\"Inhalt drucken\" \/><span class=\"pdfprnt-button-title pdfprnt-button-print-title\">Print Page<\/span><\/a><\/div>","protected":false},"excerpt":{"rendered":"<p>Bei den Arm Turns gibt es folgende Unterschiede zum Allemande Left: Die T\u00e4nzer m\u00fcssen sich direkt anschauen oder in einer Mini-Wave oder Ocean Wave sein. Sie m\u00fcssen die Person, mit der die Drehung gemacht wird nicht erst suchen wie beim <span class=\"excerpt-dots\">&hellip;<\/span> <a class=\"more-link\" href=\"https:\/\/definition.nanninga.me\/fd\/basic1\/07-arm-turns\/\"><span class=\"more-msg\">Weiterlesen &rarr;<\/span><\/a><\/p>\n","protected":false},"author":1,"featured_media":0,"parent":14,"menu_order":0,"comment_status":"closed","ping_status":"closed","template":"","meta":{"footnotes":""},"class_list":["post-91","page","type-page","status-publish","hentry"],"translation":{"provider":"WPGlobus","version":"3.0.2","language":"fd","enabled_languages":["de","en","fd"],"languages":{"de":{"title":true,"content":true,"excerpt":false},"en":{"title":true,"content":true,"excerpt":false},"fd":{"title":false,"content":true,"excerpt":false}}},"_links":{"self":[{"href":"https:\/\/definition.nanninga.me\/fd\/wp-json\/wp\/v2\/pages\/91","targetHints":{"allow":["GET"]}}],"collection":[{"href":"https:\/\/definition.nanninga.me\/fd\/wp-json\/wp\/v2\/pages"}],"about":[{"href":"https:\/\/definition.nanninga.me\/fd\/wp-json\/wp\/v2\/types\/page"}],"author":[{"embeddable":true,"href":"https:\/\/definition.nanninga.me\/fd\/wp-json\/wp\/v2\/users\/1"}],"replies":[{"embeddable":true,"href":"https:\/\/definition.nanninga.me\/fd\/wp-json\/wp\/v2\/comments?post=91"}],"version-history":[{"count":13,"href":"https:\/\/definition.nanninga.me\/fd\/wp-json\/wp\/v2\/pages\/91\/revisions"}],"predecessor-version":[{"id":2796,"href":"https:\/\/definition.nanninga.me\/fd\/wp-json\/wp\/v2\/pages\/91\/revisions\/2796"}],"up":[{"embeddable":true,"href":"https:\/\/definition.nanninga.me\/fd\/wp-json\/wp\/v2\/pages\/14"}],"wp:attachment":[{"href":"https:\/\/definition.nanninga.me\/fd\/wp-json\/wp\/v2\/media?parent=91"}],"curies":[{"name":"wp","href":"https:\/\/api.w.org\/{rel}","templated":true}]}}