{"id":84,"date":"2018-10-19T13:20:05","date_gmt":"2018-10-19T11:20:05","guid":{"rendered":"http:\/\/definition.nanninga.myds.me\/?page_id=84"},"modified":"2026-02-16T19:54:00","modified_gmt":"2026-02-16T18:54:00","slug":"06-allemande-left","status":"publish","type":"page","link":"https:\/\/definition.nanninga.me\/fd\/basic1\/06-allemande-left\/","title":{"rendered":"06. Allemande Left"},"content":{"rendered":"<p>Der Call &#8222;Allemande Left&#8220; ist im Prinzip ein Sonderfall der Arm Turns (n\u00e4chster Call auf der Liste).<\/p>\n<p>Am Anfang wird meist eine verk\u00fcrzte Erkl\u00e4rung gegeben: Zum Corner drehen; linken Unterarm mit Corner, halb herum drehen; einen Schritt vorw\u00e4rts zum Partner. Diese Erkl\u00e4rung reicht eigentlich eine ganz Weile. Jedoch ist die eigentliche Erkl\u00e4rung viel komplexer, weil das Allemande Left nicht nur im Kreis, sondern aus sehr vielen Positionen getanzt wird.<\/p>\n<p>Hier zun\u00e4chst das korrekte Styling f\u00fcr den Call:<\/p>\n<div style=\"width: 640px;\" class=\"wp-video\"><video class=\"wp-video-shortcode\" id=\"video-84-1\" width=\"640\" height=\"480\" preload=\"metadata\" controls=\"controls\"><source type=\"video\/mp4\" src=\"https:\/\/definition.nanninga.me\/wp-content\/uploads\/2019\/01\/B06-Allemande-Left.mp4?_=1\" \/><a href=\"https:\/\/definition.nanninga.me\/wp-content\/uploads\/2019\/01\/B06-Allemande-Left.mp4\">https:\/\/definition.nanninga.me\/wp-content\/uploads\/2019\/01\/B06-Allemande-Left.mp4<\/a><\/video><\/div>\n<p>Es gibt 3 Videos. In dem ersten erkl\u00e4re ich den Fall 1 und im zweiten den Fall 2. Im 3. Video zeige ich, wie diese Theorie aus diversen Formationen angewendet wird.<\/p>\n<p><strong>01. Fall 1<\/strong><\/p>\n<div style=\"width: 294px;\" class=\"wp-video\"><video class=\"wp-video-shortcode\" id=\"video-84-2\" width=\"294\" height=\"266\" preload=\"metadata\" controls=\"controls\"><source type=\"video\/mp4\" src=\"https:\/\/definition.nanninga.me\/wp-content\/uploads\/2019\/01\/B06-Allemande-Left-Fall-1.mp4?_=2\" \/><a href=\"https:\/\/definition.nanninga.me\/wp-content\/uploads\/2019\/01\/B06-Allemande-Left-Fall-1.mp4\">https:\/\/definition.nanninga.me\/wp-content\/uploads\/2019\/01\/B06-Allemande-Left-Fall-1.mp4<\/a><\/video><\/div>\n<p><strong>02. Fall 2<\/strong><\/p>\n<div style=\"width: 294px;\" class=\"wp-video\"><video class=\"wp-video-shortcode\" id=\"video-84-3\" width=\"294\" height=\"266\" preload=\"metadata\" controls=\"controls\"><source type=\"video\/mp4\" src=\"https:\/\/definition.nanninga.me\/wp-content\/uploads\/2019\/01\/B06-Allemande-Left-Fall-2.mp4?_=3\" \/><a href=\"https:\/\/definition.nanninga.me\/wp-content\/uploads\/2019\/01\/B06-Allemande-Left-Fall-2.mp4\">https:\/\/definition.nanninga.me\/wp-content\/uploads\/2019\/01\/B06-Allemande-Left-Fall-2.mp4<\/a><\/video><\/div>\n<p><strong>03. Beispiele:<\/strong><\/p>\n<div style=\"width: 294px;\" class=\"wp-video\"><video class=\"wp-video-shortcode\" id=\"video-84-4\" width=\"294\" height=\"266\" preload=\"metadata\" controls=\"controls\"><source type=\"video\/mp4\" src=\"https:\/\/definition.nanninga.me\/wp-content\/uploads\/2019\/01\/B06-Allemande-Left-Beispiele.mp4?_=4\" \/><a href=\"https:\/\/definition.nanninga.me\/wp-content\/uploads\/2019\/01\/B06-Allemande-Left-Beispiele.mp4\">https:\/\/definition.nanninga.me\/wp-content\/uploads\/2019\/01\/B06-Allemande-Left-Beispiele.mp4<\/a><\/video><\/div>\n<p>&nbsp;<\/p>\n<p>&nbsp;<\/p>\n<p>&nbsp;<\/p>\n<p>&nbsp;<\/p>\n<p><iframe loading=\"lazy\" title=\"YouTube video player\" src=\"https:\/\/www.youtube.com\/embed\/yLebXcRZeSg?si=c-zzJayRrMk_FZ2S&amp;clip=UgkxCM5UebONs3ZQfukBT6jdpW7EujDBzMq1&amp;clipt=ELBtGJjvAg\" width=\"560\" height=\"315\" frameborder=\"0\" allowfullscreen=\"allowfullscreen\"><\/iframe><\/p>\n<p>&nbsp;<\/p>\n<div>Taminations mit allen m\u00f6glichen Varianten von Allemande left<\/div>\n<p><iframe loading=\"lazy\" style=\"border: 1px solid #ccc; border-radius: 8px;\" title=\"Taminations Square Dance Animation\" src=\"https:\/\/www.tamtwirlers.org\/taminations\/#\/?level=Basic+1&amp;animnum=0&amp;animname=AllemandeLeftfromFacingCouples&amp;link=b1\/allemande&amp;main=ANIMLIST&amp;detail=CALLS\" width=\"100%\" height=\"600\"><\/iframe><\/p>\n<div class=\"pdfprnt-buttons pdfprnt-buttons-page pdfprnt-bottom-left\"><a href=\"https:\/\/definition.nanninga.me\/fd\/wp-json\/wp\/v2\/pages\/84?print=print\" class=\"pdfprnt-button pdfprnt-button-print\" target=\"_blank\" ><img decoding=\"async\" src=\"https:\/\/definition.nanninga.me\/wp-content\/plugins\/pdf-print\/images\/print.png\" alt=\"image_print\" title=\"Inhalt drucken\" \/><span class=\"pdfprnt-button-title pdfprnt-button-print-title\">Print Page<\/span><\/a><\/div>","protected":false},"excerpt":{"rendered":"<p>Der Call &#8222;Allemande Left&#8220; ist im Prinzip ein Sonderfall der Arm Turns (n\u00e4chster Call auf der Liste). Am Anfang wird meist eine verk\u00fcrzte Erkl\u00e4rung gegeben: Zum Corner drehen; linken Unterarm mit Corner, halb herum drehen; einen Schritt vorw\u00e4rts zum Partner. <span class=\"excerpt-dots\">&hellip;<\/span> <a class=\"more-link\" href=\"https:\/\/definition.nanninga.me\/fd\/basic1\/06-allemande-left\/\"><span class=\"more-msg\">Weiterlesen &rarr;<\/span><\/a><\/p>\n","protected":false},"author":1,"featured_media":0,"parent":14,"menu_order":0,"comment_status":"closed","ping_status":"closed","template":"","meta":{"footnotes":""},"class_list":["post-84","page","type-page","status-publish","hentry"],"translation":{"provider":"WPGlobus","version":"3.0.2","language":"fd","enabled_languages":["de","en","fd"],"languages":{"de":{"title":true,"content":true,"excerpt":false},"en":{"title":true,"content":true,"excerpt":false},"fd":{"title":false,"content":true,"excerpt":false}}},"_links":{"self":[{"href":"https:\/\/definition.nanninga.me\/fd\/wp-json\/wp\/v2\/pages\/84","targetHints":{"allow":["GET"]}}],"collection":[{"href":"https:\/\/definition.nanninga.me\/fd\/wp-json\/wp\/v2\/pages"}],"about":[{"href":"https:\/\/definition.nanninga.me\/fd\/wp-json\/wp\/v2\/types\/page"}],"author":[{"embeddable":true,"href":"https:\/\/definition.nanninga.me\/fd\/wp-json\/wp\/v2\/users\/1"}],"replies":[{"embeddable":true,"href":"https:\/\/definition.nanninga.me\/fd\/wp-json\/wp\/v2\/comments?post=84"}],"version-history":[{"count":15,"href":"https:\/\/definition.nanninga.me\/fd\/wp-json\/wp\/v2\/pages\/84\/revisions"}],"predecessor-version":[{"id":2790,"href":"https:\/\/definition.nanninga.me\/fd\/wp-json\/wp\/v2\/pages\/84\/revisions\/2790"}],"up":[{"embeddable":true,"href":"https:\/\/definition.nanninga.me\/fd\/wp-json\/wp\/v2\/pages\/14"}],"wp:attachment":[{"href":"https:\/\/definition.nanninga.me\/fd\/wp-json\/wp\/v2\/media?parent=84"}],"curies":[{"name":"wp","href":"https:\/\/api.w.org\/{rel}","templated":true}]}}