{"id":70,"date":"2018-10-19T09:57:32","date_gmt":"2018-10-19T07:57:32","guid":{"rendered":"http:\/\/definition.nanninga.myds.me\/?page_id=70"},"modified":"2026-02-16T19:26:17","modified_gmt":"2026-02-16T18:26:17","slug":"04-swing","status":"publish","type":"page","link":"https:\/\/definition.nanninga.me\/fd\/basic1\/04-swing\/","title":{"rendered":"04. Swing"},"content":{"rendered":"<p>Ein Swing l\u00e4sst sich in einer Animation nur schlecht darstellen:<\/p>\n<div style=\"width: 294px;\" class=\"wp-video\"><video class=\"wp-video-shortcode\" id=\"video-70-1\" width=\"294\" height=\"270\" preload=\"metadata\" controls=\"controls\"><source type=\"video\/mp4\" src=\"https:\/\/definition.nanninga.me\/wp-content\/uploads\/2019\/01\/B04-Swing.mp4?_=1\" \/><a href=\"https:\/\/definition.nanninga.me\/wp-content\/uploads\/2019\/01\/B04-Swing.mp4\">https:\/\/definition.nanninga.me\/wp-content\/uploads\/2019\/01\/B04-Swing.mp4<\/a><\/video><\/div>\n<p><img loading=\"lazy\" decoding=\"async\" class=\"wp-image-1059 alignleft\" src=\"https:\/\/definition.nanninga.me\/wp-content\/uploads\/2018\/11\/bm-swing4.gif\" alt=\"\" width=\"300\" height=\"225\" \/><\/p>\n<p>&nbsp;<\/p>\n<p>&nbsp;<\/p>\n<p>&nbsp;<\/p>\n<p>&nbsp;<\/p>\n<p>&nbsp;<\/p>\n<p>&nbsp;<\/p>\n<p>Wichtige Punkte:<\/p>\n<ul>\n<li>Es m\u00fcssen immer Mann und Frau sein<\/li>\n<li>Es ist der einzige Call im Square Dance, der eine Tanzhaltung wie beim Gesellschaftstanz (also Walzer oder Tango etc) erfordert.<\/li>\n<li>Es gibt verschiedene Ausf\u00fchrungsm\u00f6glichkeiten (nur einmal herum; &#8222;Rollerfahren&#8220;; langes Swing am Ende eines Singing Calls; mit oder ohne Twirl am Ende)<\/li>\n<li>Es gibt regionale Unterschiede<\/li>\n<li>Sehr wichtig: Die Frau steht am Ende des Bewegung RECHTS vom Herrn. Darauf sollte der Herr achten und die Drehung so weit fortf\u00fchren. BEIDE schauen dann in Tanzrichtung. Die Tanzrichtung ist abh\u00e4ngig vom n\u00e4chsten Call (z.B: Ist der n\u00e4chste Call Promenade sehen beide in die Promenade Richtung &#8211; also nach rechts; Damen au\u00dfen, Herren innen oder Beispiel 2: Das n\u00e4chste Kommando ist Circle left &#8211; Dann sollten nach dem Call alle IN den Kreis sehen &#8211; als normale Paare<\/li>\n<li>Auch wichtig: Wem bei der Drehbewegung leicht schwindlig wird, sollte dem Partner oder der Partnerin durch kurze Handbewegung zu erkennen geben &#8222;Mit mir bitte kein Swing&#8220;. Dann verh\u00e4lt man sich wie am Ende des Calls (Dame rechts; Herr links) und blickt gemeinsam in die Tanzrichtung.<\/li>\n<\/ul>\n<p>Hier das Swing korrekt ausgef\u00fchrt:<\/p>\n<div style=\"width: 640px;\" class=\"wp-video\"><video class=\"wp-video-shortcode\" id=\"video-70-2\" width=\"640\" height=\"480\" preload=\"metadata\" controls=\"controls\"><source type=\"video\/mp4\" src=\"https:\/\/definition.nanninga.me\/wp-content\/uploads\/2019\/01\/B04-Swing-1.mp4?_=2\" \/><a href=\"https:\/\/definition.nanninga.me\/wp-content\/uploads\/2019\/01\/B04-Swing-1.mp4\">https:\/\/definition.nanninga.me\/wp-content\/uploads\/2019\/01\/B04-Swing-1.mp4<\/a><\/video><\/div>\n<p>&nbsp;<\/p>\n<p>&nbsp;<\/p>\n<p><iframe loading=\"lazy\" title=\"YouTube video player\" src=\"https:\/\/www.youtube.com\/embed\/p-wDn9QRjJ0?si=wKxlRgC3vwROXUf1&amp;clip=Ugkx4wKUndaatviYyJJFQhXMqfFeYnI5TGK_&amp;clipt=EJzOCRjvjQs\" width=\"560\" height=\"315\" frameborder=\"0\" allowfullscreen=\"allowfullscreen\"><\/iframe><\/p>\n<div class=\"pdfprnt-buttons pdfprnt-buttons-page pdfprnt-bottom-left\"><a href=\"https:\/\/definition.nanninga.me\/fd\/wp-json\/wp\/v2\/pages\/70?print=print\" class=\"pdfprnt-button pdfprnt-button-print\" target=\"_blank\" ><img decoding=\"async\" src=\"https:\/\/definition.nanninga.me\/wp-content\/plugins\/pdf-print\/images\/print.png\" alt=\"image_print\" title=\"Inhalt drucken\" \/><span class=\"pdfprnt-button-title pdfprnt-button-print-title\">Print Page<\/span><\/a><\/div>","protected":false},"excerpt":{"rendered":"<p>Ein Swing l\u00e4sst sich in einer Animation nur schlecht darstellen: &nbsp; &nbsp; &nbsp; &nbsp; &nbsp; &nbsp; Wichtige Punkte: Es m\u00fcssen immer Mann und Frau sein Es ist der einzige Call im Square Dance, der eine Tanzhaltung wie beim Gesellschaftstanz (also <span class=\"excerpt-dots\">&hellip;<\/span> <a class=\"more-link\" href=\"https:\/\/definition.nanninga.me\/fd\/basic1\/04-swing\/\"><span class=\"more-msg\">Weiterlesen &rarr;<\/span><\/a><\/p>\n","protected":false},"author":1,"featured_media":0,"parent":14,"menu_order":0,"comment_status":"closed","ping_status":"closed","template":"","meta":{"footnotes":""},"class_list":["post-70","page","type-page","status-publish","hentry"],"translation":{"provider":"WPGlobus","version":"3.0.2","language":"fd","enabled_languages":["de","en","fd"],"languages":{"de":{"title":true,"content":true,"excerpt":false},"en":{"title":true,"content":true,"excerpt":false},"fd":{"title":false,"content":true,"excerpt":false}}},"_links":{"self":[{"href":"https:\/\/definition.nanninga.me\/fd\/wp-json\/wp\/v2\/pages\/70","targetHints":{"allow":["GET"]}}],"collection":[{"href":"https:\/\/definition.nanninga.me\/fd\/wp-json\/wp\/v2\/pages"}],"about":[{"href":"https:\/\/definition.nanninga.me\/fd\/wp-json\/wp\/v2\/types\/page"}],"author":[{"embeddable":true,"href":"https:\/\/definition.nanninga.me\/fd\/wp-json\/wp\/v2\/users\/1"}],"replies":[{"embeddable":true,"href":"https:\/\/definition.nanninga.me\/fd\/wp-json\/wp\/v2\/comments?post=70"}],"version-history":[{"count":11,"href":"https:\/\/definition.nanninga.me\/fd\/wp-json\/wp\/v2\/pages\/70\/revisions"}],"predecessor-version":[{"id":2787,"href":"https:\/\/definition.nanninga.me\/fd\/wp-json\/wp\/v2\/pages\/70\/revisions\/2787"}],"up":[{"embeddable":true,"href":"https:\/\/definition.nanninga.me\/fd\/wp-json\/wp\/v2\/pages\/14"}],"wp:attachment":[{"href":"https:\/\/definition.nanninga.me\/fd\/wp-json\/wp\/v2\/media?parent=70"}],"curies":[{"name":"wp","href":"https:\/\/api.w.org\/{rel}","templated":true}]}}