{"id":666,"date":"2018-10-23T08:35:57","date_gmt":"2018-10-23T06:35:57","guid":{"rendered":"http:\/\/definition.nanninga.myds.me\/?page_id=666"},"modified":"2021-12-07T20:23:01","modified_gmt":"2021-12-07T19:23:01","slug":"shoot-the-star","status":"publish","type":"page","link":"https:\/\/definition.nanninga.me\/fd\/mainstream\/shoot-the-star\/","title":{"rendered":"07. Shoot the Star \/ Shoot the Star Full Around"},"content":{"rendered":"<ul>\n<li>Aus einem Thar Star in Bewegung<\/li>\n<li>Die jeweiligen Center und End T\u00e4nzer machen einen 1\/2 Arm Turn; damit werden Centers zu Ends; Ends zu Centers; die neuen Centers machen wieder den &#8222;Packsattel&#8220; und der Thar Star wird weiter gedreht<\/li>\n<li>Bei &#8222;Shoot the Star &#8211; Full around&#8220; geht die Drehung einmal 360 Grad herum; Centers und Ends behalten ihre Position<\/li>\n<\/ul>\n<div>\n<div style=\"width: 640px;\" class=\"wp-video\"><video class=\"wp-video-shortcode\" id=\"video-666-1\" width=\"640\" height=\"480\" preload=\"metadata\" controls=\"controls\"><source type=\"video\/mp4\" src=\"https:\/\/definition.nanninga.me\/wp-content\/uploads\/2019\/02\/M07-Shoot-the-Thar.mp4?_=1\" \/><a href=\"https:\/\/definition.nanninga.me\/wp-content\/uploads\/2019\/02\/M07-Shoot-the-Thar.mp4\">https:\/\/definition.nanninga.me\/wp-content\/uploads\/2019\/02\/M07-Shoot-the-Thar.mp4<\/a><\/video><\/div>\n<\/div>\n<div><\/div>\n<ul>\n<li>Schwieriger wird es wenn nach einem Shoot the Star zus\u00e4tzliche Kommandos erfolgen<\/li>\n<li>H\u00e4ufig: Shoot the Star to another Thar; Dann macht man zuerst die halbe Drehung; dann muss man erkennen, dass man &#8222;schr\u00e4g gegen\u00fcber&#8220; einen T\u00e4nzer ansieht. Mit diesem erfolgt dann die n\u00e4chste Aktion &#8211; also z.B. rechts vorbeiziehen; dem n\u00e4chsten linken Unterarm; 1\/2 Drehung, um einen neuen Thar zu bilden.<\/li>\n<li>Es k\u00f6nnen aber auch weitere englisch-sprachige Kommandos gegeben werden. Dies ist f\u00fcr deutsche T\u00e4nzer oft schwierig zu verstehen. Der Caller ist gefordert hier durch klare Anweisungen deutlich zu machen, was er von den T\u00e4nzer w\u00fcnscht.<\/li>\n<\/ul>\n<p>&nbsp;<\/p>\n<div class=\"pdfprnt-buttons pdfprnt-buttons-page pdfprnt-bottom-left\"><a href=\"https:\/\/definition.nanninga.me\/fd\/wp-json\/wp\/v2\/pages\/666?print=print\" class=\"pdfprnt-button pdfprnt-button-print\" target=\"_blank\" ><img decoding=\"async\" src=\"https:\/\/definition.nanninga.me\/wp-content\/plugins\/pdf-print\/images\/print.png\" alt=\"image_print\" title=\"Inhalt drucken\" \/><span class=\"pdfprnt-button-title pdfprnt-button-print-title\">Print Page<\/span><\/a><\/div>","protected":false},"excerpt":{"rendered":"<p>Aus einem Thar Star in Bewegung Die jeweiligen Center und End T\u00e4nzer machen einen 1\/2 Arm Turn; damit werden Centers zu Ends; Ends zu Centers; die neuen Centers machen wieder den &#8222;Packsattel&#8220; und der Thar Star wird weiter gedreht Bei <span class=\"excerpt-dots\">&hellip;<\/span> <a class=\"more-link\" href=\"https:\/\/definition.nanninga.me\/fd\/mainstream\/shoot-the-star\/\"><span class=\"more-msg\">Weiterlesen &rarr;<\/span><\/a><\/p>\n","protected":false},"author":1,"featured_media":0,"parent":20,"menu_order":0,"comment_status":"closed","ping_status":"closed","template":"","meta":{"footnotes":""},"class_list":["post-666","page","type-page","status-publish","hentry"],"translation":{"provider":"WPGlobus","version":"3.0.2","language":"fd","enabled_languages":["de","en","fd"],"languages":{"de":{"title":true,"content":true,"excerpt":false},"en":{"title":true,"content":true,"excerpt":false},"fd":{"title":true,"content":true,"excerpt":false}}},"_links":{"self":[{"href":"https:\/\/definition.nanninga.me\/fd\/wp-json\/wp\/v2\/pages\/666","targetHints":{"allow":["GET"]}}],"collection":[{"href":"https:\/\/definition.nanninga.me\/fd\/wp-json\/wp\/v2\/pages"}],"about":[{"href":"https:\/\/definition.nanninga.me\/fd\/wp-json\/wp\/v2\/types\/page"}],"author":[{"embeddable":true,"href":"https:\/\/definition.nanninga.me\/fd\/wp-json\/wp\/v2\/users\/1"}],"replies":[{"embeddable":true,"href":"https:\/\/definition.nanninga.me\/fd\/wp-json\/wp\/v2\/comments?post=666"}],"version-history":[{"count":19,"href":"https:\/\/definition.nanninga.me\/fd\/wp-json\/wp\/v2\/pages\/666\/revisions"}],"predecessor-version":[{"id":2284,"href":"https:\/\/definition.nanninga.me\/fd\/wp-json\/wp\/v2\/pages\/666\/revisions\/2284"}],"up":[{"embeddable":true,"href":"https:\/\/definition.nanninga.me\/fd\/wp-json\/wp\/v2\/pages\/20"}],"wp:attachment":[{"href":"https:\/\/definition.nanninga.me\/fd\/wp-json\/wp\/v2\/media?parent=666"}],"curies":[{"name":"wp","href":"https:\/\/api.w.org\/{rel}","templated":true}]}}