{"id":660,"date":"2018-10-23T08:36:25","date_gmt":"2018-10-23T06:36:25","guid":{"rendered":"http:\/\/definition.nanninga.myds.me\/?page_id=660"},"modified":"2021-12-07T20:16:41","modified_gmt":"2021-12-07T19:16:41","slug":"slip-the-clutch","status":"publish","type":"page","link":"https:\/\/definition.nanninga.me\/fd\/mainstream\/slip-the-clutch\/","title":{"rendered":"06. Slip the Clutch"},"content":{"rendered":"<ul>\n<li>Aus\u00a0 einem Thar Star in Bewegung<\/li>\n<li>Thar Star anhalten; Alle Handverbindungen l\u00f6sen; Alle einen Schritt vorw\u00e4rts<\/li>\n<li>Dann steht man in der N\u00e4he des n\u00e4chsten T\u00e4nzers; Warten auf neuen Kommando<\/li>\n<li>H\u00e4ufig folgt dann Allemande Left<\/li>\n<li>Kann aber auch &#8222;Skip X&#8220; angesagt werden, d.h. an X T\u00e4nzers vorbeigehen;<\/li>\n<li>Das folgende Kommando kann auch ein Swing sein<\/li>\n<\/ul>\n<div class=\"dance-action full\">\n<div style=\"width: 640px;\" class=\"wp-video\"><video class=\"wp-video-shortcode\" id=\"video-660-1\" width=\"640\" height=\"480\" preload=\"metadata\" controls=\"controls\"><source type=\"video\/mp4\" src=\"https:\/\/definition.nanninga.me\/wp-content\/uploads\/2019\/02\/M06-Slip-the-clutch.mp4?_=1\" \/><a href=\"https:\/\/definition.nanninga.me\/wp-content\/uploads\/2019\/02\/M06-Slip-the-clutch.mp4\">https:\/\/definition.nanninga.me\/wp-content\/uploads\/2019\/02\/M06-Slip-the-clutch.mp4<\/a><\/video><\/div>\n<\/div>\n<div class=\"styling full\"><\/div>\n<p class=\"copyright\">\n<div class=\"pdfprnt-buttons pdfprnt-buttons-page pdfprnt-bottom-left\"><a href=\"https:\/\/definition.nanninga.me\/fd\/wp-json\/wp\/v2\/pages\/660?print=print\" class=\"pdfprnt-button pdfprnt-button-print\" target=\"_blank\" ><img decoding=\"async\" src=\"https:\/\/definition.nanninga.me\/wp-content\/plugins\/pdf-print\/images\/print.png\" alt=\"image_print\" title=\"Inhalt drucken\" \/><span class=\"pdfprnt-button-title pdfprnt-button-print-title\">Print Page<\/span><\/a><\/div>","protected":false},"excerpt":{"rendered":"<p>Aus\u00a0 einem Thar Star in Bewegung Thar Star anhalten; Alle Handverbindungen l\u00f6sen; Alle einen Schritt vorw\u00e4rts Dann steht man in der N\u00e4he des n\u00e4chsten T\u00e4nzers; Warten auf neuen Kommando H\u00e4ufig folgt dann Allemande Left Kann aber auch &#8222;Skip X&#8220; angesagt <span class=\"excerpt-dots\">&hellip;<\/span> <a class=\"more-link\" href=\"https:\/\/definition.nanninga.me\/fd\/mainstream\/slip-the-clutch\/\"><span class=\"more-msg\">Weiterlesen &rarr;<\/span><\/a><\/p>\n","protected":false},"author":1,"featured_media":0,"parent":20,"menu_order":0,"comment_status":"closed","ping_status":"closed","template":"","meta":{"footnotes":""},"class_list":["post-660","page","type-page","status-publish","hentry"],"translation":{"provider":"WPGlobus","version":"3.0.2","language":"fd","enabled_languages":["de","en","fd"],"languages":{"de":{"title":true,"content":true,"excerpt":false},"en":{"title":true,"content":true,"excerpt":false},"fd":{"title":true,"content":true,"excerpt":false}}},"_links":{"self":[{"href":"https:\/\/definition.nanninga.me\/fd\/wp-json\/wp\/v2\/pages\/660","targetHints":{"allow":["GET"]}}],"collection":[{"href":"https:\/\/definition.nanninga.me\/fd\/wp-json\/wp\/v2\/pages"}],"about":[{"href":"https:\/\/definition.nanninga.me\/fd\/wp-json\/wp\/v2\/types\/page"}],"author":[{"embeddable":true,"href":"https:\/\/definition.nanninga.me\/fd\/wp-json\/wp\/v2\/users\/1"}],"replies":[{"embeddable":true,"href":"https:\/\/definition.nanninga.me\/fd\/wp-json\/wp\/v2\/comments?post=660"}],"version-history":[{"count":17,"href":"https:\/\/definition.nanninga.me\/fd\/wp-json\/wp\/v2\/pages\/660\/revisions"}],"predecessor-version":[{"id":2282,"href":"https:\/\/definition.nanninga.me\/fd\/wp-json\/wp\/v2\/pages\/660\/revisions\/2282"}],"up":[{"embeddable":true,"href":"https:\/\/definition.nanninga.me\/fd\/wp-json\/wp\/v2\/pages\/20"}],"wp:attachment":[{"href":"https:\/\/definition.nanninga.me\/fd\/wp-json\/wp\/v2\/media?parent=660"}],"curies":[{"name":"wp","href":"https:\/\/api.w.org\/{rel}","templated":true}]}}