{"id":654,"date":"2018-10-23T08:36:13","date_gmt":"2018-10-23T06:36:13","guid":{"rendered":"http:\/\/definition.nanninga.myds.me\/?page_id=654"},"modified":"2021-12-07T20:12:46","modified_gmt":"2021-12-07T19:12:46","slug":"allemande-thar-family","status":"publish","type":"page","link":"https:\/\/definition.nanninga.me\/fd\/mainstream\/allemande-thar-family\/","title":{"rendered":"05. Thar Family"},"content":{"rendered":"<ul>\n<li>Der Thar Star ist zun\u00e4chst nur eine Formation (4 T\u00e4nzer au\u00dfen; 4 T\u00e4nzer innen, die jeweils in die andere Richtung sehen<\/li>\n<li>Die \u00e4u\u00dferen T\u00e4nzer gehen vorw\u00e4rts; die anderen r\u00fcckw\u00e4rts<\/li>\n<li>Bei ganz korrekter Ausf\u00fchrung teilen die 4 Paare den Kreis in exakt 4 Viertel<\/li>\n<li>Je mehr Hilfsw\u00f6rter der Caller verwendet, desto besser wissen die T\u00e4nzer was erw\u00fcnscht ist<\/li>\n<li>Alle Thars bewegen sich dann vorw\u00e4rts bis ein neues Kommando gegeben wird.<\/li>\n<\/ul>\n<div class=\"full\">\n<p><strong>1. Allemande Thar<\/strong><\/p>\n<ul>\n<li>Aus einer vorherigen Bewegung heraus einen LINKEN Arm Turn, um den Thar Star zu bilden.<\/li>\n<li>Es gibt eine Reihe von Calls, aus denen heraus dies angesagt werden kann (z.B. Dopaso, Walk around your corner, Right hand star)<\/li>\n<\/ul>\n<\/div>\n<div>\n<div style=\"width: 640px;\" class=\"wp-video\"><video class=\"wp-video-shortcode\" id=\"video-654-1\" width=\"640\" height=\"480\" preload=\"metadata\" controls=\"controls\"><source type=\"video\/mp4\" src=\"https:\/\/definition.nanninga.me\/wp-content\/uploads\/2019\/02\/M05-Thar-Family.mp4?_=1\" \/><a href=\"https:\/\/definition.nanninga.me\/wp-content\/uploads\/2019\/02\/M05-Thar-Family.mp4\">https:\/\/definition.nanninga.me\/wp-content\/uploads\/2019\/02\/M05-Thar-Family.mp4<\/a><\/video><\/div>\n<\/div>\n<div><\/div>\n<div class=\"command-examples full\"><\/div>\n<div><strong>2. Allemande Left to an Allemande Thar<\/strong><\/div>\n<div><\/div>\n<ul>\n<li>Dies ist die am h\u00e4ufigsten verwendete Methode, um einen Thar Star zu bilden<\/li>\n<li>Vor dem Arm Turn in einen Thar erfolgt ein Allemande Left; zur\u00fcck zum Partner; Vorbeiziehen Partner; dem n\u00e4chsten Linken Arm Turn in den Thar Star.<\/li>\n<li>Der Caller sollte zus\u00e4tzliche Kommandos geben (z.B auch vorw\u00e4rts 3 &#8230;.)<\/li>\n<\/ul>\n<div class=\"comments full\"><\/div>\n<div>\n<div style=\"width: 332px;\" class=\"wp-video\"><video class=\"wp-video-shortcode\" id=\"video-654-2\" width=\"332\" height=\"304\" preload=\"metadata\" controls=\"controls\"><source type=\"video\/mp4\" src=\"https:\/\/definition.nanninga.me\/wp-content\/uploads\/2019\/02\/M05-Thar01-anim.mp4?_=2\" \/><a href=\"https:\/\/definition.nanninga.me\/wp-content\/uploads\/2019\/02\/M05-Thar01-anim.mp4\">https:\/\/definition.nanninga.me\/wp-content\/uploads\/2019\/02\/M05-Thar01-anim.mp4<\/a><\/video><\/div>\n<\/div>\n<div><\/div>\n<div class=\"comments full\">\n<p><strong>3. Wrong way thar<\/strong><\/p>\n<ul>\n<li>Der Arm Turn, um in einen Thar Star zu kommen ist hier RECHTS<\/li>\n<li>Ansonsten die gleichen Regeln wie oben<\/li>\n<li>Centers haben nun linken Handstern<\/li>\n<\/ul>\n<\/div>\n<div>\n<div style=\"width: 332px;\" class=\"wp-video\"><video class=\"wp-video-shortcode\" id=\"video-654-3\" width=\"332\" height=\"304\" preload=\"metadata\" controls=\"controls\"><source type=\"video\/mp4\" src=\"https:\/\/definition.nanninga.me\/wp-content\/uploads\/2019\/02\/M05-Thar-02-anim.mp4?_=3\" \/><a href=\"https:\/\/definition.nanninga.me\/wp-content\/uploads\/2019\/02\/M05-Thar-02-anim.mp4\">https:\/\/definition.nanninga.me\/wp-content\/uploads\/2019\/02\/M05-Thar-02-anim.mp4<\/a><\/video><\/div>\n<\/div>\n<p class=\"copyright\">\n<div class=\"pdfprnt-buttons pdfprnt-buttons-page pdfprnt-bottom-left\"><a href=\"https:\/\/definition.nanninga.me\/fd\/wp-json\/wp\/v2\/pages\/654?print=print\" class=\"pdfprnt-button pdfprnt-button-print\" target=\"_blank\" ><img decoding=\"async\" src=\"https:\/\/definition.nanninga.me\/wp-content\/plugins\/pdf-print\/images\/print.png\" alt=\"image_print\" title=\"Inhalt drucken\" \/><span class=\"pdfprnt-button-title pdfprnt-button-print-title\">Print Page<\/span><\/a><\/div>","protected":false},"excerpt":{"rendered":"<p>Der Thar Star ist zun\u00e4chst nur eine Formation (4 T\u00e4nzer au\u00dfen; 4 T\u00e4nzer innen, die jeweils in die andere Richtung sehen Die \u00e4u\u00dferen T\u00e4nzer gehen vorw\u00e4rts; die anderen r\u00fcckw\u00e4rts Bei ganz korrekter Ausf\u00fchrung teilen die 4 Paare den Kreis in <span class=\"excerpt-dots\">&hellip;<\/span> <a class=\"more-link\" href=\"https:\/\/definition.nanninga.me\/fd\/mainstream\/allemande-thar-family\/\"><span class=\"more-msg\">Weiterlesen &rarr;<\/span><\/a><\/p>\n","protected":false},"author":1,"featured_media":0,"parent":20,"menu_order":0,"comment_status":"closed","ping_status":"closed","template":"","meta":{"footnotes":""},"class_list":["post-654","page","type-page","status-publish","hentry"],"translation":{"provider":"WPGlobus","version":"3.0.2","language":"fd","enabled_languages":["de","en","fd"],"languages":{"de":{"title":true,"content":true,"excerpt":false},"en":{"title":true,"content":true,"excerpt":false},"fd":{"title":true,"content":true,"excerpt":false}}},"_links":{"self":[{"href":"https:\/\/definition.nanninga.me\/fd\/wp-json\/wp\/v2\/pages\/654","targetHints":{"allow":["GET"]}}],"collection":[{"href":"https:\/\/definition.nanninga.me\/fd\/wp-json\/wp\/v2\/pages"}],"about":[{"href":"https:\/\/definition.nanninga.me\/fd\/wp-json\/wp\/v2\/types\/page"}],"author":[{"embeddable":true,"href":"https:\/\/definition.nanninga.me\/fd\/wp-json\/wp\/v2\/users\/1"}],"replies":[{"embeddable":true,"href":"https:\/\/definition.nanninga.me\/fd\/wp-json\/wp\/v2\/comments?post=654"}],"version-history":[{"count":17,"href":"https:\/\/definition.nanninga.me\/fd\/wp-json\/wp\/v2\/pages\/654\/revisions"}],"predecessor-version":[{"id":2279,"href":"https:\/\/definition.nanninga.me\/fd\/wp-json\/wp\/v2\/pages\/654\/revisions\/2279"}],"up":[{"embeddable":true,"href":"https:\/\/definition.nanninga.me\/fd\/wp-json\/wp\/v2\/pages\/20"}],"wp:attachment":[{"href":"https:\/\/definition.nanninga.me\/fd\/wp-json\/wp\/v2\/media?parent=654"}],"curies":[{"name":"wp","href":"https:\/\/api.w.org\/{rel}","templated":true}]}}