{"id":647,"date":"2018-10-22T21:11:20","date_gmt":"2018-10-22T19:11:20","guid":{"rendered":"http:\/\/definition.nanninga.myds.me\/?page_id=647"},"modified":"2021-12-08T07:53:55","modified_gmt":"2021-12-08T06:53:55","slug":"16-scoot-back","status":"publish","type":"page","link":"https:\/\/definition.nanninga.me\/fd\/ms-11-17\/16-scoot-back\/","title":{"rendered":"18. Scoot Back"},"content":{"rendered":"<ul>\n<li>Beginnt meist mit 2 Mini-Waves, die hintereinander stehen (Boxes)<\/li>\n<li>T\u00e4nzer, die sich ansehen (schr\u00e4g gegen\u00fcber) geben sich die INNEREN Arme und machen eine Arm turn 180 Grad und gehen wieder vorw\u00e4rts, in eine neue Mini-Wave mit dem bisherigen Partner<\/li>\n<li>T\u00e4nzer, die sich nicht ansehen, gehen einen Halbkreis vorw\u00e4rts auf den freien Platz des anderen T\u00e4nzers. Man kann sich auch vorstellen, einen Arm Turn mit einem imagin\u00e4ren Partner auszuf\u00fchren<\/li>\n<\/ul>\n<div style=\"width: 640px;\" class=\"wp-video\"><video class=\"wp-video-shortcode\" id=\"video-647-1\" width=\"640\" height=\"480\" preload=\"metadata\" controls=\"controls\"><source type=\"video\/mp4\" src=\"https:\/\/definition.nanninga.me\/wp-content\/uploads\/2019\/02\/M18-Scoot-back.mp4?_=1\" \/><a href=\"https:\/\/definition.nanninga.me\/wp-content\/uploads\/2019\/02\/M18-Scoot-back.mp4\">https:\/\/definition.nanninga.me\/wp-content\/uploads\/2019\/02\/M18-Scoot-back.mp4<\/a><\/video><\/div>\n<ul>\n<li>Der Hinweis INNERE Arme ist wichtig. Zwar sind dies h\u00e4ufig die rechten Unterarme der linken T\u00e4nzer in der Mini-Wave, doch es geht auch anders herum (linke Unterarme des rechten T\u00e4nzers)<\/li>\n<\/ul>\n<div style=\"width: 332px;\" class=\"wp-video\"><video class=\"wp-video-shortcode\" id=\"video-647-2\" width=\"332\" height=\"304\" preload=\"metadata\" controls=\"controls\"><source type=\"video\/mp4\" src=\"https:\/\/definition.nanninga.me\/wp-content\/uploads\/2019\/02\/M18-Scoot-Back-01-anim.mp4?_=2\" \/><a href=\"https:\/\/definition.nanninga.me\/wp-content\/uploads\/2019\/02\/M18-Scoot-Back-01-anim.mp4\">https:\/\/definition.nanninga.me\/wp-content\/uploads\/2019\/02\/M18-Scoot-Back-01-anim.mp4<\/a><\/video><\/div>\n<ul>\n<li>Scoot Back ist auch aus einer 1\/4 Tag Formation m\u00f6glich. Dann f\u00fchren ALLE T\u00e4nzer den Arm Turn mit dem vor Ihnen stehenden T\u00e4nzer aus. Ergebnis: eine 3\/4 Tag Formation<\/li>\n<\/ul>\n<div style=\"width: 332px;\" class=\"wp-video\"><video class=\"wp-video-shortcode\" id=\"video-647-3\" width=\"332\" height=\"304\" preload=\"metadata\" controls=\"controls\"><source type=\"video\/mp4\" src=\"https:\/\/definition.nanninga.me\/wp-content\/uploads\/2019\/02\/M18-Scoot-Back-02-anim.mp4?_=3\" \/><a href=\"https:\/\/definition.nanninga.me\/wp-content\/uploads\/2019\/02\/M18-Scoot-Back-02-anim.mp4\">https:\/\/definition.nanninga.me\/wp-content\/uploads\/2019\/02\/M18-Scoot-Back-02-anim.mp4<\/a><\/video><\/div>\n<p>&nbsp;<\/p>\n<p>Eine erweiterte Anwendung von Scoot Back ist ein Scoot Back 1-1\/2 (Once and a half). Dann wird zun\u00e4chst ein normales und gleich anschlie\u00dfend ein halbes Scoot Back ausgef\u00fchrt. Ergebnis ist eine 2-Faced line. Dazu die Animation<\/p>\n<div style=\"width: 332px;\" class=\"wp-video\"><video class=\"wp-video-shortcode\" id=\"video-647-4\" width=\"332\" height=\"304\" preload=\"metadata\" controls=\"controls\"><source type=\"video\/mp4\" src=\"https:\/\/definition.nanninga.me\/wp-content\/uploads\/2019\/02\/M18-Scoot-Back-02-anim_1.mp4?_=4\" \/><a href=\"https:\/\/definition.nanninga.me\/wp-content\/uploads\/2019\/02\/M18-Scoot-Back-02-anim_1.mp4\">https:\/\/definition.nanninga.me\/wp-content\/uploads\/2019\/02\/M18-Scoot-Back-02-anim_1.mp4<\/a><\/video><\/div>\n<div class=\"full\"><\/div>\n<p class=\"copyright\">\n<div class=\"pdfprnt-buttons pdfprnt-buttons-page pdfprnt-bottom-left\"><a href=\"https:\/\/definition.nanninga.me\/fd\/wp-json\/wp\/v2\/pages\/647?print=print\" class=\"pdfprnt-button pdfprnt-button-print\" target=\"_blank\" ><img decoding=\"async\" src=\"https:\/\/definition.nanninga.me\/wp-content\/plugins\/pdf-print\/images\/print.png\" alt=\"image_print\" title=\"Inhalt drucken\" \/><span class=\"pdfprnt-button-title pdfprnt-button-print-title\">Print Page<\/span><\/a><\/div>","protected":false},"excerpt":{"rendered":"<p>Beginnt meist mit 2 Mini-Waves, die hintereinander stehen (Boxes) T\u00e4nzer, die sich ansehen (schr\u00e4g gegen\u00fcber) geben sich die INNEREN Arme und machen eine Arm turn 180 Grad und gehen wieder vorw\u00e4rts, in eine neue Mini-Wave mit dem bisherigen Partner T\u00e4nzer, <span class=\"excerpt-dots\">&hellip;<\/span> <a class=\"more-link\" href=\"https:\/\/definition.nanninga.me\/fd\/ms-11-17\/16-scoot-back\/\"><span class=\"more-msg\">Weiterlesen &rarr;<\/span><\/a><\/p>\n","protected":false},"author":1,"featured_media":0,"parent":679,"menu_order":0,"comment_status":"closed","ping_status":"closed","template":"","meta":{"footnotes":""},"class_list":["post-647","page","type-page","status-publish","hentry"],"translation":{"provider":"WPGlobus","version":"3.0.2","language":"fd","enabled_languages":["de","en","fd"],"languages":{"de":{"title":true,"content":true,"excerpt":false},"en":{"title":true,"content":true,"excerpt":false},"fd":{"title":true,"content":true,"excerpt":false}}},"_links":{"self":[{"href":"https:\/\/definition.nanninga.me\/fd\/wp-json\/wp\/v2\/pages\/647","targetHints":{"allow":["GET"]}}],"collection":[{"href":"https:\/\/definition.nanninga.me\/fd\/wp-json\/wp\/v2\/pages"}],"about":[{"href":"https:\/\/definition.nanninga.me\/fd\/wp-json\/wp\/v2\/types\/page"}],"author":[{"embeddable":true,"href":"https:\/\/definition.nanninga.me\/fd\/wp-json\/wp\/v2\/users\/1"}],"replies":[{"embeddable":true,"href":"https:\/\/definition.nanninga.me\/fd\/wp-json\/wp\/v2\/comments?post=647"}],"version-history":[{"count":18,"href":"https:\/\/definition.nanninga.me\/fd\/wp-json\/wp\/v2\/pages\/647\/revisions"}],"predecessor-version":[{"id":2306,"href":"https:\/\/definition.nanninga.me\/fd\/wp-json\/wp\/v2\/pages\/647\/revisions\/2306"}],"up":[{"embeddable":true,"href":"https:\/\/definition.nanninga.me\/fd\/wp-json\/wp\/v2\/pages\/679"}],"wp:attachment":[{"href":"https:\/\/definition.nanninga.me\/fd\/wp-json\/wp\/v2\/media?parent=647"}],"curies":[{"name":"wp","href":"https:\/\/api.w.org\/{rel}","templated":true}]}}