{"id":640,"date":"2018-10-22T20:58:11","date_gmt":"2018-10-22T18:58:11","guid":{"rendered":"http:\/\/definition.nanninga.myds.me\/?page_id=640"},"modified":"2021-12-07T21:12:17","modified_gmt":"2021-12-07T20:12:17","slug":"13-spin-chain-thru","status":"publish","type":"page","link":"https:\/\/definition.nanninga.me\/fd\/ms-11-17\/13-spin-chain-thru\/","title":{"rendered":"16. Spin Chain Thru"},"content":{"rendered":"<ul>\n<li>Immer aus 2 parallelen Ocean Waves. Sofern die Ocean Wave noch nicht gebildet wurde, als erstes ein Step to an Ocean Wave<\/li>\n<li>Schritt 1: Trade der \u00e4u\u00dferen mit den inneren T\u00e4nzern; F\u00fcr den, der nun au\u00dfen steht ist der Call bereits beendet (Der Caller kann aber zus\u00e4tzliche Aktionen f\u00fcr diese T\u00e4nzer ansagen, w\u00e4hrend die anderen den Call noch beenden<\/li>\n<li>Schritt 2: Cast Off 3\/4 an der Mini-Wave Handhaltung (vorw\u00e4rts). Es bildet sich eine Ocean Wave durch die Mitte des Squares. Die \u00e4u\u00dferen T\u00e4nzer diese Ocean Wave m\u00fcssen nun warten (nicht drehen)<\/li>\n<li>Schritt 3: Die inneren T\u00e4nzer der Ocean Wave machen ein Trade (an der Mini-Wave Handhaltung)<\/li>\n<li>Schritt 4: Nun machen die inneren T\u00e4nzer mit den wartenden \u00e4u\u00dferen T\u00e4nzer wieder ein Cast Off 3\/4 an der Mini-Wave Handhaltung<\/li>\n<\/ul>\n<div style=\"width: 640px;\" class=\"wp-video\"><video class=\"wp-video-shortcode\" id=\"video-640-1\" width=\"640\" height=\"480\" preload=\"metadata\" controls=\"controls\"><source type=\"video\/mp4\" src=\"https:\/\/definition.nanninga.me\/wp-content\/uploads\/2019\/02\/M16-Spin-chain-thru.mp4?_=1\" \/><a href=\"https:\/\/definition.nanninga.me\/wp-content\/uploads\/2019\/02\/M16-Spin-chain-thru.mp4\">https:\/\/definition.nanninga.me\/wp-content\/uploads\/2019\/02\/M16-Spin-chain-thru.mp4<\/a><\/video><\/div>\n<div class=\"full\"><\/div>\n<ul>\n<li class=\"copyright\">Im Film wird der Call nur aus einer Right-Hand Ocean Wave gezeigt. Es geht jedoch auch alles aus einer Left-Hand Ocean Wave. Daher merkt Euch NICHT &#8222;rechte oder linke Hand&#8220;, sondern den Ablauf: Trade; Cast Off 3\/4 (nur 4 T\u00e4nzer); Trade in der Mitte (nur noch 2 T\u00e4nzer); dann wieder Cast off 3\/4 (4 T\u00e4nzer)<\/li>\n<\/ul>\n<p>&nbsp;<\/p>\n<p>&nbsp;<\/p>\n<div class=\"pdfprnt-buttons pdfprnt-buttons-page pdfprnt-bottom-left\"><a href=\"https:\/\/definition.nanninga.me\/fd\/wp-json\/wp\/v2\/pages\/640?print=print\" class=\"pdfprnt-button pdfprnt-button-print\" target=\"_blank\" ><img decoding=\"async\" src=\"https:\/\/definition.nanninga.me\/wp-content\/plugins\/pdf-print\/images\/print.png\" alt=\"image_print\" title=\"Inhalt drucken\" \/><span class=\"pdfprnt-button-title pdfprnt-button-print-title\">Print Page<\/span><\/a><\/div>","protected":false},"excerpt":{"rendered":"<p>Immer aus 2 parallelen Ocean Waves. Sofern die Ocean Wave noch nicht gebildet wurde, als erstes ein Step to an Ocean Wave Schritt 1: Trade der \u00e4u\u00dferen mit den inneren T\u00e4nzern; F\u00fcr den, der nun au\u00dfen steht ist der Call <span class=\"excerpt-dots\">&hellip;<\/span> <a class=\"more-link\" href=\"https:\/\/definition.nanninga.me\/fd\/ms-11-17\/13-spin-chain-thru\/\"><span class=\"more-msg\">Weiterlesen &rarr;<\/span><\/a><\/p>\n","protected":false},"author":1,"featured_media":0,"parent":679,"menu_order":0,"comment_status":"closed","ping_status":"closed","template":"","meta":{"footnotes":""},"class_list":["post-640","page","type-page","status-publish","hentry"],"translation":{"provider":"WPGlobus","version":"3.0.2","language":"fd","enabled_languages":["de","en","fd"],"languages":{"de":{"title":true,"content":true,"excerpt":false},"en":{"title":true,"content":true,"excerpt":false},"fd":{"title":true,"content":true,"excerpt":false}}},"_links":{"self":[{"href":"https:\/\/definition.nanninga.me\/fd\/wp-json\/wp\/v2\/pages\/640","targetHints":{"allow":["GET"]}}],"collection":[{"href":"https:\/\/definition.nanninga.me\/fd\/wp-json\/wp\/v2\/pages"}],"about":[{"href":"https:\/\/definition.nanninga.me\/fd\/wp-json\/wp\/v2\/types\/page"}],"author":[{"embeddable":true,"href":"https:\/\/definition.nanninga.me\/fd\/wp-json\/wp\/v2\/users\/1"}],"replies":[{"embeddable":true,"href":"https:\/\/definition.nanninga.me\/fd\/wp-json\/wp\/v2\/comments?post=640"}],"version-history":[{"count":18,"href":"https:\/\/definition.nanninga.me\/fd\/wp-json\/wp\/v2\/pages\/640\/revisions"}],"predecessor-version":[{"id":2301,"href":"https:\/\/definition.nanninga.me\/fd\/wp-json\/wp\/v2\/pages\/640\/revisions\/2301"}],"up":[{"embeddable":true,"href":"https:\/\/definition.nanninga.me\/fd\/wp-json\/wp\/v2\/pages\/679"}],"wp:attachment":[{"href":"https:\/\/definition.nanninga.me\/fd\/wp-json\/wp\/v2\/media?parent=640"}],"curies":[{"name":"wp","href":"https:\/\/api.w.org\/{rel}","templated":true}]}}