{"id":632,"date":"2018-10-22T20:44:13","date_gmt":"2018-10-22T18:44:13","guid":{"rendered":"http:\/\/definition.nanninga.myds.me\/?page_id=632"},"modified":"2021-12-07T21:07:43","modified_gmt":"2021-12-07T20:07:43","slug":"12-dixie-style-to-an-ocean-wave","status":"publish","type":"page","link":"https:\/\/definition.nanninga.me\/fd\/ms-11-17\/12-dixie-style-to-an-ocean-wave\/","title":{"rendered":"15. Dixie Style to an Ocean Wave"},"content":{"rendered":"<ul>\n<li>Wird von 2 Paaren (Boy, Girl egal) die sich ansehen ausgef\u00fchrt; oder von 2 Tandems (je ein T\u00e4nzer vor dem anderen) die sich ansehen<\/li>\n<li>Wenn noch kein Tandem, dann bildet man dieses, indem der linke T\u00e4nzer vor den anderen tritt<\/li>\n<li>Die vorderen T\u00e4nzer: Pull By (mit rechter Hand)<\/li>\n<li>Dann mit den \u00e4u\u00dferen T\u00e4nzern ein LEFT Touch 1\/4<\/li>\n<li>Ergebnis: Links-H\u00e4ndige Ocean Wave<\/li>\n<\/ul>\n<div style=\"width: 640px;\" class=\"wp-video\"><video class=\"wp-video-shortcode\" id=\"video-632-1\" width=\"640\" height=\"480\" preload=\"metadata\" controls=\"controls\"><source type=\"video\/mp4\" src=\"https:\/\/definition.nanninga.me\/wp-content\/uploads\/2019\/02\/M15-Dixie-Style-to-an-OW.mp4?_=1\" \/><a href=\"https:\/\/definition.nanninga.me\/wp-content\/uploads\/2019\/02\/M15-Dixie-Style-to-an-OW.mp4\">https:\/\/definition.nanninga.me\/wp-content\/uploads\/2019\/02\/M15-Dixie-Style-to-an-OW.mp4<\/a><\/video><\/div>\n<p>Dieses Kommando kann auch als Reverse Dixie Style to an Ocean Wave getanzt werden: Rechte T\u00e4nzer treten vor die linken; LEFT Pull By, Touch 1\/4 (mit Rechts) &#8230; ergibt eine Right Hand Ocean Wave<\/p>\n<div class=\"full\">\n<div style=\"width: 332px;\" class=\"wp-video\"><video class=\"wp-video-shortcode\" id=\"video-632-2\" width=\"332\" height=\"304\" preload=\"metadata\" controls=\"controls\"><source type=\"video\/mp4\" src=\"https:\/\/definition.nanninga.me\/wp-content\/uploads\/2019\/02\/M15-Reverse-Dixie-Style.mp4?_=2\" \/><a href=\"https:\/\/definition.nanninga.me\/wp-content\/uploads\/2019\/02\/M15-Reverse-Dixie-Style.mp4\">https:\/\/definition.nanninga.me\/wp-content\/uploads\/2019\/02\/M15-Reverse-Dixie-Style.mp4<\/a><\/video><\/div>\n<\/div>\n<div class=\"pdfprnt-buttons pdfprnt-buttons-page pdfprnt-bottom-left\"><a href=\"https:\/\/definition.nanninga.me\/fd\/wp-json\/wp\/v2\/pages\/632?print=print\" class=\"pdfprnt-button pdfprnt-button-print\" target=\"_blank\" ><img decoding=\"async\" src=\"https:\/\/definition.nanninga.me\/wp-content\/plugins\/pdf-print\/images\/print.png\" alt=\"image_print\" title=\"Inhalt drucken\" \/><span class=\"pdfprnt-button-title pdfprnt-button-print-title\">Print Page<\/span><\/a><\/div>","protected":false},"excerpt":{"rendered":"<p>Wird von 2 Paaren (Boy, Girl egal) die sich ansehen ausgef\u00fchrt; oder von 2 Tandems (je ein T\u00e4nzer vor dem anderen) die sich ansehen Wenn noch kein Tandem, dann bildet man dieses, indem der linke T\u00e4nzer vor den anderen tritt <span class=\"excerpt-dots\">&hellip;<\/span> <a class=\"more-link\" href=\"https:\/\/definition.nanninga.me\/fd\/ms-11-17\/12-dixie-style-to-an-ocean-wave\/\"><span class=\"more-msg\">Weiterlesen &rarr;<\/span><\/a><\/p>\n","protected":false},"author":1,"featured_media":0,"parent":679,"menu_order":0,"comment_status":"closed","ping_status":"closed","template":"","meta":{"footnotes":""},"class_list":["post-632","page","type-page","status-publish","hentry"],"translation":{"provider":"WPGlobus","version":"3.0.2","language":"fd","enabled_languages":["de","en","fd"],"languages":{"de":{"title":true,"content":true,"excerpt":false},"en":{"title":true,"content":true,"excerpt":false},"fd":{"title":true,"content":true,"excerpt":false}}},"_links":{"self":[{"href":"https:\/\/definition.nanninga.me\/fd\/wp-json\/wp\/v2\/pages\/632","targetHints":{"allow":["GET"]}}],"collection":[{"href":"https:\/\/definition.nanninga.me\/fd\/wp-json\/wp\/v2\/pages"}],"about":[{"href":"https:\/\/definition.nanninga.me\/fd\/wp-json\/wp\/v2\/types\/page"}],"author":[{"embeddable":true,"href":"https:\/\/definition.nanninga.me\/fd\/wp-json\/wp\/v2\/users\/1"}],"replies":[{"embeddable":true,"href":"https:\/\/definition.nanninga.me\/fd\/wp-json\/wp\/v2\/comments?post=632"}],"version-history":[{"count":19,"href":"https:\/\/definition.nanninga.me\/fd\/wp-json\/wp\/v2\/pages\/632\/revisions"}],"predecessor-version":[{"id":2299,"href":"https:\/\/definition.nanninga.me\/fd\/wp-json\/wp\/v2\/pages\/632\/revisions\/2299"}],"up":[{"embeddable":true,"href":"https:\/\/definition.nanninga.me\/fd\/wp-json\/wp\/v2\/pages\/679"}],"wp:attachment":[{"href":"https:\/\/definition.nanninga.me\/fd\/wp-json\/wp\/v2\/media?parent=632"}],"curies":[{"name":"wp","href":"https:\/\/api.w.org\/{rel}","templated":true}]}}