{"id":626,"date":"2018-10-22T20:29:37","date_gmt":"2018-10-22T18:29:37","guid":{"rendered":"http:\/\/definition.nanninga.myds.me\/?page_id=626"},"modified":"2021-12-07T21:00:56","modified_gmt":"2021-12-07T20:00:56","slug":"11-fold-cross-fold","status":"publish","type":"page","link":"https:\/\/definition.nanninga.me\/fd\/ms-11-17\/11-fold-cross-fold\/","title":{"rendered":"14. Fold \/ Cross Fold"},"content":{"rendered":"<div class=\"full\">\n<p><strong>1. FOLD<\/strong><\/p>\n<ul>\n<li>Es m\u00fcssen 2 T\u00e4nzer Schulter an Schulter stehen<\/li>\n<li>Der ANGESPROCHENE T\u00e4nzer geht einen Halbkreis VORW\u00c4RTS<\/li>\n<li>Der andere macht NICHTS<\/li>\n<li>Wenn mehrere T\u00e4nzer nebeneinander stehen und nichts angesagt wird, gehen die ENDS in Richtung Centers und umgekehrt<\/li>\n<\/ul>\n<div style=\"width: 640px;\" class=\"wp-video\"><video class=\"wp-video-shortcode\" id=\"video-626-1\" width=\"640\" height=\"480\" preload=\"metadata\" controls=\"controls\"><source type=\"video\/mp4\" src=\"https:\/\/definition.nanninga.me\/wp-content\/uploads\/2019\/02\/M14-Fold.mp4?_=1\" \/><a href=\"https:\/\/definition.nanninga.me\/wp-content\/uploads\/2019\/02\/M14-Fold.mp4\">https:\/\/definition.nanninga.me\/wp-content\/uploads\/2019\/02\/M14-Fold.mp4<\/a><\/video><\/div>\n<p><strong>2. Cross Fold<\/strong><\/p>\n<ul>\n<li>Es m\u00fcssen 4 T\u00e4nzer nebeneinander stehen (z.B in Linie, Ocean Wave oder 2-Faced Line)<\/li>\n<li>Der angesprochene T\u00e4nzer geht zu dem f\u00fcr ihn am weitesten entfernten T\u00e4nzer in einem Halbkreis vorw\u00e4rts. Kommt jemand entgegen: rechtsschultrig passieren<\/li>\n<\/ul>\n<div style=\"width: 332px;\" class=\"wp-video\"><video class=\"wp-video-shortcode\" id=\"video-626-2\" width=\"332\" height=\"304\" preload=\"metadata\" controls=\"controls\"><source type=\"video\/mp4\" src=\"https:\/\/definition.nanninga.me\/wp-content\/uploads\/2019\/02\/M14-Cross-Fold.mp4?_=2\" \/><a href=\"https:\/\/definition.nanninga.me\/wp-content\/uploads\/2019\/02\/M14-Cross-Fold.mp4\">https:\/\/definition.nanninga.me\/wp-content\/uploads\/2019\/02\/M14-Cross-Fold.mp4<\/a><\/video><\/div>\n<\/div>\n<div class=\"pdfprnt-buttons pdfprnt-buttons-page pdfprnt-bottom-left\"><a href=\"https:\/\/definition.nanninga.me\/fd\/wp-json\/wp\/v2\/pages\/626?print=print\" class=\"pdfprnt-button pdfprnt-button-print\" target=\"_blank\" ><img decoding=\"async\" src=\"https:\/\/definition.nanninga.me\/wp-content\/plugins\/pdf-print\/images\/print.png\" alt=\"image_print\" title=\"Inhalt drucken\" \/><span class=\"pdfprnt-button-title pdfprnt-button-print-title\">Print Page<\/span><\/a><\/div>","protected":false},"excerpt":{"rendered":"<p>1. FOLD Es m\u00fcssen 2 T\u00e4nzer Schulter an Schulter stehen Der ANGESPROCHENE T\u00e4nzer geht einen Halbkreis VORW\u00c4RTS Der andere macht NICHTS Wenn mehrere T\u00e4nzer nebeneinander stehen und nichts angesagt wird, gehen die ENDS in Richtung Centers und umgekehrt 2. Cross <span class=\"excerpt-dots\">&hellip;<\/span> <a class=\"more-link\" href=\"https:\/\/definition.nanninga.me\/fd\/ms-11-17\/11-fold-cross-fold\/\"><span class=\"more-msg\">Weiterlesen &rarr;<\/span><\/a><\/p>\n","protected":false},"author":1,"featured_media":0,"parent":679,"menu_order":0,"comment_status":"closed","ping_status":"closed","template":"","meta":{"footnotes":""},"class_list":["post-626","page","type-page","status-publish","hentry"],"translation":{"provider":"WPGlobus","version":"3.0.2","language":"fd","enabled_languages":["de","en","fd"],"languages":{"de":{"title":true,"content":true,"excerpt":false},"en":{"title":true,"content":true,"excerpt":false},"fd":{"title":true,"content":true,"excerpt":false}}},"_links":{"self":[{"href":"https:\/\/definition.nanninga.me\/fd\/wp-json\/wp\/v2\/pages\/626","targetHints":{"allow":["GET"]}}],"collection":[{"href":"https:\/\/definition.nanninga.me\/fd\/wp-json\/wp\/v2\/pages"}],"about":[{"href":"https:\/\/definition.nanninga.me\/fd\/wp-json\/wp\/v2\/types\/page"}],"author":[{"embeddable":true,"href":"https:\/\/definition.nanninga.me\/fd\/wp-json\/wp\/v2\/users\/1"}],"replies":[{"embeddable":true,"href":"https:\/\/definition.nanninga.me\/fd\/wp-json\/wp\/v2\/comments?post=626"}],"version-history":[{"count":19,"href":"https:\/\/definition.nanninga.me\/fd\/wp-json\/wp\/v2\/pages\/626\/revisions"}],"predecessor-version":[{"id":2297,"href":"https:\/\/definition.nanninga.me\/fd\/wp-json\/wp\/v2\/pages\/626\/revisions\/2297"}],"up":[{"embeddable":true,"href":"https:\/\/definition.nanninga.me\/fd\/wp-json\/wp\/v2\/pages\/679"}],"wp:attachment":[{"href":"https:\/\/definition.nanninga.me\/fd\/wp-json\/wp\/v2\/media?parent=626"}],"curies":[{"name":"wp","href":"https:\/\/api.w.org\/{rel}","templated":true}]}}