{"id":610,"date":"2018-10-22T19:44:16","date_gmt":"2018-10-22T17:44:16","guid":{"rendered":"http:\/\/definition.nanninga.myds.me\/?page_id=610"},"modified":"2021-12-07T20:46:16","modified_gmt":"2021-12-07T19:46:16","slug":"09-walk-and-dodge","status":"publish","type":"page","link":"https:\/\/definition.nanninga.me\/fd\/ms-11-17\/09-walk-and-dodge\/","title":{"rendered":"12. Walk And Dodge"},"content":{"rendered":"<ul>\n<li>Einige T\u00e4nzer vorw\u00e4rts auf Platz des T\u00e4nzers vor sich<\/li>\n<li>Die anderen gehen seitw\u00e4rts, auf den Platz, den der andere frei macht<\/li>\n<li>Bei einer Box Formation gehen die T\u00e4nzer, die\u00a0 jemanden auf den R\u00fccken sehen vorw\u00e4rts<\/li>\n<li>Aus Linien MUSS der Caller ansagen, wer vorw\u00e4rts, bzw seitw\u00e4rts geht<\/li>\n<\/ul>\n<div class=\"full\">\n<div style=\"width: 640px;\" class=\"wp-video\"><video class=\"wp-video-shortcode\" id=\"video-610-1\" width=\"640\" height=\"480\" preload=\"metadata\" controls=\"controls\"><source type=\"video\/mp4\" src=\"https:\/\/definition.nanninga.me\/wp-content\/uploads\/2019\/02\/M12-Walk-and-dodge.mp4?_=1\" \/><a href=\"https:\/\/definition.nanninga.me\/wp-content\/uploads\/2019\/02\/M12-Walk-and-dodge.mp4\">https:\/\/definition.nanninga.me\/wp-content\/uploads\/2019\/02\/M12-Walk-and-dodge.mp4<\/a><\/video><\/div>\n<\/div>\n<div><\/div>\n<div>In dem Film wird die h\u00e4ufigste Anwendung des Calls gezeigt &#8211; n\u00e4mlich Walk &amp; Dodge aus einer Box (bzw 2. Mini-Waves).<\/div>\n<div>Es ist jedoch auch m\u00f6glich Walk &amp; Dodge anzusagen, wenn sich 2 Paare ansehen (Boy\/Girl egal). Dann muss der Caller sagen, wer den Walk Teil (vorw\u00e4rtsgehen) und wer den Dodge Teil (seitw\u00e4rts gehen) ausf\u00fchrt. Hier dazu die Animation<\/div>\n<div><\/div>\n<div>\n<div style=\"width: 332px;\" class=\"wp-video\"><video class=\"wp-video-shortcode\" id=\"video-610-2\" width=\"332\" height=\"304\" preload=\"metadata\" controls=\"controls\"><source type=\"video\/mp4\" src=\"https:\/\/definition.nanninga.me\/wp-content\/uploads\/2019\/02\/M12-Walk-and-dodge-anim.mp4?_=2\" \/><a href=\"https:\/\/definition.nanninga.me\/wp-content\/uploads\/2019\/02\/M12-Walk-and-dodge-anim.mp4\">https:\/\/definition.nanninga.me\/wp-content\/uploads\/2019\/02\/M12-Walk-and-dodge-anim.mp4<\/a><\/video><\/div>\n<\/div>\n<div><\/div>\n<div><\/div>\n<div class=\"full\">\n<div><\/div>\n<\/div>\n<p class=\"copyright\">\n<div class=\"pdfprnt-buttons pdfprnt-buttons-page pdfprnt-bottom-left\"><a href=\"https:\/\/definition.nanninga.me\/fd\/wp-json\/wp\/v2\/pages\/610?print=print\" class=\"pdfprnt-button pdfprnt-button-print\" target=\"_blank\" ><img decoding=\"async\" src=\"https:\/\/definition.nanninga.me\/wp-content\/plugins\/pdf-print\/images\/print.png\" alt=\"image_print\" title=\"Inhalt drucken\" \/><span class=\"pdfprnt-button-title pdfprnt-button-print-title\">Print Page<\/span><\/a><\/div>","protected":false},"excerpt":{"rendered":"<p>Einige T\u00e4nzer vorw\u00e4rts auf Platz des T\u00e4nzers vor sich Die anderen gehen seitw\u00e4rts, auf den Platz, den der andere frei macht Bei einer Box Formation gehen die T\u00e4nzer, die\u00a0 jemanden auf den R\u00fccken sehen vorw\u00e4rts Aus Linien MUSS der Caller <span class=\"excerpt-dots\">&hellip;<\/span> <a class=\"more-link\" href=\"https:\/\/definition.nanninga.me\/fd\/ms-11-17\/09-walk-and-dodge\/\"><span class=\"more-msg\">Weiterlesen &rarr;<\/span><\/a><\/p>\n","protected":false},"author":1,"featured_media":0,"parent":679,"menu_order":0,"comment_status":"closed","ping_status":"closed","template":"","meta":{"footnotes":""},"class_list":["post-610","page","type-page","status-publish","hentry"],"translation":{"provider":"WPGlobus","version":"3.0.2","language":"fd","enabled_languages":["de","en","fd"],"languages":{"de":{"title":true,"content":true,"excerpt":false},"en":{"title":true,"content":true,"excerpt":false},"fd":{"title":true,"content":true,"excerpt":false}}},"_links":{"self":[{"href":"https:\/\/definition.nanninga.me\/fd\/wp-json\/wp\/v2\/pages\/610","targetHints":{"allow":["GET"]}}],"collection":[{"href":"https:\/\/definition.nanninga.me\/fd\/wp-json\/wp\/v2\/pages"}],"about":[{"href":"https:\/\/definition.nanninga.me\/fd\/wp-json\/wp\/v2\/types\/page"}],"author":[{"embeddable":true,"href":"https:\/\/definition.nanninga.me\/fd\/wp-json\/wp\/v2\/users\/1"}],"replies":[{"embeddable":true,"href":"https:\/\/definition.nanninga.me\/fd\/wp-json\/wp\/v2\/comments?post=610"}],"version-history":[{"count":13,"href":"https:\/\/definition.nanninga.me\/fd\/wp-json\/wp\/v2\/pages\/610\/revisions"}],"predecessor-version":[{"id":2293,"href":"https:\/\/definition.nanninga.me\/fd\/wp-json\/wp\/v2\/pages\/610\/revisions\/2293"}],"up":[{"embeddable":true,"href":"https:\/\/definition.nanninga.me\/fd\/wp-json\/wp\/v2\/pages\/679"}],"wp:attachment":[{"href":"https:\/\/definition.nanninga.me\/fd\/wp-json\/wp\/v2\/media?parent=610"}],"curies":[{"name":"wp","href":"https:\/\/api.w.org\/{rel}","templated":true}]}}