{"id":60,"date":"2018-10-19T09:30:19","date_gmt":"2018-10-19T07:30:19","guid":{"rendered":"http:\/\/definition.nanninga.myds.me\/?page_id=60"},"modified":"2026-02-16T14:23:58","modified_gmt":"2026-02-16T13:23:58","slug":"02-forward-and-back","status":"publish","type":"page","link":"https:\/\/definition.nanninga.me\/fd\/basic1\/02-forward-and-back\/","title":{"rendered":"02. Forward and Back"},"content":{"rendered":"<p>Recht einfaches Kommando:<\/p>\n<p><strong>Angesprochene Personen\u00a0<\/strong>gehen kurz vorw\u00e4rts und wieder zur\u00fcck. Die T\u00e4nzer m\u00fcssen dazu immer wissen, wer denn angesprochen ist (Heads, Sides, Boys, Girls, Centers, Ends, Couple #1,2,3,4).<\/p>\n<div style=\"width: 640px;\" class=\"wp-video\"><video class=\"wp-video-shortcode\" id=\"video-60-1\" width=\"640\" height=\"480\" preload=\"metadata\" controls=\"controls\"><source type=\"video\/mp4\" src=\"https:\/\/definition.nanninga.me\/wp-content\/uploads\/2019\/01\/B02-Forward-and-Back.mp4?_=1\" \/><a href=\"https:\/\/definition.nanninga.me\/wp-content\/uploads\/2019\/01\/B02-Forward-and-Back.mp4\">https:\/\/definition.nanninga.me\/wp-content\/uploads\/2019\/01\/B02-Forward-and-Back.mp4<\/a><\/video><\/div>\n<p>&nbsp;<\/p>\n<div>Taminations mit allen m\u00f6glichen Varianten von Forward&amp;Back. Im neuen Mainstream wird Forward&amp;Back nicht mehr als separate Figur gef\u00fchrt, sondern als einfacher englischer Ausdruck betrachtet, den jeder verstehen kann. Dies wird irgendwo im allgemeinen Text der Definitionen enthalten sein.<\/div>\n<div><\/div>\n<p><iframe loading=\"lazy\" style=\"border: 1px solid #ccc; border-radius: 8px;\" title=\"Taminations Square Dance Animation\" src=\"https:\/\/www.tamtwirlers.org\/taminations\/#\/?level=Basic+1&amp;animnum=2&amp;animname=HeadsForwardandBack&amp;link=b1\/forward_and_back&amp;main=ANIMATIONS&amp;detail=CALLS\" width=\"100%\" height=\"600\"><\/iframe><\/p>\n<p>Hier die Animation der Saddlebrook Squares<\/p>\n<p><iframe loading=\"lazy\" title=\"YouTube video player\" src=\"https:\/\/www.youtube.com\/embed\/p-wDn9QRjJ0?si=FfMY_aGF2OrRVC4O&amp;clip=Ugkx_-2lEY9ei1eurneTps4kecfFOwxijEPD&amp;clipt=EMDgBxiX2gk\" width=\"560\" height=\"315\" frameborder=\"0\" allowfullscreen=\"allowfullscreen\"><\/iframe><\/p>\n<div class=\"pdfprnt-buttons pdfprnt-buttons-page pdfprnt-bottom-left\"><a href=\"https:\/\/definition.nanninga.me\/fd\/wp-json\/wp\/v2\/pages\/60?print=print\" class=\"pdfprnt-button pdfprnt-button-print\" target=\"_blank\" ><img decoding=\"async\" src=\"https:\/\/definition.nanninga.me\/wp-content\/plugins\/pdf-print\/images\/print.png\" alt=\"image_print\" title=\"Inhalt drucken\" \/><span class=\"pdfprnt-button-title pdfprnt-button-print-title\">Print Page<\/span><\/a><\/div>","protected":false},"excerpt":{"rendered":"<p>Recht einfaches Kommando: Angesprochene Personen\u00a0gehen kurz vorw\u00e4rts und wieder zur\u00fcck. Die T\u00e4nzer m\u00fcssen dazu immer wissen, wer denn angesprochen ist (Heads, Sides, Boys, Girls, Centers, Ends, Couple #1,2,3,4). &nbsp; Taminations mit allen m\u00f6glichen Varianten von Forward&amp;Back. Im neuen Mainstream wird <span class=\"excerpt-dots\">&hellip;<\/span> <a class=\"more-link\" href=\"https:\/\/definition.nanninga.me\/fd\/basic1\/02-forward-and-back\/\"><span class=\"more-msg\">Weiterlesen &rarr;<\/span><\/a><\/p>\n","protected":false},"author":1,"featured_media":0,"parent":14,"menu_order":0,"comment_status":"closed","ping_status":"closed","template":"","meta":{"footnotes":""},"class_list":["post-60","page","type-page","status-publish","hentry"],"translation":{"provider":"WPGlobus","version":"3.0.2","language":"fd","enabled_languages":["de","en","fd"],"languages":{"de":{"title":true,"content":true,"excerpt":false},"en":{"title":true,"content":true,"excerpt":false},"fd":{"title":false,"content":true,"excerpt":false}}},"_links":{"self":[{"href":"https:\/\/definition.nanninga.me\/fd\/wp-json\/wp\/v2\/pages\/60","targetHints":{"allow":["GET"]}}],"collection":[{"href":"https:\/\/definition.nanninga.me\/fd\/wp-json\/wp\/v2\/pages"}],"about":[{"href":"https:\/\/definition.nanninga.me\/fd\/wp-json\/wp\/v2\/types\/page"}],"author":[{"embeddable":true,"href":"https:\/\/definition.nanninga.me\/fd\/wp-json\/wp\/v2\/users\/1"}],"replies":[{"embeddable":true,"href":"https:\/\/definition.nanninga.me\/fd\/wp-json\/wp\/v2\/comments?post=60"}],"version-history":[{"count":20,"href":"https:\/\/definition.nanninga.me\/fd\/wp-json\/wp\/v2\/pages\/60\/revisions"}],"predecessor-version":[{"id":2783,"href":"https:\/\/definition.nanninga.me\/fd\/wp-json\/wp\/v2\/pages\/60\/revisions\/2783"}],"up":[{"embeddable":true,"href":"https:\/\/definition.nanninga.me\/fd\/wp-json\/wp\/v2\/pages\/14"}],"wp:attachment":[{"href":"https:\/\/definition.nanninga.me\/fd\/wp-json\/wp\/v2\/media?parent=60"}],"curies":[{"name":"wp","href":"https:\/\/api.w.org\/{rel}","templated":true}]}}