{"id":595,"date":"2018-10-22T13:30:09","date_gmt":"2018-10-22T11:30:09","guid":{"rendered":"http:\/\/definition.nanninga.myds.me\/?page_id=595"},"modified":"2021-12-08T07:45:36","modified_gmt":"2021-12-08T06:45:36","slug":"14-tag-the-line-family","status":"publish","type":"page","link":"https:\/\/definition.nanninga.me\/fd\/ms-11-17\/14-tag-the-line-family\/","title":{"rendered":"17. Tag the Line Family"},"content":{"rendered":"<ul>\n<li>Die TAG Family ist eng verbunden mit dem Call Extend. Vergleiche dort die diversen Tag Formationen (1\/4 Tag; 1\/2 Tag, 3\/4 Tag, Completed Tag)<\/li>\n<li>Alle Kommandos beginnen damit, dass man sich zur Mitte der momentanen Linie (egal ob normal, 2-Faced oder Ocean Wave dreht). F\u00fcr viele T\u00e4nzer ist es schwierig immer die Mitte dieser Formation zu erkennen. Dies bedarf der \u00dcbung<\/li>\n<\/ul>\n<p><strong>1. Tag the Line (In\/Out\/Left\/Right<\/strong><\/p>\n<ul>\n<li>Erst zur Mitte drehen<\/li>\n<li>Dann Double pass thru<\/li>\n<li>Zuletzt 1\/4 in die angegebene Richtung drehen (rechts, links, nach au\u00dfen, nach innen)<\/li>\n<\/ul>\n<div style=\"width: 640px;\" class=\"wp-video\"><video class=\"wp-video-shortcode\" id=\"video-595-1\" width=\"640\" height=\"480\" preload=\"metadata\" controls=\"controls\"><source type=\"video\/mp4\" src=\"https:\/\/definition.nanninga.me\/wp-content\/uploads\/2019\/02\/M17-Tag-the-line.mp4?_=1\" \/><a href=\"https:\/\/definition.nanninga.me\/wp-content\/uploads\/2019\/02\/M17-Tag-the-line.mp4\">https:\/\/definition.nanninga.me\/wp-content\/uploads\/2019\/02\/M17-Tag-the-line.mp4<\/a><\/video><\/div>\n<p><strong>2. Fraktion (1\/4, 1\/2, 3\/4) Tag<\/strong><\/p>\n<ul>\n<li>Erst zur Mitte drehen<\/li>\n<li>Dann in die angesagte Tag Formation vorw\u00e4rts gehen<\/li>\n<li><strong>Bei 1\/4 Tag<\/strong> bilden die vorderen T\u00e4nzer eine Right Hand Ocean Wave in der Mitte des Squares; die anderen beiden r\u00fccken zusammen. Ergibt eine Quarter Tag Formation<\/li>\n<\/ul>\n<div style=\"width: 332px;\" class=\"wp-video\"><video class=\"wp-video-shortcode\" id=\"video-595-2\" width=\"332\" height=\"304\" preload=\"metadata\" controls=\"controls\"><source type=\"video\/mp4\" src=\"https:\/\/definition.nanninga.me\/wp-content\/uploads\/2019\/02\/M17-Quarter-Tag.mp4?_=2\" \/><a href=\"https:\/\/definition.nanninga.me\/wp-content\/uploads\/2019\/02\/M17-Quarter-Tag.mp4\">https:\/\/definition.nanninga.me\/wp-content\/uploads\/2019\/02\/M17-Quarter-Tag.mp4<\/a><\/video><\/div>\n<ul>\n<li>Bei <strong>1\/2 Tag<\/strong> passieren sich die vorderen T\u00e4nzer und bilden mit den \u00e4u\u00dferen T\u00e4nzern eine Ocean Wave<\/li>\n<\/ul>\n<div style=\"width: 640px;\" class=\"wp-video\"><video class=\"wp-video-shortcode\" id=\"video-595-3\" width=\"640\" height=\"480\" preload=\"metadata\" controls=\"controls\"><source type=\"video\/mp4\" src=\"https:\/\/definition.nanninga.me\/wp-content\/uploads\/2019\/02\/M17-Half-Tag.mp4?_=3\" \/><a href=\"https:\/\/definition.nanninga.me\/wp-content\/uploads\/2019\/02\/M17-Half-Tag.mp4\">https:\/\/definition.nanninga.me\/wp-content\/uploads\/2019\/02\/M17-Half-Tag.mp4<\/a><\/video><\/div>\n<ul>\n<li>Bei <strong>3\/4<\/strong> Tag passieren die vorderen 2 T\u00e4nzer, die anderen nur 1 und bilden eine Right Hand Ocean Wave in der Mitte des Squares. Ergibt eine 3\/4 Tag Formation<\/li>\n<\/ul>\n<div style=\"width: 332px;\" class=\"wp-video\"><video class=\"wp-video-shortcode\" id=\"video-595-4\" width=\"332\" height=\"304\" preload=\"metadata\" controls=\"controls\"><source type=\"video\/mp4\" src=\"https:\/\/definition.nanninga.me\/wp-content\/uploads\/2019\/02\/M17-3Quarter-Tag.mp4?_=4\" \/><a href=\"https:\/\/definition.nanninga.me\/wp-content\/uploads\/2019\/02\/M17-3Quarter-Tag.mp4\">https:\/\/definition.nanninga.me\/wp-content\/uploads\/2019\/02\/M17-3Quarter-Tag.mp4<\/a><\/video><\/div>\n<p>&nbsp;<\/p>\n<div class=\"pdfprnt-buttons pdfprnt-buttons-page pdfprnt-bottom-left\"><a href=\"https:\/\/definition.nanninga.me\/fd\/wp-json\/wp\/v2\/pages\/595?print=print\" class=\"pdfprnt-button pdfprnt-button-print\" target=\"_blank\" ><img decoding=\"async\" src=\"https:\/\/definition.nanninga.me\/wp-content\/plugins\/pdf-print\/images\/print.png\" alt=\"image_print\" title=\"Inhalt drucken\" \/><span class=\"pdfprnt-button-title pdfprnt-button-print-title\">Print Page<\/span><\/a><\/div>","protected":false},"excerpt":{"rendered":"<p>Die TAG Family ist eng verbunden mit dem Call Extend. Vergleiche dort die diversen Tag Formationen (1\/4 Tag; 1\/2 Tag, 3\/4 Tag, Completed Tag) Alle Kommandos beginnen damit, dass man sich zur Mitte der momentanen Linie (egal ob normal, 2-Faced <span class=\"excerpt-dots\">&hellip;<\/span> <a class=\"more-link\" href=\"https:\/\/definition.nanninga.me\/fd\/ms-11-17\/14-tag-the-line-family\/\"><span class=\"more-msg\">Weiterlesen &rarr;<\/span><\/a><\/p>\n","protected":false},"author":1,"featured_media":0,"parent":679,"menu_order":0,"comment_status":"closed","ping_status":"closed","template":"","meta":{"footnotes":""},"class_list":["post-595","page","type-page","status-publish","hentry"],"translation":{"provider":"WPGlobus","version":"3.0.2","language":"fd","enabled_languages":["de","en","fd"],"languages":{"de":{"title":true,"content":true,"excerpt":false},"en":{"title":true,"content":true,"excerpt":false},"fd":{"title":true,"content":true,"excerpt":false}}},"_links":{"self":[{"href":"https:\/\/definition.nanninga.me\/fd\/wp-json\/wp\/v2\/pages\/595","targetHints":{"allow":["GET"]}}],"collection":[{"href":"https:\/\/definition.nanninga.me\/fd\/wp-json\/wp\/v2\/pages"}],"about":[{"href":"https:\/\/definition.nanninga.me\/fd\/wp-json\/wp\/v2\/types\/page"}],"author":[{"embeddable":true,"href":"https:\/\/definition.nanninga.me\/fd\/wp-json\/wp\/v2\/users\/1"}],"replies":[{"embeddable":true,"href":"https:\/\/definition.nanninga.me\/fd\/wp-json\/wp\/v2\/comments?post=595"}],"version-history":[{"count":17,"href":"https:\/\/definition.nanninga.me\/fd\/wp-json\/wp\/v2\/pages\/595\/revisions"}],"predecessor-version":[{"id":2304,"href":"https:\/\/definition.nanninga.me\/fd\/wp-json\/wp\/v2\/pages\/595\/revisions\/2304"}],"up":[{"embeddable":true,"href":"https:\/\/definition.nanninga.me\/fd\/wp-json\/wp\/v2\/pages\/679"}],"wp:attachment":[{"href":"https:\/\/definition.nanninga.me\/fd\/wp-json\/wp\/v2\/media?parent=595"}],"curies":[{"name":"wp","href":"https:\/\/api.w.org\/{rel}","templated":true}]}}