{"id":589,"date":"2018-10-22T13:07:21","date_gmt":"2018-10-22T11:07:21","guid":{"rendered":"http:\/\/definition.nanninga.myds.me\/?page_id=589"},"modified":"2021-12-08T07:58:16","modified_gmt":"2021-12-08T06:58:16","slug":"17-recycle-from-a-wave-only","status":"publish","type":"page","link":"https:\/\/definition.nanninga.me\/fd\/ms-11-17\/17-recycle-from-a-wave-only\/","title":{"rendered":"Recycle (NUR aus einer Wave)"},"content":{"rendered":"<ul>\n<li>Die Beschreibung von Recycle ist schwierig. Man lernt es am besten, indem man die Bewegung sieht.<\/li>\n<li>Achtet auf folgendes:\n<ul>\n<li>Die \u00e4u\u00dferen T\u00e4nzer machen ein Cross FOLD<\/li>\n<li>Die inneren T\u00e4nzer gehen einen 360 Grad Kreis praktisch auf der Stelle<\/li>\n<li>Dabei auf die gezeigten Handhaltungen achten<\/li>\n<li>Endet immer in Paaren, die sich ansehen<\/li>\n<\/ul>\n<\/li>\n<\/ul>\n<div style=\"width: 640px;\" class=\"wp-video\"><video class=\"wp-video-shortcode\" id=\"video-589-1\" width=\"640\" height=\"480\" preload=\"metadata\" controls=\"controls\"><source type=\"video\/mp4\" src=\"https:\/\/definition.nanninga.me\/wp-content\/uploads\/2019\/02\/M19-Recycle.mp4?_=1\" \/><a href=\"https:\/\/definition.nanninga.me\/wp-content\/uploads\/2019\/02\/M19-Recycle.mp4\">https:\/\/definition.nanninga.me\/wp-content\/uploads\/2019\/02\/M19-Recycle.mp4<\/a><\/video><\/div>\n<ul>\n<li>Im Film immer aus einer Right-Hand Wave<\/li>\n<\/ul>\n<p>In der Animation wird das Recycle noch aus einer Left Hand Wave gezeigt.<\/p>\n<div style=\"width: 332px;\" class=\"wp-video\"><video class=\"wp-video-shortcode\" id=\"video-589-2\" width=\"332\" height=\"304\" preload=\"metadata\" controls=\"controls\"><source type=\"video\/mp4\" src=\"https:\/\/definition.nanninga.me\/wp-content\/uploads\/2019\/02\/M19-Recycle-anim.mp4?_=2\" \/><a href=\"https:\/\/definition.nanninga.me\/wp-content\/uploads\/2019\/02\/M19-Recycle-anim.mp4\">https:\/\/definition.nanninga.me\/wp-content\/uploads\/2019\/02\/M19-Recycle-anim.mp4<\/a><\/video><\/div>\n<p>&nbsp;<\/p>\n<p>Anmerkung: Nach einem Recycle erfolgt oft auch ein Sweep 1\/4 (siehe dort)<\/p>\n<div class=\"pdfprnt-buttons pdfprnt-buttons-page pdfprnt-bottom-left\"><a href=\"https:\/\/definition.nanninga.me\/fd\/wp-json\/wp\/v2\/pages\/589?print=print\" class=\"pdfprnt-button pdfprnt-button-print\" target=\"_blank\" ><img decoding=\"async\" src=\"https:\/\/definition.nanninga.me\/wp-content\/plugins\/pdf-print\/images\/print.png\" alt=\"image_print\" title=\"Inhalt drucken\" \/><span class=\"pdfprnt-button-title pdfprnt-button-print-title\">Print Page<\/span><\/a><\/div>","protected":false},"excerpt":{"rendered":"<p>Die Beschreibung von Recycle ist schwierig. Man lernt es am besten, indem man die Bewegung sieht. Achtet auf folgendes: Die \u00e4u\u00dferen T\u00e4nzer machen ein Cross FOLD Die inneren T\u00e4nzer gehen einen 360 Grad Kreis praktisch auf der Stelle Dabei auf <span class=\"excerpt-dots\">&hellip;<\/span> <a class=\"more-link\" href=\"https:\/\/definition.nanninga.me\/fd\/ms-11-17\/17-recycle-from-a-wave-only\/\"><span class=\"more-msg\">Weiterlesen &rarr;<\/span><\/a><\/p>\n","protected":false},"author":1,"featured_media":0,"parent":679,"menu_order":0,"comment_status":"closed","ping_status":"closed","template":"","meta":{"footnotes":""},"class_list":["post-589","page","type-page","status-publish","hentry"],"translation":{"provider":"WPGlobus","version":"3.0.2","language":"fd","enabled_languages":["de","en","fd"],"languages":{"de":{"title":true,"content":true,"excerpt":false},"en":{"title":true,"content":true,"excerpt":false},"fd":{"title":true,"content":true,"excerpt":false}}},"_links":{"self":[{"href":"https:\/\/definition.nanninga.me\/fd\/wp-json\/wp\/v2\/pages\/589","targetHints":{"allow":["GET"]}}],"collection":[{"href":"https:\/\/definition.nanninga.me\/fd\/wp-json\/wp\/v2\/pages"}],"about":[{"href":"https:\/\/definition.nanninga.me\/fd\/wp-json\/wp\/v2\/types\/page"}],"author":[{"embeddable":true,"href":"https:\/\/definition.nanninga.me\/fd\/wp-json\/wp\/v2\/users\/1"}],"replies":[{"embeddable":true,"href":"https:\/\/definition.nanninga.me\/fd\/wp-json\/wp\/v2\/comments?post=589"}],"version-history":[{"count":18,"href":"https:\/\/definition.nanninga.me\/fd\/wp-json\/wp\/v2\/pages\/589\/revisions"}],"predecessor-version":[{"id":2308,"href":"https:\/\/definition.nanninga.me\/fd\/wp-json\/wp\/v2\/pages\/589\/revisions\/2308"}],"up":[{"embeddable":true,"href":"https:\/\/definition.nanninga.me\/fd\/wp-json\/wp\/v2\/pages\/679"}],"wp:attachment":[{"href":"https:\/\/definition.nanninga.me\/fd\/wp-json\/wp\/v2\/media?parent=589"}],"curies":[{"name":"wp","href":"https:\/\/api.w.org\/{rel}","templated":true}]}}