{"id":575,"date":"2018-10-22T09:02:33","date_gmt":"2018-10-22T07:02:33","guid":{"rendered":"http:\/\/definition.nanninga.myds.me\/?page_id=575"},"modified":"2026-02-15T10:14:32","modified_gmt":"2026-02-15T09:14:32","slug":"07-cast-off-3-4","status":"publish","type":"page","link":"https:\/\/definition.nanninga.me\/fd\/mainstream\/07-cast-off-3-4\/","title":{"rendered":"10. Cast Off 3\/4"},"content":{"rendered":"<ul>\n<li>Beinhaltet 2 verschiedene Ausgangsformationen:\n<ul>\n<li>Aus einer Linie, die nach aussen sieht: 3\/4 Drehung; Drehpunkt: \u00c4ussere Schulter des \u00e4usseren T\u00e4nzers. Endet in Linien, die sich ansehen<\/li>\n<li>Aus eine Min-Wave (bzw. Ocean Wave): An der Mini-Wave Handhaltung 3\/4 vorw\u00e4rts. Handhaltung bleibt die gleich; Drehung geht vorw\u00e4rts (d.h. kann links oder rechts sein)<\/li>\n<\/ul>\n<\/li>\n<\/ul>\n<div style=\"width: 640px;\" class=\"wp-video\"><video class=\"wp-video-shortcode\" id=\"video-575-1\" width=\"640\" height=\"480\" preload=\"metadata\" controls=\"controls\"><source type=\"video\/mp4\" src=\"https:\/\/definition.nanninga.me\/wp-content\/uploads\/2019\/02\/M10-Cast-off-3-quarters.mp4?_=1\" \/><a href=\"https:\/\/definition.nanninga.me\/wp-content\/uploads\/2019\/02\/M10-Cast-off-3-quarters.mp4\">https:\/\/definition.nanninga.me\/wp-content\/uploads\/2019\/02\/M10-Cast-off-3-quarters.mp4<\/a><\/video><\/div>\n<p>&nbsp;<\/p>\n<p>In der Definition wird extra auf die M\u00f6glichkeit hingewiesen, das Cast off 3\/4 auch aus eine Tidal Line (also einer langen Linie) auszuf\u00fchren. Diese Anwendung kommt nicht so oft vor &#8211; aber hierf\u00fcr eine kurze Erl\u00e4uterung in der Animation<\/p>\n<div style=\"width: 332px;\" class=\"wp-video\"><video class=\"wp-video-shortcode\" id=\"video-575-2\" width=\"332\" height=\"304\" preload=\"metadata\" controls=\"controls\"><source type=\"video\/mp4\" src=\"https:\/\/definition.nanninga.me\/wp-content\/uploads\/2019\/02\/M10-Cast-off-anim.mp4?_=2\" \/><a href=\"https:\/\/definition.nanninga.me\/wp-content\/uploads\/2019\/02\/M10-Cast-off-anim.mp4\">https:\/\/definition.nanninga.me\/wp-content\/uploads\/2019\/02\/M10-Cast-off-anim.mp4<\/a><\/video><\/div>\n<div class=\"dance-action full\"><\/div>\n<div class=\"styling full\">Am Schlu\u00df noch einmal die Animationen von anderen Seiten:<\/div>\n<div><\/div>\n<p>&nbsp;<\/p>\n<div>1. Taminations mit allen m\u00f6glichen Varianten von Cast off 3\/4<\/div>\n<p>&nbsp;<br \/>\n<iframe loading=\"lazy\" style=\"border: 1px solid #ccc; border-radius: 8px;\" title=\"Taminations Square Dance Animation\" src=\"https:\/\/www.tamtwirlers.org\/taminations\/#\/?level=Mainstream+2026&amp;animnum=0&amp;animname=CastOffThreeQuartersfromRightHandTwoFacedLine&amp;link=m26\/cast_off_three_quarters&amp;main=ANIMATIONS&amp;detail=CALLS\" width=\"100%\" height=\"600\"><br \/>\n<\/iframe><\/p>\n<div><\/div>\n<div><\/div>\n<div><\/div>\n<p>&nbsp;<\/p>\n<div>2. Ausschnitt aus den Videos der Saddlebrooks Squares <a href=\"https:\/\/videosquaredancelessons.com\/lessons\/\">(https:\/\/videosquaredancelessons.com\/lessons\/)<\/a><\/div>\n<p>&nbsp;<\/p>\n<div class=\"comments full\"><\/div>\n<p><iframe loading=\"lazy\" title=\"YouTube video player\" src=\"https:\/\/www.youtube.com\/embed\/YPnY5ko96C8?si=AIvdjD9iySdLPIfl&amp;clip=UgkxcpNCT9nW_TAowPZwemqWKqyNo7aj25CJ&amp;clipt=EMjfAhiotAY\" width=\"560\" height=\"315\" frameborder=\"0\" allowfullscreen=\"allowfullscreen\"><\/iframe><\/p>\n<p class=\"copyright\">\n<div class=\"pdfprnt-buttons pdfprnt-buttons-page pdfprnt-bottom-left\"><a href=\"https:\/\/definition.nanninga.me\/fd\/wp-json\/wp\/v2\/pages\/575?print=print\" class=\"pdfprnt-button pdfprnt-button-print\" target=\"_blank\" ><img decoding=\"async\" src=\"https:\/\/definition.nanninga.me\/wp-content\/plugins\/pdf-print\/images\/print.png\" alt=\"image_print\" title=\"Inhalt drucken\" \/><span class=\"pdfprnt-button-title pdfprnt-button-print-title\">Print Page<\/span><\/a><\/div>","protected":false},"excerpt":{"rendered":"<p>Beinhaltet 2 verschiedene Ausgangsformationen: Aus einer Linie, die nach aussen sieht: 3\/4 Drehung; Drehpunkt: \u00c4ussere Schulter des \u00e4usseren T\u00e4nzers. Endet in Linien, die sich ansehen Aus eine Min-Wave (bzw. Ocean Wave): An der Mini-Wave Handhaltung 3\/4 vorw\u00e4rts. Handhaltung bleibt die <span class=\"excerpt-dots\">&hellip;<\/span> <a class=\"more-link\" href=\"https:\/\/definition.nanninga.me\/fd\/mainstream\/07-cast-off-3-4\/\"><span class=\"more-msg\">Weiterlesen &rarr;<\/span><\/a><\/p>\n","protected":false},"author":1,"featured_media":0,"parent":20,"menu_order":0,"comment_status":"closed","ping_status":"closed","template":"","meta":{"footnotes":""},"class_list":["post-575","page","type-page","status-publish","hentry"],"translation":{"provider":"WPGlobus","version":"3.0.2","language":"fd","enabled_languages":["de","en","fd"],"languages":{"de":{"title":true,"content":true,"excerpt":false},"en":{"title":true,"content":true,"excerpt":false},"fd":{"title":true,"content":true,"excerpt":false}}},"_links":{"self":[{"href":"https:\/\/definition.nanninga.me\/fd\/wp-json\/wp\/v2\/pages\/575","targetHints":{"allow":["GET"]}}],"collection":[{"href":"https:\/\/definition.nanninga.me\/fd\/wp-json\/wp\/v2\/pages"}],"about":[{"href":"https:\/\/definition.nanninga.me\/fd\/wp-json\/wp\/v2\/types\/page"}],"author":[{"embeddable":true,"href":"https:\/\/definition.nanninga.me\/fd\/wp-json\/wp\/v2\/users\/1"}],"replies":[{"embeddable":true,"href":"https:\/\/definition.nanninga.me\/fd\/wp-json\/wp\/v2\/comments?post=575"}],"version-history":[{"count":23,"href":"https:\/\/definition.nanninga.me\/fd\/wp-json\/wp\/v2\/pages\/575\/revisions"}],"predecessor-version":[{"id":2769,"href":"https:\/\/definition.nanninga.me\/fd\/wp-json\/wp\/v2\/pages\/575\/revisions\/2769"}],"up":[{"embeddable":true,"href":"https:\/\/definition.nanninga.me\/fd\/wp-json\/wp\/v2\/pages\/20"}],"wp:attachment":[{"href":"https:\/\/definition.nanninga.me\/fd\/wp-json\/wp\/v2\/media?parent=575"}],"curies":[{"name":"wp","href":"https:\/\/api.w.org\/{rel}","templated":true}]}}