{"id":559,"date":"2018-10-22T08:50:27","date_gmt":"2018-10-22T06:50:27","guid":{"rendered":"http:\/\/definition.nanninga.myds.me\/?page_id=559"},"modified":"2021-12-07T20:33:09","modified_gmt":"2021-12-07T19:33:09","slug":"06-centers-in","status":"publish","type":"page","link":"https:\/\/definition.nanninga.me\/fd\/mainstream\/06-centers-in\/","title":{"rendered":"09. Centers In"},"content":{"rendered":"<ul>\n<li>2 Paare aussen; 2 Paare innen, die auf die \u00e4u\u00dferen anblicken (auch wenn auf R\u00fccken)<\/li>\n<li>\u00c4u\u00dfere gehen auseinander (seitw\u00e4rts; NICHT drehen!); Innere gehen dazwischen<\/li>\n<li>\u00c4u\u00dfere T\u00e4nzer k\u00f6nnen auch in einer Mini-Wave stehen. Sie gehen dann ebenfalls seitw\u00e4rts auseinander<\/li>\n<\/ul>\n<div>\n<div style=\"width: 640px;\" class=\"wp-video\"><video class=\"wp-video-shortcode\" id=\"video-559-1\" width=\"640\" height=\"480\" preload=\"metadata\" controls=\"controls\"><source type=\"video\/mp4\" src=\"https:\/\/definition.nanninga.me\/wp-content\/uploads\/2019\/02\/M09-Centers-in.mp4?_=1\" \/><a href=\"https:\/\/definition.nanninga.me\/wp-content\/uploads\/2019\/02\/M09-Centers-in.mp4\">https:\/\/definition.nanninga.me\/wp-content\/uploads\/2019\/02\/M09-Centers-in.mp4<\/a><\/video><\/div>\n<\/div>\n<div class=\"command-examples full\"><\/div>\n<p class=\"copyright\">\n<div class=\"pdfprnt-buttons pdfprnt-buttons-page pdfprnt-bottom-left\"><a href=\"https:\/\/definition.nanninga.me\/fd\/wp-json\/wp\/v2\/pages\/559?print=print\" class=\"pdfprnt-button pdfprnt-button-print\" target=\"_blank\" ><img decoding=\"async\" src=\"https:\/\/definition.nanninga.me\/wp-content\/plugins\/pdf-print\/images\/print.png\" alt=\"image_print\" title=\"Inhalt drucken\" \/><span class=\"pdfprnt-button-title pdfprnt-button-print-title\">Print Page<\/span><\/a><\/div>","protected":false},"excerpt":{"rendered":" <a class=\"more-link\" href=\"https:\/\/definition.nanninga.me\/fd\/mainstream\/06-centers-in\/\"><span class=\"more-msg\">Weiterlesen &rarr;<\/span><\/a>","protected":false},"author":1,"featured_media":0,"parent":20,"menu_order":0,"comment_status":"closed","ping_status":"closed","template":"","meta":{"footnotes":""},"class_list":["post-559","page","type-page","status-publish","hentry"],"translation":{"provider":"WPGlobus","version":"3.0.2","language":"fd","enabled_languages":["de","en","fd"],"languages":{"de":{"title":true,"content":true,"excerpt":false},"en":{"title":true,"content":true,"excerpt":false},"fd":{"title":true,"content":true,"excerpt":false}}},"_links":{"self":[{"href":"https:\/\/definition.nanninga.me\/fd\/wp-json\/wp\/v2\/pages\/559","targetHints":{"allow":["GET"]}}],"collection":[{"href":"https:\/\/definition.nanninga.me\/fd\/wp-json\/wp\/v2\/pages"}],"about":[{"href":"https:\/\/definition.nanninga.me\/fd\/wp-json\/wp\/v2\/types\/page"}],"author":[{"embeddable":true,"href":"https:\/\/definition.nanninga.me\/fd\/wp-json\/wp\/v2\/users\/1"}],"replies":[{"embeddable":true,"href":"https:\/\/definition.nanninga.me\/fd\/wp-json\/wp\/v2\/comments?post=559"}],"version-history":[{"count":11,"href":"https:\/\/definition.nanninga.me\/fd\/wp-json\/wp\/v2\/pages\/559\/revisions"}],"predecessor-version":[{"id":2287,"href":"https:\/\/definition.nanninga.me\/fd\/wp-json\/wp\/v2\/pages\/559\/revisions\/2287"}],"up":[{"embeddable":true,"href":"https:\/\/definition.nanninga.me\/fd\/wp-json\/wp\/v2\/pages\/20"}],"wp:attachment":[{"href":"https:\/\/definition.nanninga.me\/fd\/wp-json\/wp\/v2\/media?parent=559"}],"curies":[{"name":"wp","href":"https:\/\/api.w.org\/{rel}","templated":true}]}}