{"id":539,"date":"2018-10-21T21:50:01","date_gmt":"2018-10-21T19:50:01","guid":{"rendered":"http:\/\/definition.nanninga.myds.me\/?page_id=539"},"modified":"2021-12-07T08:51:02","modified_gmt":"2021-12-07T07:51:02","slug":"03-eight-chain-thru-eight-chain-1-2-3-etc","status":"publish","type":"page","link":"https:\/\/definition.nanninga.me\/fd\/mainstream\/03-eight-chain-thru-eight-chain-1-2-3-etc\/","title":{"rendered":"03. Eight Chain Thru \/ Eight Chain 1, 2, 3, etc."},"content":{"rendered":"<ul>\n<li>Ansage: 8 Chain X (X= 1 bis 8 m\u00f6glich)<\/li>\n<li>F\u00fchre so viele dieser Aktionen wie m\u00f6glich durch:\n<ul>\n<li>Alle Right Pull By (Eight Chain 1 beendet)<\/li>\n<li>Centers Left Pull By w\u00e4hrend die\u00a0ends Courtesy Turn (Eight Chain 2 beendet)<\/li>\n<li>Alle Right Pull By (Eight Chain 3 beendet)<\/li>\n<li>Centers Left Pull By w\u00e4hrend die ends Courtesy Turn (Eight Chain 4 beendet)<\/li>\n<li>Alle Right Pull By (Eight Chain 5 F\u00fchren Sie so viele dieser Aktionen wie m\u00f6glich durch:)<\/li>\n<li>Centers Left Pull By w\u00e4hrend die ends Courtesy Turn (Eight Chain 6 beendet)<\/li>\n<li>Alle Right Pull By (Eight Chain 7 beendet)<\/li>\n<li>Centers Left Pull By w\u00e4hrend die ends Courtesy Turn (Eight Chain Thru beendet)<\/li>\n<\/ul>\n<\/li>\n<li>Gerade Anzahl endet mit Paaren, die sich ansehen<\/li>\n<li>Ungerade Anzahl endet mit einer Trade By Formation<\/li>\n<li>Geht auch aus einer Ocean Wave (Ist dann kein Pull By, sondern Step Thru)<\/li>\n<\/ul>\n<div class=\"full\">\n<div class=\"styling\"><\/div>\n<\/div>\n<div style=\"width: 640px;\" class=\"wp-video\"><video class=\"wp-video-shortcode\" id=\"video-539-1\" width=\"640\" height=\"480\" preload=\"metadata\" controls=\"controls\"><source type=\"video\/mp4\" src=\"https:\/\/definition.nanninga.me\/wp-content\/uploads\/2019\/02\/M03-Eight-chain.mp4?_=1\" \/><a href=\"https:\/\/definition.nanninga.me\/wp-content\/uploads\/2019\/02\/M03-Eight-chain.mp4\">https:\/\/definition.nanninga.me\/wp-content\/uploads\/2019\/02\/M03-Eight-chain.mp4<\/a><\/video><\/div>\n<p>In der Animation noch einmal Eight Chain 1 bis 8 demonstriert:<\/p>\n<div style=\"width: 332px;\" class=\"wp-video\"><video class=\"wp-video-shortcode\" id=\"video-539-2\" width=\"332\" height=\"304\" preload=\"metadata\" controls=\"controls\"><source type=\"video\/mp4\" src=\"https:\/\/definition.nanninga.me\/wp-content\/uploads\/2019\/02\/M03-Eight-Chain-anim.mp4?_=2\" \/><a href=\"https:\/\/definition.nanninga.me\/wp-content\/uploads\/2019\/02\/M03-Eight-Chain-anim.mp4\">https:\/\/definition.nanninga.me\/wp-content\/uploads\/2019\/02\/M03-Eight-Chain-anim.mp4<\/a><\/video><\/div>\n<p>&nbsp;<\/p>\n<p>&nbsp;<\/p>\n<div class=\"pdfprnt-buttons pdfprnt-buttons-page pdfprnt-bottom-left\"><a href=\"https:\/\/definition.nanninga.me\/fd\/wp-json\/wp\/v2\/pages\/539?print=print\" class=\"pdfprnt-button pdfprnt-button-print\" target=\"_blank\" ><img decoding=\"async\" src=\"https:\/\/definition.nanninga.me\/wp-content\/plugins\/pdf-print\/images\/print.png\" alt=\"image_print\" title=\"Inhalt drucken\" \/><span class=\"pdfprnt-button-title pdfprnt-button-print-title\">Print Page<\/span><\/a><\/div>","protected":false},"excerpt":{"rendered":"<p>Ansage: 8 Chain X (X= 1 bis 8 m\u00f6glich) F\u00fchre so viele dieser Aktionen wie m\u00f6glich durch: Alle Right Pull By (Eight Chain 1 beendet) Centers Left Pull By w\u00e4hrend die\u00a0ends Courtesy Turn (Eight Chain 2 beendet) Alle Right Pull <span class=\"excerpt-dots\">&hellip;<\/span> <a class=\"more-link\" href=\"https:\/\/definition.nanninga.me\/fd\/mainstream\/03-eight-chain-thru-eight-chain-1-2-3-etc\/\"><span class=\"more-msg\">Weiterlesen &rarr;<\/span><\/a><\/p>\n","protected":false},"author":1,"featured_media":0,"parent":20,"menu_order":0,"comment_status":"closed","ping_status":"closed","template":"","meta":{"footnotes":""},"class_list":["post-539","page","type-page","status-publish","hentry"],"translation":{"provider":"WPGlobus","version":"3.0.2","language":"fd","enabled_languages":["de","en","fd"],"languages":{"de":{"title":true,"content":true,"excerpt":false},"en":{"title":true,"content":true,"excerpt":false},"fd":{"title":true,"content":true,"excerpt":false}}},"_links":{"self":[{"href":"https:\/\/definition.nanninga.me\/fd\/wp-json\/wp\/v2\/pages\/539","targetHints":{"allow":["GET"]}}],"collection":[{"href":"https:\/\/definition.nanninga.me\/fd\/wp-json\/wp\/v2\/pages"}],"about":[{"href":"https:\/\/definition.nanninga.me\/fd\/wp-json\/wp\/v2\/types\/page"}],"author":[{"embeddable":true,"href":"https:\/\/definition.nanninga.me\/fd\/wp-json\/wp\/v2\/users\/1"}],"replies":[{"embeddable":true,"href":"https:\/\/definition.nanninga.me\/fd\/wp-json\/wp\/v2\/comments?post=539"}],"version-history":[{"count":11,"href":"https:\/\/definition.nanninga.me\/fd\/wp-json\/wp\/v2\/pages\/539\/revisions"}],"predecessor-version":[{"id":2275,"href":"https:\/\/definition.nanninga.me\/fd\/wp-json\/wp\/v2\/pages\/539\/revisions\/2275"}],"up":[{"embeddable":true,"href":"https:\/\/definition.nanninga.me\/fd\/wp-json\/wp\/v2\/pages\/20"}],"wp:attachment":[{"href":"https:\/\/definition.nanninga.me\/fd\/wp-json\/wp\/v2\/media?parent=539"}],"curies":[{"name":"wp","href":"https:\/\/api.w.org\/{rel}","templated":true}]}}