{"id":533,"date":"2018-10-21T21:37:05","date_gmt":"2018-10-21T19:37:05","guid":{"rendered":"http:\/\/definition.nanninga.myds.me\/?page_id=533"},"modified":"2021-12-07T08:34:54","modified_gmt":"2021-12-07T07:34:54","slug":"02-turn-thru","status":"publish","type":"page","link":"https:\/\/definition.nanninga.me\/fd\/mainstream\/02-turn-thru\/","title":{"rendered":"02. Turn Thru"},"content":{"rendered":"<ul>\n<li>Im Prinzip wie Allemande Left; bzw Arm Turns<\/li>\n<li>Aber: T\u00e4nzer m\u00fcssen sich ansehen, d.h. nicht erst nach dem Partner suchen<\/li>\n<li>Aber: Man endet R\u00fccken an R\u00fccken!<\/li>\n<li>Aber: Immer 180 Grad (sonst muss man Arm Turn ansagen!)<\/li>\n<li>Geht auch aus Ocean Wave (Danach Paare &#8211; R\u00fccken an R\u00fccken)<\/li>\n<\/ul>\n<div style=\"width: 640px;\" class=\"wp-video\"><video class=\"wp-video-shortcode\" id=\"video-533-1\" width=\"640\" height=\"480\" preload=\"metadata\" controls=\"controls\"><source type=\"video\/mp4\" src=\"https:\/\/definition.nanninga.me\/wp-content\/uploads\/2019\/02\/M02-Turn-thru.mp4?_=1\" \/><a href=\"https:\/\/definition.nanninga.me\/wp-content\/uploads\/2019\/02\/M02-Turn-thru.mp4\">https:\/\/definition.nanninga.me\/wp-content\/uploads\/2019\/02\/M02-Turn-thru.mp4<\/a><\/video><\/div>\n<p>Die Animation zeigt noch einmal das Turn Thru aus verschiedenen Positionen<\/p>\n<div style=\"width: 332px;\" class=\"wp-video\"><video class=\"wp-video-shortcode\" id=\"video-533-2\" width=\"332\" height=\"304\" preload=\"metadata\" controls=\"controls\"><source type=\"video\/mp4\" src=\"https:\/\/definition.nanninga.me\/wp-content\/uploads\/2019\/02\/M02-Turn-thru-anim.mp4?_=2\" \/><a href=\"https:\/\/definition.nanninga.me\/wp-content\/uploads\/2019\/02\/M02-Turn-thru-anim.mp4\">https:\/\/definition.nanninga.me\/wp-content\/uploads\/2019\/02\/M02-Turn-thru-anim.mp4<\/a><\/video><\/div>\n<div><\/div>\n<div class=\"comments full\"><\/div>\n<p class=\"copyright\">\n<div class=\"pdfprnt-buttons pdfprnt-buttons-page pdfprnt-bottom-left\"><a href=\"https:\/\/definition.nanninga.me\/fd\/wp-json\/wp\/v2\/pages\/533?print=print\" class=\"pdfprnt-button pdfprnt-button-print\" target=\"_blank\" ><img decoding=\"async\" src=\"https:\/\/definition.nanninga.me\/wp-content\/plugins\/pdf-print\/images\/print.png\" alt=\"image_print\" title=\"Inhalt drucken\" \/><span class=\"pdfprnt-button-title pdfprnt-button-print-title\">Print Page<\/span><\/a><\/div>","protected":false},"excerpt":{"rendered":"<p>Im Prinzip wie Allemande Left; bzw Arm Turns Aber: T\u00e4nzer m\u00fcssen sich ansehen, d.h. nicht erst nach dem Partner suchen Aber: Man endet R\u00fccken an R\u00fccken! Aber: Immer 180 Grad (sonst muss man Arm Turn ansagen!) Geht auch aus Ocean <span class=\"excerpt-dots\">&hellip;<\/span> <a class=\"more-link\" href=\"https:\/\/definition.nanninga.me\/fd\/mainstream\/02-turn-thru\/\"><span class=\"more-msg\">Weiterlesen &rarr;<\/span><\/a><\/p>\n","protected":false},"author":1,"featured_media":0,"parent":20,"menu_order":0,"comment_status":"closed","ping_status":"closed","template":"","meta":{"footnotes":""},"class_list":["post-533","page","type-page","status-publish","hentry"],"translation":{"provider":"WPGlobus","version":"3.0.2","language":"fd","enabled_languages":["de","en","fd"],"languages":{"de":{"title":true,"content":true,"excerpt":false},"en":{"title":true,"content":true,"excerpt":false},"fd":{"title":true,"content":true,"excerpt":false}}},"_links":{"self":[{"href":"https:\/\/definition.nanninga.me\/fd\/wp-json\/wp\/v2\/pages\/533","targetHints":{"allow":["GET"]}}],"collection":[{"href":"https:\/\/definition.nanninga.me\/fd\/wp-json\/wp\/v2\/pages"}],"about":[{"href":"https:\/\/definition.nanninga.me\/fd\/wp-json\/wp\/v2\/types\/page"}],"author":[{"embeddable":true,"href":"https:\/\/definition.nanninga.me\/fd\/wp-json\/wp\/v2\/users\/1"}],"replies":[{"embeddable":true,"href":"https:\/\/definition.nanninga.me\/fd\/wp-json\/wp\/v2\/comments?post=533"}],"version-history":[{"count":10,"href":"https:\/\/definition.nanninga.me\/fd\/wp-json\/wp\/v2\/pages\/533\/revisions"}],"predecessor-version":[{"id":2273,"href":"https:\/\/definition.nanninga.me\/fd\/wp-json\/wp\/v2\/pages\/533\/revisions\/2273"}],"up":[{"embeddable":true,"href":"https:\/\/definition.nanninga.me\/fd\/wp-json\/wp\/v2\/pages\/20"}],"wp:attachment":[{"href":"https:\/\/definition.nanninga.me\/fd\/wp-json\/wp\/v2\/media?parent=533"}],"curies":[{"name":"wp","href":"https:\/\/api.w.org\/{rel}","templated":true}]}}