{"id":52,"date":"2018-10-19T09:12:53","date_gmt":"2018-10-19T07:12:53","guid":{"rendered":"http:\/\/definition.nanninga.myds.me\/?page_id=52"},"modified":"2026-02-16T14:30:22","modified_gmt":"2026-02-16T13:30:22","slug":"01-circle-left-circle-right","status":"publish","type":"page","link":"https:\/\/definition.nanninga.me\/fd\/basic1\/01-circle-left-circle-right\/","title":{"rendered":"01. Circle Left  \/ Circle Right"},"content":{"rendered":"<ul>\n<li>F\u00fcr Anf\u00e4nger:<br \/>\n&#8211; Kreis bilden, nach links oder rechts drehen<br \/>\n&#8211; H\u00e4nde durchfassen (nicht in Animation)<br \/>\n&#8211; Ob rechts\/links drehen zu Corner \/Partner ist optional, sieht aber besser aus<div style=\"width: 294px;\" class=\"wp-video\"><video class=\"wp-video-shortcode\" id=\"video-52-1\" width=\"294\" height=\"268\" preload=\"metadata\" controls=\"controls\"><source type=\"video\/mp4\" src=\"https:\/\/definition.nanninga.me\/wp-content\/uploads\/2019\/01\/B01-Circle-Left-01.mp4?_=1\" \/><a href=\"https:\/\/definition.nanninga.me\/wp-content\/uploads\/2019\/01\/B01-Circle-Left-01.mp4\">https:\/\/definition.nanninga.me\/wp-content\/uploads\/2019\/01\/B01-Circle-Left-01.mp4<\/a><\/video><\/div><\/li>\n<li>Hier Circle Left mit &#8222;richtigen&#8220; Personen mit der korrekten Handhaltung<div style=\"width: 640px;\" class=\"wp-video\"><video class=\"wp-video-shortcode\" id=\"video-52-2\" width=\"640\" height=\"480\" preload=\"metadata\" controls=\"controls\"><source type=\"video\/mp4\" src=\"https:\/\/definition.nanninga.me\/wp-content\/uploads\/2019\/01\/B01-Circle-Left.mp4?_=2\" \/><a href=\"https:\/\/definition.nanninga.me\/wp-content\/uploads\/2019\/01\/B01-Circle-Left.mp4\">https:\/\/definition.nanninga.me\/wp-content\/uploads\/2019\/01\/B01-Circle-Left.mp4<\/a><\/video><\/div>\n<p>Hier noch mal mit anderen T\u00e4nzern und simpler Erkl\u00e4rung:<\/p>\n<p><div style=\"width: 480px;\" class=\"wp-video\"><video class=\"wp-video-shortcode\" id=\"video-52-3\" width=\"480\" height=\"360\" preload=\"metadata\" controls=\"controls\"><source type=\"video\/mp4\" src=\"https:\/\/definition.nanninga.me\/wp-content\/uploads\/2019\/02\/B01-Circle-Left.mp4.mp4?_=3\" \/><a href=\"https:\/\/definition.nanninga.me\/wp-content\/uploads\/2019\/02\/B01-Circle-Left.mp4.mp4\">https:\/\/definition.nanninga.me\/wp-content\/uploads\/2019\/02\/B01-Circle-Left.mp4.mp4<\/a><\/video><\/div><\/li>\n<\/ul>\n<ul>\n<li>Anf\u00e4nger Schwierigkeiten:<br \/>\n&#8211; Circle geht bis neues Kommando erfolgt oder wie angesagt<br \/>\n&#8211; Folgende Calls erfolgen nicht aus &#8222;Square Up&#8220;\u00a0sondern aus Bewegung<br \/>\n&#8211; z.B. Allemande Left, Forward and Back, Nur Boys forward and back &#8230;<\/li>\n<\/ul>\n<div style=\"width: 294px;\" class=\"wp-video\"><video class=\"wp-video-shortcode\" id=\"video-52-4\" width=\"294\" height=\"268\" preload=\"metadata\" controls=\"controls\"><source type=\"video\/mp4\" src=\"https:\/\/definition.nanninga.me\/wp-content\/uploads\/2019\/01\/B01-Circle-Left-02.mp4?_=4\" \/><a href=\"https:\/\/definition.nanninga.me\/wp-content\/uploads\/2019\/01\/B01-Circle-Left-02.mp4\">https:\/\/definition.nanninga.me\/wp-content\/uploads\/2019\/01\/B01-Circle-Left-02.mp4<\/a><\/video><\/div>\n<ul>\n<li>Fortgeschrittene:<br \/>\n&#8211; Circle Left aus einer Linie<br \/>\n&#8211; Circle left 2 Boys zusammen; 2 Girls zusammen<br \/>\n&#8211; Circle Boys\/Girls zusammen aus einer Linie<br \/>\n&#8211; 4 T\u00e4nzer und 2 T\u00e4nzer machen Circle Left<br \/>\n&#8211; 4 und 2 T\u00e4nzer aus einer Linie oder einer Box<br \/>\n&#8211; Das Circle Left wird mit 1\/4, 1\/2 oder 3\/4 angesagt<br \/>\n<div style=\"width: 294px;\" class=\"wp-video\"><video class=\"wp-video-shortcode\" id=\"video-52-5\" width=\"294\" height=\"268\" preload=\"metadata\" controls=\"controls\"><source type=\"video\/mp4\" src=\"https:\/\/definition.nanninga.me\/wp-content\/uploads\/2019\/01\/B01-Circle-Left-03.mp4?_=5\" \/><a href=\"https:\/\/definition.nanninga.me\/wp-content\/uploads\/2019\/01\/B01-Circle-Left-03.mp4\">https:\/\/definition.nanninga.me\/wp-content\/uploads\/2019\/01\/B01-Circle-Left-03.mp4<\/a><\/video><\/div><\/li>\n<\/ul>\n<div>1. Taminations mit allen m\u00f6glichen Varianten von Circle Left\/Right<\/div>\n<p><iframe loading=\"lazy\" style=\"border: 1px solid #ccc; border-radius: 8px;\" title=\"Taminations Square Dance Animation\" src=\"https:\/\/www.tamtwirlers.org\/taminations\/#\/?level=Basic+1&amp;animnum=0&amp;animname=CircleLeft&amp;link=b1\/circle&amp;main=ANIMLIST&amp;detail=CALLS\" width=\"100%\" height=\"600\"><\/iframe><\/p>\n<div class=\"pdfprnt-buttons pdfprnt-buttons-page pdfprnt-bottom-left\"><a href=\"https:\/\/definition.nanninga.me\/fd\/wp-json\/wp\/v2\/pages\/52?print=print\" class=\"pdfprnt-button pdfprnt-button-print\" target=\"_blank\" ><img decoding=\"async\" src=\"https:\/\/definition.nanninga.me\/wp-content\/plugins\/pdf-print\/images\/print.png\" alt=\"image_print\" title=\"Inhalt drucken\" \/><span class=\"pdfprnt-button-title pdfprnt-button-print-title\">Print Page<\/span><\/a><\/div>","protected":false},"excerpt":{"rendered":"<p>F\u00fcr Anf\u00e4nger: &#8211; Kreis bilden, nach links oder rechts drehen &#8211; H\u00e4nde durchfassen (nicht in Animation) &#8211; Ob rechts\/links drehen zu Corner \/Partner ist optional, sieht aber besser aus Hier Circle Left mit &#8222;richtigen&#8220; Personen mit der korrekten Handhaltung Hier <span class=\"excerpt-dots\">&hellip;<\/span> <a class=\"more-link\" href=\"https:\/\/definition.nanninga.me\/fd\/basic1\/01-circle-left-circle-right\/\"><span class=\"more-msg\">Weiterlesen &rarr;<\/span><\/a><\/p>\n","protected":false},"author":1,"featured_media":0,"parent":14,"menu_order":0,"comment_status":"closed","ping_status":"closed","template":"","meta":{"footnotes":""},"class_list":["post-52","page","type-page","status-publish","hentry"],"translation":{"provider":"WPGlobus","version":"3.0.2","language":"fd","enabled_languages":["de","en","fd"],"languages":{"de":{"title":true,"content":true,"excerpt":false},"en":{"title":true,"content":true,"excerpt":false},"fd":{"title":false,"content":true,"excerpt":false}}},"_links":{"self":[{"href":"https:\/\/definition.nanninga.me\/fd\/wp-json\/wp\/v2\/pages\/52","targetHints":{"allow":["GET"]}}],"collection":[{"href":"https:\/\/definition.nanninga.me\/fd\/wp-json\/wp\/v2\/pages"}],"about":[{"href":"https:\/\/definition.nanninga.me\/fd\/wp-json\/wp\/v2\/types\/page"}],"author":[{"embeddable":true,"href":"https:\/\/definition.nanninga.me\/fd\/wp-json\/wp\/v2\/users\/1"}],"replies":[{"embeddable":true,"href":"https:\/\/definition.nanninga.me\/fd\/wp-json\/wp\/v2\/comments?post=52"}],"version-history":[{"count":30,"href":"https:\/\/definition.nanninga.me\/fd\/wp-json\/wp\/v2\/pages\/52\/revisions"}],"predecessor-version":[{"id":2785,"href":"https:\/\/definition.nanninga.me\/fd\/wp-json\/wp\/v2\/pages\/52\/revisions\/2785"}],"up":[{"embeddable":true,"href":"https:\/\/definition.nanninga.me\/fd\/wp-json\/wp\/v2\/pages\/14"}],"wp:attachment":[{"href":"https:\/\/definition.nanninga.me\/fd\/wp-json\/wp\/v2\/media?parent=52"}],"curies":[{"name":"wp","href":"https:\/\/api.w.org\/{rel}","templated":true}]}}