{"id":511,"date":"2018-10-21T08:35:26","date_gmt":"2018-10-21T06:35:26","guid":{"rendered":"http:\/\/definition.nanninga.myds.me\/?page_id=511"},"modified":"2021-12-08T20:01:21","modified_gmt":"2021-12-08T19:01:21","slug":"27-dixie-grand","status":"publish","type":"page","link":"https:\/\/definition.nanninga.me\/fd\/plus-15-28\/27-dixie-grand\/","title":{"rendered":"15. Dixie Grand"},"content":{"rendered":"<ul>\n<li>Diejenigen, die k\u00f6nnen: Right Pull By<\/li>\n<li>Linke Hand Pull By mit dem n\u00e4chsten;<\/li>\n<li>Rechte Hand Pull By mit dem n\u00e4chsten<\/li>\n<li>Im Prinzip FERTIG; Die Aktion endet auf einer Kreisbahn unabh\u00e4ngig von der Ursprungsformation.<\/li>\n<li>SEHR h\u00e4ufig folgt nun ein Allemande Left &#8211; Ist aber nicht Bestandteil der Definition (Es k\u00f6nnte nun auch ein Circle Left oder Swing kommen)<\/li>\n<\/ul>\n<p>ANIMATION fehlt noch<\/p>\n<p class=\"copyright\">\n<div class=\"pdfprnt-buttons pdfprnt-buttons-page pdfprnt-bottom-left\"><a href=\"https:\/\/definition.nanninga.me\/fd\/wp-json\/wp\/v2\/pages\/511?print=print\" class=\"pdfprnt-button pdfprnt-button-print\" target=\"_blank\" ><img decoding=\"async\" src=\"https:\/\/definition.nanninga.me\/wp-content\/plugins\/pdf-print\/images\/print.png\" alt=\"image_print\" title=\"Inhalt drucken\" \/><span class=\"pdfprnt-button-title pdfprnt-button-print-title\">Print Page<\/span><\/a><\/div>","protected":false},"excerpt":{"rendered":"<p>Diejenigen, die k\u00f6nnen: Right Pull By Linke Hand Pull By mit dem n\u00e4chsten; Rechte Hand Pull By mit dem n\u00e4chsten Im Prinzip FERTIG; Die Aktion endet auf einer Kreisbahn unabh\u00e4ngig von der Ursprungsformation. SEHR h\u00e4ufig folgt nun ein Allemande Left <span class=\"excerpt-dots\">&hellip;<\/span> <a class=\"more-link\" href=\"https:\/\/definition.nanninga.me\/fd\/plus-15-28\/27-dixie-grand\/\"><span class=\"more-msg\">Weiterlesen &rarr;<\/span><\/a><\/p>\n","protected":false},"author":1,"featured_media":0,"parent":448,"menu_order":0,"comment_status":"closed","ping_status":"closed","template":"","meta":{"footnotes":""},"class_list":["post-511","page","type-page","status-publish","hentry"],"translation":{"provider":"WPGlobus","version":"3.0.2","language":"fd","enabled_languages":["de","en","fd"],"languages":{"de":{"title":true,"content":true,"excerpt":false},"en":{"title":true,"content":true,"excerpt":false},"fd":{"title":true,"content":true,"excerpt":false}}},"_links":{"self":[{"href":"https:\/\/definition.nanninga.me\/fd\/wp-json\/wp\/v2\/pages\/511","targetHints":{"allow":["GET"]}}],"collection":[{"href":"https:\/\/definition.nanninga.me\/fd\/wp-json\/wp\/v2\/pages"}],"about":[{"href":"https:\/\/definition.nanninga.me\/fd\/wp-json\/wp\/v2\/types\/page"}],"author":[{"embeddable":true,"href":"https:\/\/definition.nanninga.me\/fd\/wp-json\/wp\/v2\/users\/1"}],"replies":[{"embeddable":true,"href":"https:\/\/definition.nanninga.me\/fd\/wp-json\/wp\/v2\/comments?post=511"}],"version-history":[{"count":9,"href":"https:\/\/definition.nanninga.me\/fd\/wp-json\/wp\/v2\/pages\/511\/revisions"}],"predecessor-version":[{"id":2327,"href":"https:\/\/definition.nanninga.me\/fd\/wp-json\/wp\/v2\/pages\/511\/revisions\/2327"}],"up":[{"embeddable":true,"href":"https:\/\/definition.nanninga.me\/fd\/wp-json\/wp\/v2\/pages\/448"}],"wp:attachment":[{"href":"https:\/\/definition.nanninga.me\/fd\/wp-json\/wp\/v2\/media?parent=511"}],"curies":[{"name":"wp","href":"https:\/\/api.w.org\/{rel}","templated":true}]}}