{"id":504,"date":"2018-10-21T08:32:24","date_gmt":"2018-10-21T06:32:24","guid":{"rendered":"http:\/\/definition.nanninga.myds.me\/?page_id=504"},"modified":"2021-12-08T19:51:30","modified_gmt":"2021-12-08T18:51:30","slug":"26-chase-right","status":"publish","type":"page","link":"https:\/\/definition.nanninga.me\/fd\/plus-15-28\/26-chase-right\/","title":{"rendered":"29. Chase Right"},"content":{"rendered":"<ul>\n<li>Beginnt mit 2 Paaren, die R\u00fccken an R\u00fccken stehen<\/li>\n<li>Beide T\u00e4nzer drehen nach rechts und machen einen Halbkreis vorw\u00e4rts; dabei geht der linke T\u00e4nzer aus dem Paar einen etwas gr\u00f6\u00dferen Halbkreis und landet hinter seinem Partner<\/li>\n<li>Bei gehen weiter vorw\u00e4rts und bilden mit den anderen T\u00e4nzer (vormals in Ihrem R\u00fccken) eine Box mit 2 Mini-Waves<\/li>\n<li>Nun noch ein Box Circulate<\/li>\n<\/ul>\n<p>ANIMATION noch nicht vorhanden<\/p>\n<div class=\"pdfprnt-buttons pdfprnt-buttons-page pdfprnt-bottom-left\"><a href=\"https:\/\/definition.nanninga.me\/fd\/wp-json\/wp\/v2\/pages\/504?print=print\" class=\"pdfprnt-button pdfprnt-button-print\" target=\"_blank\" ><img decoding=\"async\" src=\"https:\/\/definition.nanninga.me\/wp-content\/plugins\/pdf-print\/images\/print.png\" alt=\"image_print\" title=\"Inhalt drucken\" \/><span class=\"pdfprnt-button-title pdfprnt-button-print-title\">Print Page<\/span><\/a><\/div>","protected":false},"excerpt":{"rendered":"<p>Beginnt mit 2 Paaren, die R\u00fccken an R\u00fccken stehen Beide T\u00e4nzer drehen nach rechts und machen einen Halbkreis vorw\u00e4rts; dabei geht der linke T\u00e4nzer aus dem Paar einen etwas gr\u00f6\u00dferen Halbkreis und landet hinter seinem Partner Bei gehen weiter vorw\u00e4rts <span class=\"excerpt-dots\">&hellip;<\/span> <a class=\"more-link\" href=\"https:\/\/definition.nanninga.me\/fd\/plus-15-28\/26-chase-right\/\"><span class=\"more-msg\">Weiterlesen &rarr;<\/span><\/a><\/p>\n","protected":false},"author":1,"featured_media":0,"parent":448,"menu_order":0,"comment_status":"closed","ping_status":"closed","template":"","meta":{"footnotes":""},"class_list":["post-504","page","type-page","status-publish","hentry"],"translation":{"provider":"WPGlobus","version":"3.0.2","language":"fd","enabled_languages":["de","en","fd"],"languages":{"de":{"title":true,"content":true,"excerpt":false},"en":{"title":true,"content":true,"excerpt":false},"fd":{"title":true,"content":true,"excerpt":false}}},"_links":{"self":[{"href":"https:\/\/definition.nanninga.me\/fd\/wp-json\/wp\/v2\/pages\/504","targetHints":{"allow":["GET"]}}],"collection":[{"href":"https:\/\/definition.nanninga.me\/fd\/wp-json\/wp\/v2\/pages"}],"about":[{"href":"https:\/\/definition.nanninga.me\/fd\/wp-json\/wp\/v2\/types\/page"}],"author":[{"embeddable":true,"href":"https:\/\/definition.nanninga.me\/fd\/wp-json\/wp\/v2\/users\/1"}],"replies":[{"embeddable":true,"href":"https:\/\/definition.nanninga.me\/fd\/wp-json\/wp\/v2\/comments?post=504"}],"version-history":[{"count":8,"href":"https:\/\/definition.nanninga.me\/fd\/wp-json\/wp\/v2\/pages\/504\/revisions"}],"predecessor-version":[{"id":2318,"href":"https:\/\/definition.nanninga.me\/fd\/wp-json\/wp\/v2\/pages\/504\/revisions\/2318"}],"up":[{"embeddable":true,"href":"https:\/\/definition.nanninga.me\/fd\/wp-json\/wp\/v2\/pages\/448"}],"wp:attachment":[{"href":"https:\/\/definition.nanninga.me\/fd\/wp-json\/wp\/v2\/media?parent=504"}],"curies":[{"name":"wp","href":"https:\/\/api.w.org\/{rel}","templated":true}]}}