{"id":489,"date":"2018-10-21T08:25:14","date_gmt":"2018-10-21T06:25:14","guid":{"rendered":"http:\/\/definition.nanninga.myds.me\/?page_id=489"},"modified":"2021-12-08T19:55:27","modified_gmt":"2021-12-08T18:55:27","slug":"23-crossfire","status":"publish","type":"page","link":"https:\/\/definition.nanninga.me\/fd\/plus-15-28\/23-crossfire\/","title":{"rendered":"19. Crossfire"},"content":{"rendered":"<ul>\n<li>Wird von T\u00e4nzern als recht schwierig empfunden<\/li>\n<li>Centers Trade; Ends Cross Fold<\/li>\n<li>Centers gehen nach dem Trade vorw\u00e4rts und bilden Mini-Wave (oder Ocean Wave) sofern sie dann T\u00e4nzer ansehen;<\/li>\n<li>Wenn keine da ist; nur den Schritt vorw\u00e4rts<\/li>\n<\/ul>\n<p>&nbsp;<\/p>\n<p class=\"copyright\">ANIMATION<\/p>\n<div class=\"pdfprnt-buttons pdfprnt-buttons-page pdfprnt-bottom-left\"><a href=\"https:\/\/definition.nanninga.me\/fd\/wp-json\/wp\/v2\/pages\/489?print=print\" class=\"pdfprnt-button pdfprnt-button-print\" target=\"_blank\" ><img decoding=\"async\" src=\"https:\/\/definition.nanninga.me\/wp-content\/plugins\/pdf-print\/images\/print.png\" alt=\"image_print\" title=\"Inhalt drucken\" \/><span class=\"pdfprnt-button-title pdfprnt-button-print-title\">Print Page<\/span><\/a><\/div>","protected":false},"excerpt":{"rendered":"<p>Wird von T\u00e4nzern als recht schwierig empfunden Centers Trade; Ends Cross Fold Centers gehen nach dem Trade vorw\u00e4rts und bilden Mini-Wave (oder Ocean Wave) sofern sie dann T\u00e4nzer ansehen; Wenn keine da ist; nur den Schritt vorw\u00e4rts &nbsp; ANIMATION Print <span class=\"excerpt-dots\">&hellip;<\/span> <a class=\"more-link\" href=\"https:\/\/definition.nanninga.me\/fd\/plus-15-28\/23-crossfire\/\"><span class=\"more-msg\">Weiterlesen &rarr;<\/span><\/a><\/p>\n","protected":false},"author":1,"featured_media":0,"parent":448,"menu_order":0,"comment_status":"closed","ping_status":"closed","template":"","meta":{"footnotes":""},"class_list":["post-489","page","type-page","status-publish","hentry"],"translation":{"provider":"WPGlobus","version":"3.0.2","language":"fd","enabled_languages":["de","en","fd"],"languages":{"de":{"title":true,"content":true,"excerpt":false},"en":{"title":true,"content":true,"excerpt":false},"fd":{"title":true,"content":true,"excerpt":false}}},"_links":{"self":[{"href":"https:\/\/definition.nanninga.me\/fd\/wp-json\/wp\/v2\/pages\/489","targetHints":{"allow":["GET"]}}],"collection":[{"href":"https:\/\/definition.nanninga.me\/fd\/wp-json\/wp\/v2\/pages"}],"about":[{"href":"https:\/\/definition.nanninga.me\/fd\/wp-json\/wp\/v2\/types\/page"}],"author":[{"embeddable":true,"href":"https:\/\/definition.nanninga.me\/fd\/wp-json\/wp\/v2\/users\/1"}],"replies":[{"embeddable":true,"href":"https:\/\/definition.nanninga.me\/fd\/wp-json\/wp\/v2\/comments?post=489"}],"version-history":[{"count":8,"href":"https:\/\/definition.nanninga.me\/fd\/wp-json\/wp\/v2\/pages\/489\/revisions"}],"predecessor-version":[{"id":2321,"href":"https:\/\/definition.nanninga.me\/fd\/wp-json\/wp\/v2\/pages\/489\/revisions\/2321"}],"up":[{"embeddable":true,"href":"https:\/\/definition.nanninga.me\/fd\/wp-json\/wp\/v2\/pages\/448"}],"wp:attachment":[{"href":"https:\/\/definition.nanninga.me\/fd\/wp-json\/wp\/v2\/media?parent=489"}],"curies":[{"name":"wp","href":"https:\/\/api.w.org\/{rel}","templated":true}]}}