{"id":475,"date":"2018-10-21T08:19:11","date_gmt":"2018-10-21T06:19:11","guid":{"rendered":"http:\/\/definition.nanninga.myds.me\/?page_id=475"},"modified":"2021-12-08T20:59:43","modified_gmt":"2021-12-08T19:59:43","slug":"20-trade-the-wave","status":"publish","type":"page","link":"https:\/\/definition.nanninga.me\/fd\/plus-15-28\/20-trade-the-wave\/","title":{"rendered":"26. Trade the Wave"},"content":{"rendered":"<ul>\n<li>Beginnt in Ocean Wave<\/li>\n<li>Diejenigen, die in die gleiche Richtung sehen machen ein Trade (Platztausch und Blickrichtung 180 Grad gedreht)<\/li>\n<li>Wird oft mit &#8222;Take a Peek&#8220; eingeleitet. Damit sollen sich die T\u00e4nzer kurz orientieren, um herauszufinden, wer denn mit Ihnen in die gleiche Richtung sieht. Diese kurze Verst\u00e4ndigung macht es den T\u00e4nzern einfacher.<\/li>\n<li>Right-Hand Ocean Waves werden zu Left-Hand-Ocean Waves und umgekehrt<\/li>\n<li>Ends werden Centers und Centers werden Ends<\/li>\n<\/ul>\n<div style=\"width: 348px;\" class=\"wp-video\"><video class=\"wp-video-shortcode\" id=\"video-475-1\" width=\"348\" height=\"344\" preload=\"metadata\" controls=\"controls\"><source type=\"video\/mp4\" src=\"https:\/\/definition.nanninga.me\/wp-content\/uploads\/2019\/12\/Trade-the-wave.mp4?_=1\" \/><a href=\"https:\/\/definition.nanninga.me\/wp-content\/uploads\/2019\/12\/Trade-the-wave.mp4\">https:\/\/definition.nanninga.me\/wp-content\/uploads\/2019\/12\/Trade-the-wave.mp4<\/a><\/video><\/div>\n<div class=\"pdfprnt-buttons pdfprnt-buttons-page pdfprnt-bottom-left\"><a href=\"https:\/\/definition.nanninga.me\/fd\/wp-json\/wp\/v2\/pages\/475?print=print\" class=\"pdfprnt-button pdfprnt-button-print\" target=\"_blank\" ><img decoding=\"async\" src=\"https:\/\/definition.nanninga.me\/wp-content\/plugins\/pdf-print\/images\/print.png\" alt=\"image_print\" title=\"Inhalt drucken\" \/><span class=\"pdfprnt-button-title pdfprnt-button-print-title\">Print Page<\/span><\/a><\/div>","protected":false},"excerpt":{"rendered":"<p>Beginnt in Ocean Wave Diejenigen, die in die gleiche Richtung sehen machen ein Trade (Platztausch und Blickrichtung 180 Grad gedreht) Wird oft mit &#8222;Take a Peek&#8220; eingeleitet. Damit sollen sich die T\u00e4nzer kurz orientieren, um herauszufinden, wer denn mit Ihnen <span class=\"excerpt-dots\">&hellip;<\/span> <a class=\"more-link\" href=\"https:\/\/definition.nanninga.me\/fd\/plus-15-28\/20-trade-the-wave\/\"><span class=\"more-msg\">Weiterlesen &rarr;<\/span><\/a><\/p>\n","protected":false},"author":1,"featured_media":0,"parent":448,"menu_order":0,"comment_status":"closed","ping_status":"closed","template":"","meta":{"footnotes":""},"class_list":["post-475","page","type-page","status-publish","hentry"],"translation":{"provider":"WPGlobus","version":"3.0.2","language":"fd","enabled_languages":["de","en","fd"],"languages":{"de":{"title":true,"content":true,"excerpt":false},"en":{"title":true,"content":true,"excerpt":false},"fd":{"title":true,"content":true,"excerpt":false}}},"_links":{"self":[{"href":"https:\/\/definition.nanninga.me\/fd\/wp-json\/wp\/v2\/pages\/475","targetHints":{"allow":["GET"]}}],"collection":[{"href":"https:\/\/definition.nanninga.me\/fd\/wp-json\/wp\/v2\/pages"}],"about":[{"href":"https:\/\/definition.nanninga.me\/fd\/wp-json\/wp\/v2\/types\/page"}],"author":[{"embeddable":true,"href":"https:\/\/definition.nanninga.me\/fd\/wp-json\/wp\/v2\/users\/1"}],"replies":[{"embeddable":true,"href":"https:\/\/definition.nanninga.me\/fd\/wp-json\/wp\/v2\/comments?post=475"}],"version-history":[{"count":10,"href":"https:\/\/definition.nanninga.me\/fd\/wp-json\/wp\/v2\/pages\/475\/revisions"}],"predecessor-version":[{"id":2357,"href":"https:\/\/definition.nanninga.me\/fd\/wp-json\/wp\/v2\/pages\/475\/revisions\/2357"}],"up":[{"embeddable":true,"href":"https:\/\/definition.nanninga.me\/fd\/wp-json\/wp\/v2\/pages\/448"}],"wp:attachment":[{"href":"https:\/\/definition.nanninga.me\/fd\/wp-json\/wp\/v2\/media?parent=475"}],"curies":[{"name":"wp","href":"https:\/\/api.w.org\/{rel}","templated":true}]}}