{"id":472,"date":"2018-10-21T08:17:45","date_gmt":"2018-10-21T06:17:45","guid":{"rendered":"http:\/\/definition.nanninga.myds.me\/?page_id=472"},"modified":"2021-12-08T20:29:36","modified_gmt":"2021-12-08T19:29:36","slug":"19-single-circle-to-a-wave","status":"publish","type":"page","link":"https:\/\/definition.nanninga.me\/fd\/plus-15-28\/19-single-circle-to-a-wave\/","title":{"rendered":"25. Single Circle to a Wave"},"content":{"rendered":"<ul>\n<li>Im Prinzip aus Basic bekannt: ein Circle Left f\u00fcr nur 2 T\u00e4nzer (geben sich beide H\u00e4nde)<\/li>\n<li>Nach dem Circle Left (1\/2, 3\/4) Step to an Ocean Wave<\/li>\n<\/ul>\n<div style=\"width: 332px;\" class=\"wp-video\"><video class=\"wp-video-shortcode\" id=\"video-472-1\" width=\"332\" height=\"304\" preload=\"metadata\" controls=\"controls\"><source type=\"video\/mp4\" src=\"https:\/\/definition.nanninga.me\/wp-content\/uploads\/2019\/03\/P19-Single-Circle-anim.mp4?_=1\" \/><a href=\"https:\/\/definition.nanninga.me\/wp-content\/uploads\/2019\/03\/P19-Single-Circle-anim.mp4\">https:\/\/definition.nanninga.me\/wp-content\/uploads\/2019\/03\/P19-Single-Circle-anim.mp4<\/a><\/video><\/div>\n<p>&nbsp;<\/p>\n<div class=\"pdfprnt-buttons pdfprnt-buttons-page pdfprnt-bottom-left\"><a href=\"https:\/\/definition.nanninga.me\/fd\/wp-json\/wp\/v2\/pages\/472?print=print\" class=\"pdfprnt-button pdfprnt-button-print\" target=\"_blank\" ><img decoding=\"async\" src=\"https:\/\/definition.nanninga.me\/wp-content\/plugins\/pdf-print\/images\/print.png\" alt=\"image_print\" title=\"Inhalt drucken\" \/><span class=\"pdfprnt-button-title pdfprnt-button-print-title\">Print Page<\/span><\/a><\/div>","protected":false},"excerpt":{"rendered":" <a class=\"more-link\" href=\"https:\/\/definition.nanninga.me\/fd\/plus-15-28\/19-single-circle-to-a-wave\/\"><span class=\"more-msg\">Weiterlesen &rarr;<\/span><\/a>","protected":false},"author":1,"featured_media":0,"parent":448,"menu_order":0,"comment_status":"closed","ping_status":"closed","template":"","meta":{"footnotes":""},"class_list":["post-472","page","type-page","status-publish","hentry"],"translation":{"provider":"WPGlobus","version":"3.0.2","language":"fd","enabled_languages":["de","en","fd"],"languages":{"de":{"title":true,"content":true,"excerpt":false},"en":{"title":true,"content":true,"excerpt":false},"fd":{"title":true,"content":true,"excerpt":false}}},"_links":{"self":[{"href":"https:\/\/definition.nanninga.me\/fd\/wp-json\/wp\/v2\/pages\/472","targetHints":{"allow":["GET"]}}],"collection":[{"href":"https:\/\/definition.nanninga.me\/fd\/wp-json\/wp\/v2\/pages"}],"about":[{"href":"https:\/\/definition.nanninga.me\/fd\/wp-json\/wp\/v2\/types\/page"}],"author":[{"embeddable":true,"href":"https:\/\/definition.nanninga.me\/fd\/wp-json\/wp\/v2\/users\/1"}],"replies":[{"embeddable":true,"href":"https:\/\/definition.nanninga.me\/fd\/wp-json\/wp\/v2\/comments?post=472"}],"version-history":[{"count":8,"href":"https:\/\/definition.nanninga.me\/fd\/wp-json\/wp\/v2\/pages\/472\/revisions"}],"predecessor-version":[{"id":2344,"href":"https:\/\/definition.nanninga.me\/fd\/wp-json\/wp\/v2\/pages\/472\/revisions\/2344"}],"up":[{"embeddable":true,"href":"https:\/\/definition.nanninga.me\/fd\/wp-json\/wp\/v2\/pages\/448"}],"wp:attachment":[{"href":"https:\/\/definition.nanninga.me\/fd\/wp-json\/wp\/v2\/media?parent=472"}],"curies":[{"name":"wp","href":"https:\/\/api.w.org\/{rel}","templated":true}]}}