{"id":461,"date":"2018-10-21T08:12:32","date_gmt":"2018-10-21T06:12:32","guid":{"rendered":"http:\/\/definition.nanninga.myds.me\/?page_id=461"},"modified":"2021-12-08T20:18:49","modified_gmt":"2021-12-08T19:18:49","slug":"17-peel-the-top","status":"publish","type":"page","link":"https:\/\/definition.nanninga.me\/fd\/plus-15-28\/17-peel-the-top\/","title":{"rendered":"22. Peel the Top"},"content":{"rendered":"<ul>\n<li>Die vorderen T\u00e4nzer: Peel Off (d.h. \u00fcber \u00e4ussere Schulter 180 Grad)<\/li>\n<li>Die hinteren gehen vorw\u00e4rts gehen in eine Mini-Wave<\/li>\n<li>Nun muss man erkennen, dass nun eine Ocean Wave entstanden ist. Die Bewegungen der T\u00e4nzer setzen sich jedoch fort; daher f\u00fcr viele T\u00e4nzer schwer zu erkennen.<\/li>\n<li>Nun Fan The Top = die Centers (vormals hinteren T\u00e4nzer) Cast off 3\/4; die Ends (vormals vorderen T\u00e4nzer) gehen 1\/4 vorw\u00e4rts an das Ende der Ocean Wave<\/li>\n<\/ul>\n<div style=\"width: 332px;\" class=\"wp-video\"><video class=\"wp-video-shortcode\" id=\"video-461-1\" width=\"332\" height=\"304\" preload=\"metadata\" controls=\"controls\"><source type=\"video\/mp4\" src=\"https:\/\/definition.nanninga.me\/wp-content\/uploads\/2019\/03\/P17-Peel-the-top-anim.mp4?_=1\" \/><a href=\"https:\/\/definition.nanninga.me\/wp-content\/uploads\/2019\/03\/P17-Peel-the-top-anim.mp4\">https:\/\/definition.nanninga.me\/wp-content\/uploads\/2019\/03\/P17-Peel-the-top-anim.mp4<\/a><\/video><\/div>\n<p class=\"copyright\">\n<div class=\"pdfprnt-buttons pdfprnt-buttons-page pdfprnt-bottom-left\"><a href=\"https:\/\/definition.nanninga.me\/fd\/wp-json\/wp\/v2\/pages\/461?print=print\" class=\"pdfprnt-button pdfprnt-button-print\" target=\"_blank\" ><img decoding=\"async\" src=\"https:\/\/definition.nanninga.me\/wp-content\/plugins\/pdf-print\/images\/print.png\" alt=\"image_print\" title=\"Inhalt drucken\" \/><span class=\"pdfprnt-button-title pdfprnt-button-print-title\">Print Page<\/span><\/a><\/div>","protected":false},"excerpt":{"rendered":"<p>Die vorderen T\u00e4nzer: Peel Off (d.h. \u00fcber \u00e4ussere Schulter 180 Grad) Die hinteren gehen vorw\u00e4rts gehen in eine Mini-Wave Nun muss man erkennen, dass nun eine Ocean Wave entstanden ist. Die Bewegungen der T\u00e4nzer setzen sich jedoch fort; daher f\u00fcr <span class=\"excerpt-dots\">&hellip;<\/span> <a class=\"more-link\" href=\"https:\/\/definition.nanninga.me\/fd\/plus-15-28\/17-peel-the-top\/\"><span class=\"more-msg\">Weiterlesen &rarr;<\/span><\/a><\/p>\n","protected":false},"author":1,"featured_media":0,"parent":448,"menu_order":0,"comment_status":"closed","ping_status":"closed","template":"","meta":{"footnotes":""},"class_list":["post-461","page","type-page","status-publish","hentry"],"translation":{"provider":"WPGlobus","version":"3.0.2","language":"fd","enabled_languages":["de","en","fd"],"languages":{"de":{"title":true,"content":true,"excerpt":false},"en":{"title":true,"content":true,"excerpt":false},"fd":{"title":true,"content":true,"excerpt":false}}},"_links":{"self":[{"href":"https:\/\/definition.nanninga.me\/fd\/wp-json\/wp\/v2\/pages\/461","targetHints":{"allow":["GET"]}}],"collection":[{"href":"https:\/\/definition.nanninga.me\/fd\/wp-json\/wp\/v2\/pages"}],"about":[{"href":"https:\/\/definition.nanninga.me\/fd\/wp-json\/wp\/v2\/types\/page"}],"author":[{"embeddable":true,"href":"https:\/\/definition.nanninga.me\/fd\/wp-json\/wp\/v2\/users\/1"}],"replies":[{"embeddable":true,"href":"https:\/\/definition.nanninga.me\/fd\/wp-json\/wp\/v2\/comments?post=461"}],"version-history":[{"count":8,"href":"https:\/\/definition.nanninga.me\/fd\/wp-json\/wp\/v2\/pages\/461\/revisions"}],"predecessor-version":[{"id":2339,"href":"https:\/\/definition.nanninga.me\/fd\/wp-json\/wp\/v2\/pages\/461\/revisions\/2339"}],"up":[{"embeddable":true,"href":"https:\/\/definition.nanninga.me\/fd\/wp-json\/wp\/v2\/pages\/448"}],"wp:attachment":[{"href":"https:\/\/definition.nanninga.me\/fd\/wp-json\/wp\/v2\/media?parent=461"}],"curies":[{"name":"wp","href":"https:\/\/api.w.org\/{rel}","templated":true}]}}