{"id":453,"date":"2018-10-21T08:07:40","date_gmt":"2018-10-21T06:07:40","guid":{"rendered":"http:\/\/definition.nanninga.myds.me\/?page_id=453"},"modified":"2021-12-08T20:03:18","modified_gmt":"2021-12-08T19:03:18","slug":"15-explode-anything","status":"publish","type":"page","link":"https:\/\/definition.nanninga.me\/fd\/plus-15-28\/15-explode-anything\/","title":{"rendered":"18. Explode &#038; (Anything)"},"content":{"rendered":"<ul>\n<li>NUR aus Ocean Waves<\/li>\n<li>Aus der Ocean Wave ein Step thru (=Pass thru); dann 90 Grad zum benachbarten T\u00e4nzer drehen<\/li>\n<li>Danach kommt der 2. Teil (z.B. Right and Left thru, Touch 1\/4 &#8230;..); viele M\u00f6glichkeiten<\/li>\n<\/ul>\n<div style=\"width: 332px;\" class=\"wp-video\"><video class=\"wp-video-shortcode\" id=\"video-453-1\" width=\"332\" height=\"304\" preload=\"metadata\" controls=\"controls\"><source type=\"video\/mp4\" src=\"https:\/\/definition.nanninga.me\/wp-content\/uploads\/2019\/03\/P15-Explode-and-anim.mp4?_=1\" \/><a href=\"https:\/\/definition.nanninga.me\/wp-content\/uploads\/2019\/03\/P15-Explode-and-anim.mp4\">https:\/\/definition.nanninga.me\/wp-content\/uploads\/2019\/03\/P15-Explode-and-anim.mp4<\/a><\/video><\/div>\n<p>Kommentar: In der Definition wird nicht angegeben, ob die Ocean Wave Regel hier gilt. Also kann man es so interpretieren, dass sie gilt. Daher k\u00f6nnte es auch aus Facing Couples (und damit auch aus Lines gecallt werden): Zun\u00e4cht ein Step to an Ocean Wave; dann Step thru und Face in. Jeder Caller muss selbst entscheiden, ob er dies callen m\u00f6chte.<\/p>\n<p>&nbsp;<\/p>\n<div class=\"pdfprnt-buttons pdfprnt-buttons-page pdfprnt-bottom-left\"><a href=\"https:\/\/definition.nanninga.me\/fd\/wp-json\/wp\/v2\/pages\/453?print=print\" class=\"pdfprnt-button pdfprnt-button-print\" target=\"_blank\" ><img decoding=\"async\" src=\"https:\/\/definition.nanninga.me\/wp-content\/plugins\/pdf-print\/images\/print.png\" alt=\"image_print\" title=\"Inhalt drucken\" \/><span class=\"pdfprnt-button-title pdfprnt-button-print-title\">Print Page<\/span><\/a><\/div>","protected":false},"excerpt":{"rendered":"<p>NUR aus Ocean Waves Aus der Ocean Wave ein Step thru (=Pass thru); dann 90 Grad zum benachbarten T\u00e4nzer drehen Danach kommt der 2. Teil (z.B. Right and Left thru, Touch 1\/4 &#8230;..); viele M\u00f6glichkeiten Kommentar: In der Definition wird <span class=\"excerpt-dots\">&hellip;<\/span> <a class=\"more-link\" href=\"https:\/\/definition.nanninga.me\/fd\/plus-15-28\/15-explode-anything\/\"><span class=\"more-msg\">Weiterlesen &rarr;<\/span><\/a><\/p>\n","protected":false},"author":1,"featured_media":0,"parent":448,"menu_order":0,"comment_status":"closed","ping_status":"closed","template":"","meta":{"footnotes":""},"class_list":["post-453","page","type-page","status-publish","hentry"],"translation":{"provider":"WPGlobus","version":"3.0.2","language":"fd","enabled_languages":["de","en","fd"],"languages":{"de":{"title":true,"content":true,"excerpt":false},"en":{"title":true,"content":true,"excerpt":false},"fd":{"title":true,"content":true,"excerpt":false}}},"_links":{"self":[{"href":"https:\/\/definition.nanninga.me\/fd\/wp-json\/wp\/v2\/pages\/453","targetHints":{"allow":["GET"]}}],"collection":[{"href":"https:\/\/definition.nanninga.me\/fd\/wp-json\/wp\/v2\/pages"}],"about":[{"href":"https:\/\/definition.nanninga.me\/fd\/wp-json\/wp\/v2\/types\/page"}],"author":[{"embeddable":true,"href":"https:\/\/definition.nanninga.me\/fd\/wp-json\/wp\/v2\/users\/1"}],"replies":[{"embeddable":true,"href":"https:\/\/definition.nanninga.me\/fd\/wp-json\/wp\/v2\/comments?post=453"}],"version-history":[{"count":9,"href":"https:\/\/definition.nanninga.me\/fd\/wp-json\/wp\/v2\/pages\/453\/revisions"}],"predecessor-version":[{"id":2328,"href":"https:\/\/definition.nanninga.me\/fd\/wp-json\/wp\/v2\/pages\/453\/revisions\/2328"}],"up":[{"embeddable":true,"href":"https:\/\/definition.nanninga.me\/fd\/wp-json\/wp\/v2\/pages\/448"}],"wp:attachment":[{"href":"https:\/\/definition.nanninga.me\/fd\/wp-json\/wp\/v2\/media?parent=453"}],"curies":[{"name":"wp","href":"https:\/\/api.w.org\/{rel}","templated":true}]}}