{"id":428,"date":"2018-10-21T07:55:26","date_gmt":"2018-10-21T05:55:26","guid":{"rendered":"http:\/\/definition.nanninga.myds.me\/?page_id=428"},"modified":"2021-12-08T19:48:30","modified_gmt":"2021-12-08T18:48:30","slug":"11-anything-roll","status":"publish","type":"page","link":"https:\/\/definition.nanninga.me\/fd\/plus\/11-anything-roll\/","title":{"rendered":"12. (Anything) &#038; Roll"},"content":{"rendered":"<ul>\n<li>Vorher kommt IMMER ein anderen Kommando, bei dem mindestens 1 T\u00e4nzer eine Drehbewegung (Body Flow) nach rechts oder links hat (bei Beendigung des vorherigen Calls).<\/li>\n<li>Diese T\u00e4nzer drehen mit der K\u00f6rperbewegung 1\/4 (90 Grad) mehr AUF DER STELLE<\/li>\n<li>Geht nicht wenn man vorw\u00e4rts ging (Ende des vorherigen Calls)<\/li>\n<li>Geht bei vielen vorherigen Calls; bei einigen nur f\u00fcr einige T\u00e4nzer (s. Regel)<\/li>\n<\/ul>\n<div style=\"width: 332px;\" class=\"wp-video\"><video class=\"wp-video-shortcode\" id=\"video-428-1\" width=\"332\" height=\"304\" preload=\"metadata\" controls=\"controls\"><source type=\"video\/mp4\" src=\"https:\/\/definition.nanninga.me\/wp-content\/uploads\/2019\/03\/P11-and-roll-anim.mp4?_=1\" \/><a href=\"https:\/\/definition.nanninga.me\/wp-content\/uploads\/2019\/03\/P11-and-roll-anim.mp4\">https:\/\/definition.nanninga.me\/wp-content\/uploads\/2019\/03\/P11-and-roll-anim.mp4<\/a><\/video><\/div>\n<p>Taminations zeigt eine lange Liste von Calls mit entsprechenden Demonstrationen:<\/p>\n<ul>\n<li>Bend the Line and Roll (= Completed Double Pass Thru)<\/li>\n<li>Cast off 3\/4 and Roll aus outfacing lines (= Completed\u00a0 Double Pass Thru)<\/li>\n<li>Chase right and roll (nur Leaders k\u00f6nnen Roll!)<\/li>\n<li>Cloverleaf aus completed Double Pass Thru and roll (Nur Trailers k\u00f6nnen Roll)<\/li>\n<li>Cut The Diamond and Roll (Nur Points k\u00f6nnen Roll)<\/li>\n<li>Dixie Style and Roll (= Facing Couples in Box)<\/li>\n<li>Ends Fold and Roll (Nur Ends machen Roll)<\/li>\n<li>Explode and Roll (=Facing Couples)<\/li>\n<li>Ferris Wheel and Roll (=2-Faced Lines)<\/li>\n<li>Flip the Diamond and Roll (=Facing Couples)<\/li>\n<li>Flutterwheel and Roll (=Column)<\/li>\n<li>Hinge and Roll (Facing Dancers)<\/li>\n<li>Lead Right and Roll (Nur angesprochenen machen Roll)<\/li>\n<li>Partner Trade and Roll (siehe Animation)<\/li>\n<li>Pass to the Center and Roll (Nur Paare die nach au\u00dfen kommen machen Roll)<\/li>\n<li>Peel Off and Roll<\/li>\n<li>Recycle and Roll (=Ocean Wave)<\/li>\n<li>Reverse Flutterwheel and Roll (=column)<\/li>\n<li>Right and Left Thru and Roll<\/li>\n<li>Centers Run and Roll (nur angesprochene machen Roll)<\/li>\n<li>Scoot Back and Roll (nur die das Flip machen k\u00f6nnen Roll)<\/li>\n<li>Slide Thru and Roll<\/li>\n<li>Spin the top and Roll (Tandems)<\/li>\n<li>Touch 1\/4 and Roll (to Face)<\/li>\n<li>Trade and Roll<\/li>\n<li>Trade By and Roll (Nur diejeneigen, die Partner Trade machen)<\/li>\n<li>U turn Back and Roll<\/li>\n<li>Wheel and Deal and Roll<\/li>\n<\/ul>\n<p>&nbsp;<\/p>\n<ul>\n<li>Mit einigen F\u00e4llen hat sich das\u00a0 Applicaton Review Committee:besch\u00e4ftigt.\n<ul>\n<li>NICHT nach Pass The Ocean<\/li>\n<li>Circle to a Line and Roll (kann nur der Endt\u00e4nzer machen, der das Twirl durchf\u00fchrt)<\/li>\n<li>Cloverleaf and Roll: die hinteren T\u00e4nzer k\u00f6nnen ein Roll ausf\u00fchren; vordere nicht; Wenn kein Tandem geht es f\u00fcr die vorderen<\/li>\n<li>Spin Chain and Exchange the Gears and Roll: Geht f\u00fcr die hinteren T\u00e4nzer<\/li>\n<\/ul>\n<\/li>\n<\/ul>\n<div class=\"pdfprnt-buttons pdfprnt-buttons-page pdfprnt-bottom-left\"><a href=\"https:\/\/definition.nanninga.me\/fd\/wp-json\/wp\/v2\/pages\/428?print=print\" class=\"pdfprnt-button pdfprnt-button-print\" target=\"_blank\" ><img decoding=\"async\" src=\"https:\/\/definition.nanninga.me\/wp-content\/plugins\/pdf-print\/images\/print.png\" alt=\"image_print\" title=\"Inhalt drucken\" \/><span class=\"pdfprnt-button-title pdfprnt-button-print-title\">Print Page<\/span><\/a><\/div>","protected":false},"excerpt":{"rendered":"<p>Vorher kommt IMMER ein anderen Kommando, bei dem mindestens 1 T\u00e4nzer eine Drehbewegung (Body Flow) nach rechts oder links hat (bei Beendigung des vorherigen Calls). Diese T\u00e4nzer drehen mit der K\u00f6rperbewegung 1\/4 (90 Grad) mehr AUF DER STELLE Geht nicht <span class=\"excerpt-dots\">&hellip;<\/span> <a class=\"more-link\" href=\"https:\/\/definition.nanninga.me\/fd\/plus\/11-anything-roll\/\"><span class=\"more-msg\">Weiterlesen &rarr;<\/span><\/a><\/p>\n","protected":false},"author":1,"featured_media":0,"parent":23,"menu_order":0,"comment_status":"closed","ping_status":"closed","template":"","meta":{"footnotes":""},"class_list":["post-428","page","type-page","status-publish","hentry"],"translation":{"provider":"WPGlobus","version":"3.0.2","language":"fd","enabled_languages":["de","en","fd"],"languages":{"de":{"title":true,"content":true,"excerpt":false},"en":{"title":true,"content":true,"excerpt":false},"fd":{"title":true,"content":true,"excerpt":false}}},"_links":{"self":[{"href":"https:\/\/definition.nanninga.me\/fd\/wp-json\/wp\/v2\/pages\/428","targetHints":{"allow":["GET"]}}],"collection":[{"href":"https:\/\/definition.nanninga.me\/fd\/wp-json\/wp\/v2\/pages"}],"about":[{"href":"https:\/\/definition.nanninga.me\/fd\/wp-json\/wp\/v2\/types\/page"}],"author":[{"embeddable":true,"href":"https:\/\/definition.nanninga.me\/fd\/wp-json\/wp\/v2\/users\/1"}],"replies":[{"embeddable":true,"href":"https:\/\/definition.nanninga.me\/fd\/wp-json\/wp\/v2\/comments?post=428"}],"version-history":[{"count":13,"href":"https:\/\/definition.nanninga.me\/fd\/wp-json\/wp\/v2\/pages\/428\/revisions"}],"predecessor-version":[{"id":2316,"href":"https:\/\/definition.nanninga.me\/fd\/wp-json\/wp\/v2\/pages\/428\/revisions\/2316"}],"up":[{"embeddable":true,"href":"https:\/\/definition.nanninga.me\/fd\/wp-json\/wp\/v2\/pages\/23"}],"wp:attachment":[{"href":"https:\/\/definition.nanninga.me\/fd\/wp-json\/wp\/v2\/media?parent=428"}],"curies":[{"name":"wp","href":"https:\/\/api.w.org\/{rel}","templated":true}]}}