{"id":413,"date":"2018-10-21T07:48:12","date_gmt":"2018-10-21T05:48:12","guid":{"rendered":"http:\/\/definition.nanninga.myds.me\/?page_id=413"},"modified":"2021-12-08T19:49:11","modified_gmt":"2021-12-08T18:49:11","slug":"08-anything-spread","status":"publish","type":"page","link":"https:\/\/definition.nanninga.me\/fd\/plus\/08-anything-spread\/","title":{"rendered":"10. (Anything) &#038; Spread"},"content":{"rendered":"<ul>\n<li>&#8230; and Spread erfolgt immer NACH einem anderen Call. Es sind diverse Calls vorher m\u00f6glich<\/li>\n<li>Die T\u00e4nzer m\u00fcssen erkennen, in welcher Formation sie sich nach dem vorherigen Call befinden; Danach erfolgt der Spread;\n<ul>\n<li>Variation 1: Angesprochene Spread; andere nicht aktiv -&gt; angesprochene gehen auseinander; andere treten dazwischen<\/li>\n<li>Variation 2: Aus Linien oder Waves; Centers auseinander: andere ins Center<\/li>\n<li>Variation 3: Aus Tandems: Vordere seitw\u00e4rts auseinander; die anderen dazwischen<\/li>\n<\/ul>\n<\/li>\n<\/ul>\n<div style=\"width: 332px;\" class=\"wp-video\"><video class=\"wp-video-shortcode\" id=\"video-413-1\" width=\"332\" height=\"304\" preload=\"metadata\" controls=\"controls\"><source type=\"video\/mp4\" src=\"https:\/\/definition.nanninga.me\/wp-content\/uploads\/2019\/02\/P08-and-spread-anim.mp4?_=1\" \/><a href=\"https:\/\/definition.nanninga.me\/wp-content\/uploads\/2019\/02\/P08-and-spread-anim.mp4\">https:\/\/definition.nanninga.me\/wp-content\/uploads\/2019\/02\/P08-and-spread-anim.mp4<\/a><\/video><\/div>\n<p class=\"copyright\">\n<div class=\"pdfprnt-buttons pdfprnt-buttons-page pdfprnt-bottom-left\"><a href=\"https:\/\/definition.nanninga.me\/fd\/wp-json\/wp\/v2\/pages\/413?print=print\" class=\"pdfprnt-button pdfprnt-button-print\" target=\"_blank\" ><img decoding=\"async\" src=\"https:\/\/definition.nanninga.me\/wp-content\/plugins\/pdf-print\/images\/print.png\" alt=\"image_print\" title=\"Inhalt drucken\" \/><span class=\"pdfprnt-button-title pdfprnt-button-print-title\">Print Page<\/span><\/a><\/div>","protected":false},"excerpt":{"rendered":"<p>&#8230; and Spread erfolgt immer NACH einem anderen Call. Es sind diverse Calls vorher m\u00f6glich Die T\u00e4nzer m\u00fcssen erkennen, in welcher Formation sie sich nach dem vorherigen Call befinden; Danach erfolgt der Spread; Variation 1: Angesprochene Spread; andere nicht aktiv <span class=\"excerpt-dots\">&hellip;<\/span> <a class=\"more-link\" href=\"https:\/\/definition.nanninga.me\/fd\/plus\/08-anything-spread\/\"><span class=\"more-msg\">Weiterlesen &rarr;<\/span><\/a><\/p>\n","protected":false},"author":1,"featured_media":0,"parent":23,"menu_order":0,"comment_status":"closed","ping_status":"closed","template":"","meta":{"footnotes":""},"class_list":["post-413","page","type-page","status-publish","hentry"],"translation":{"provider":"WPGlobus","version":"3.0.2","language":"fd","enabled_languages":["de","en","fd"],"languages":{"de":{"title":true,"content":true,"excerpt":false},"en":{"title":true,"content":true,"excerpt":false},"fd":{"title":true,"content":true,"excerpt":false}}},"_links":{"self":[{"href":"https:\/\/definition.nanninga.me\/fd\/wp-json\/wp\/v2\/pages\/413","targetHints":{"allow":["GET"]}}],"collection":[{"href":"https:\/\/definition.nanninga.me\/fd\/wp-json\/wp\/v2\/pages"}],"about":[{"href":"https:\/\/definition.nanninga.me\/fd\/wp-json\/wp\/v2\/types\/page"}],"author":[{"embeddable":true,"href":"https:\/\/definition.nanninga.me\/fd\/wp-json\/wp\/v2\/users\/1"}],"replies":[{"embeddable":true,"href":"https:\/\/definition.nanninga.me\/fd\/wp-json\/wp\/v2\/comments?post=413"}],"version-history":[{"count":12,"href":"https:\/\/definition.nanninga.me\/fd\/wp-json\/wp\/v2\/pages\/413\/revisions"}],"predecessor-version":[{"id":2317,"href":"https:\/\/definition.nanninga.me\/fd\/wp-json\/wp\/v2\/pages\/413\/revisions\/2317"}],"up":[{"embeddable":true,"href":"https:\/\/definition.nanninga.me\/fd\/wp-json\/wp\/v2\/pages\/23"}],"wp:attachment":[{"href":"https:\/\/definition.nanninga.me\/fd\/wp-json\/wp\/v2\/media?parent=413"}],"curies":[{"name":"wp","href":"https:\/\/api.w.org\/{rel}","templated":true}]}}