{"id":380,"date":"2018-10-21T07:17:11","date_gmt":"2018-10-21T05:17:11","guid":{"rendered":"http:\/\/definition.nanninga.myds.me\/?page_id=380"},"modified":"2021-12-08T20:57:30","modified_gmt":"2021-12-08T19:57:30","slug":"02-teacup-chain","status":"publish","type":"page","link":"https:\/\/definition.nanninga.me\/fd\/plus\/02-teacup-chain\/","title":{"rendered":"05. Teacup Chain"},"content":{"rendered":"<ul>\n<li>Dies ist eine relative lange Definition mit vielen Bewegungen und daher schwer zu beschreiben.<\/li>\n<li>Daher versuche ich dies mit mehreren Animationen zu verdeutlichen. Sucht Euch bei den Animationen mal jeweils einen Herrn oder eine Dame heraus und verfolgt den Bewegungsablauf. Insbesondere achtet darauf, wie weit man sich dreht (manchmal 3\/4, dann auch 5\/4 wie in der Definition ausgef\u00fchrt)<\/li>\n<li>Die Reihenfolge ist einmal im Square herum; d.h. erst Corner, dann Gegen\u00fcber, dann 3. T\u00e4nzer und zur\u00fcck zum Partner<\/li>\n<\/ul>\n<div style=\"width: 332px;\" class=\"wp-video\"><video class=\"wp-video-shortcode\" id=\"video-380-1\" width=\"332\" height=\"304\" preload=\"metadata\" controls=\"controls\"><source type=\"video\/mp4\" src=\"https:\/\/definition.nanninga.me\/wp-content\/uploads\/2019\/02\/P02-Teacup-Chain.mp4?_=1\" \/><a href=\"https:\/\/definition.nanninga.me\/wp-content\/uploads\/2019\/02\/P02-Teacup-Chain.mp4\">https:\/\/definition.nanninga.me\/wp-content\/uploads\/2019\/02\/P02-Teacup-Chain.mp4<\/a><\/video><\/div>\n<p>Die folgende Animation habe ich mir von den Seiten der OpenSquare Osterholz-Scharmbeck ausgeliehen:<\/p>\n<div style=\"width: 400px;\" class=\"wp-video\"><video class=\"wp-video-shortcode\" id=\"video-380-2\" width=\"400\" height=\"400\" preload=\"metadata\" controls=\"controls\"><source type=\"video\/mp4\" src=\"https:\/\/definition.nanninga.me\/wp-content\/uploads\/2018\/11\/76_TeacupChain.mp4?_=2\" \/><a href=\"https:\/\/definition.nanninga.me\/wp-content\/uploads\/2018\/11\/76_TeacupChain.mp4\">https:\/\/definition.nanninga.me\/wp-content\/uploads\/2018\/11\/76_TeacupChain.mp4<\/a><\/video><\/div>\n<p>Die folgenden Animation stammt aus Beschreibungen einer japanischen Seite:<\/p>\n<p><img loading=\"lazy\" decoding=\"async\" class=\"alignnone size-full wp-image-1077\" src=\"https:\/\/definition.nanninga.me\/wp-content\/uploads\/2018\/11\/pm-teacupch1.gif\" alt=\"\" width=\"140\" height=\"140\" \/><\/p>\n<p>Die letzte Version ist ein Link zu den Taminations:\u00a0<a href=\"https:\/\/www.tamtwirlers.org\/taminations\/#action=STARTUP\">https:\/\/www.tamtwirlers.org\/taminations<\/a><\/p>\n<p>Hinweis: Die Taminatinon funktionieren nur wenn es eine Verbindung zum Internet gibt!<\/p>\n<p><strong>Tea Cup Chain<\/strong><\/p>\n<p><iframe loading=\"lazy\" src=\"https:\/\/www.tamtwirlers.org\/taminations\/#link=plus%2Fteacup_chain&amp;name=Teacup%20Chain%20from%20Static%20Square&amp;level=true&amp;title=Teacup%20Chain&amp;animnum=0&amp;action=ANIMLIST&amp;&amp;&amp;embed&amp;play&amp;grid\" width=\"500\" height=\"500\"><\/iframe><\/p>\n<div class=\"pdfprnt-buttons pdfprnt-buttons-page pdfprnt-bottom-left\"><a href=\"https:\/\/definition.nanninga.me\/fd\/wp-json\/wp\/v2\/pages\/380?print=print\" class=\"pdfprnt-button pdfprnt-button-print\" target=\"_blank\" ><img decoding=\"async\" src=\"https:\/\/definition.nanninga.me\/wp-content\/plugins\/pdf-print\/images\/print.png\" alt=\"image_print\" title=\"Inhalt drucken\" \/><span class=\"pdfprnt-button-title pdfprnt-button-print-title\">Print Page<\/span><\/a><\/div>","protected":false},"excerpt":{"rendered":"<p>Dies ist eine relative lange Definition mit vielen Bewegungen und daher schwer zu beschreiben. Daher versuche ich dies mit mehreren Animationen zu verdeutlichen. Sucht Euch bei den Animationen mal jeweils einen Herrn oder eine Dame heraus und verfolgt den Bewegungsablauf. <span class=\"excerpt-dots\">&hellip;<\/span> <a class=\"more-link\" href=\"https:\/\/definition.nanninga.me\/fd\/plus\/02-teacup-chain\/\"><span class=\"more-msg\">Weiterlesen &rarr;<\/span><\/a><\/p>\n","protected":false},"author":1,"featured_media":0,"parent":23,"menu_order":0,"comment_status":"closed","ping_status":"closed","template":"","meta":{"footnotes":""},"class_list":["post-380","page","type-page","status-publish","hentry"],"translation":{"provider":"WPGlobus","version":"3.0.2","language":"fd","enabled_languages":["de","en","fd"],"languages":{"de":{"title":true,"content":true,"excerpt":false},"en":{"title":true,"content":true,"excerpt":false},"fd":{"title":true,"content":true,"excerpt":false}}},"_links":{"self":[{"href":"https:\/\/definition.nanninga.me\/fd\/wp-json\/wp\/v2\/pages\/380","targetHints":{"allow":["GET"]}}],"collection":[{"href":"https:\/\/definition.nanninga.me\/fd\/wp-json\/wp\/v2\/pages"}],"about":[{"href":"https:\/\/definition.nanninga.me\/fd\/wp-json\/wp\/v2\/types\/page"}],"author":[{"embeddable":true,"href":"https:\/\/definition.nanninga.me\/fd\/wp-json\/wp\/v2\/users\/1"}],"replies":[{"embeddable":true,"href":"https:\/\/definition.nanninga.me\/fd\/wp-json\/wp\/v2\/comments?post=380"}],"version-history":[{"count":23,"href":"https:\/\/definition.nanninga.me\/fd\/wp-json\/wp\/v2\/pages\/380\/revisions"}],"predecessor-version":[{"id":2355,"href":"https:\/\/definition.nanninga.me\/fd\/wp-json\/wp\/v2\/pages\/380\/revisions\/2355"}],"up":[{"embeddable":true,"href":"https:\/\/definition.nanninga.me\/fd\/wp-json\/wp\/v2\/pages\/23"}],"wp:attachment":[{"href":"https:\/\/definition.nanninga.me\/fd\/wp-json\/wp\/v2\/media?parent=380"}],"curies":[{"name":"wp","href":"https:\/\/api.w.org\/{rel}","templated":true}]}}