{"id":368,"date":"2018-10-21T07:08:26","date_gmt":"2018-10-21T05:08:26","guid":{"rendered":"http:\/\/definition.nanninga.myds.me\/?page_id=368"},"modified":"2019-02-14T15:52:56","modified_gmt":"2019-02-14T14:52:56","slug":"vorwort","status":"publish","type":"page","link":"https:\/\/definition.nanninga.me\/fd\/plus\/vorwort\/","title":{"rendered":"Vorwort"},"content":{"rendered":"<p>Zun\u00e4chst einmal einige Hinweise, f\u00fcr T\u00e4nzer, die Plus lernen wollen:<\/p>\n<ul>\n<li>Wer Plus tanzen m\u00f6chte, sollte ein sicherer Mainstream T\u00e4nzer sein. Dies ist man in der Regel erst nach 1-2 Jahren (nach der Graduation), sofern man regelm\u00e4\u00dfig tanzt (Ausnahmen best\u00e4tigen die Regel).<\/li>\n<li>Bevor man mit den Plus Figuren anf\u00e4ngt sollte man diverse Mainstream Figuren wiederholen. So gelten im Plus z.B. die Regeln hinsichtlich Boy\/Girl (z.B. Courtesy Turn) nicht mehr. Aus den Worten &#8222;Im Mainstream nur &#8230;. &#8220; wird geschlossen, dass dies bei Plus und\u00a0 h\u00f6hereren Programmen nicht mehr gilt. Man mu\u00df also eine Reihe von Mainstream Figuren neu lernen<\/li>\n<li>Auch sollte man die Formationen und die Begriffe daf\u00fcr (Double Pass thru, Quarter Tag &#8230;..) kennen. Aber auch Begriffe wie &#8222;Zero Box&#8220; oder &#8222;Zero Line&#8220; sollten nicht unbekannt sein.<\/li>\n<li>Es ist \u00e4u\u00dferst hilfreich, wenn man sich auch mit den genauen Definitionen der Calls befa\u00dft hat. So reicht ein &#8222;beim Allemande Left dreht man sich zum Corner und macht linken Arm Turn bis man den Partner sieht&#8220; nicht mehr aus. Nunmehr muss man sich schon etwas genauer mit der Definition befassen.<\/li>\n<\/ul>\n<p>Zus\u00e4tzlich gilt &#8211; zumindest in Deutschland &#8211; bei T\u00e4nzen, die ich gesehen habe:<\/p>\n<ul>\n<li>Das Tempo ist bei Plus i.d.R. deutlich h\u00f6her<\/li>\n<li>Es werden f\u00fcr alle Calls (inklusive Mainstream) verwendet:\n<ul>\n<li>Reverse Konzept<\/li>\n<li>Left handed Calls<\/li>\n<li>Aufteilung der Calls in Teilen (1-1\/2, 2\/3 of ..) sind \u00fcblich<\/li>\n<li>Oft trifft man auf Formationen, die von den Definitionen nur als Gimmicks betrachtet werden.<\/li>\n<\/ul>\n<\/li>\n<\/ul>\n<p>Folglich muss man sich darauf einstellen, doch eine steile Lernkurve vor sich zu haben. <strong>Sollte man dies nicht wollen, sollte man ein guter und sicherer Mainstream T\u00e4nzer bleiben. Es ist schon bei vielen der Spa\u00df am Hobby im n\u00e4chsten Level verloren gegangen.<\/strong><\/p>\n<p>&nbsp;<\/p>\n<p><strong>Animationen<\/strong><\/p>\n<p>Hinsichtlich der Animationen mu\u00dfte ich entscheiden, wie weit ich die vielf\u00e4ltigen Anwendungen verwenden soll. Ich habe mich entschieden, die Calls jeweils nur aus den h\u00e4ufigsten Formationen, d.h. aus den <strong>Standardformationen<\/strong> zu zeigen.<\/p>\n<p>Vornehmliches Ziel ist es, den T\u00e4nzern einen Eindruck von dem Ablauf der Calls zu geben. Ausnahmen und Interpretationen \u00fcberlasse ich den Caller-Kollegen.<\/p>\n<p>&nbsp;<\/p>\n<p>&nbsp;<\/p>\n<p>&nbsp;<\/p>\n<div class=\"pdfprnt-buttons pdfprnt-buttons-page pdfprnt-bottom-left\"><a href=\"https:\/\/definition.nanninga.me\/fd\/wp-json\/wp\/v2\/pages\/368?print=print\" class=\"pdfprnt-button pdfprnt-button-print\" target=\"_blank\" ><img decoding=\"async\" src=\"https:\/\/definition.nanninga.me\/wp-content\/plugins\/pdf-print\/images\/print.png\" alt=\"image_print\" title=\"Inhalt drucken\" \/><span class=\"pdfprnt-button-title pdfprnt-button-print-title\">Print Page<\/span><\/a><\/div>","protected":false},"excerpt":{"rendered":"<p>Zun\u00e4chst einmal einige Hinweise, f\u00fcr T\u00e4nzer, die Plus lernen wollen: Wer Plus tanzen m\u00f6chte, sollte ein sicherer Mainstream T\u00e4nzer sein. Dies ist man in der Regel erst nach 1-2 Jahren (nach der Graduation), sofern man regelm\u00e4\u00dfig tanzt (Ausnahmen best\u00e4tigen die <span class=\"excerpt-dots\">&hellip;<\/span> <a class=\"more-link\" href=\"https:\/\/definition.nanninga.me\/fd\/plus\/vorwort\/\"><span class=\"more-msg\">Weiterlesen &rarr;<\/span><\/a><\/p>\n","protected":false},"author":1,"featured_media":0,"parent":23,"menu_order":0,"comment_status":"closed","ping_status":"closed","template":"","meta":{"footnotes":""},"class_list":["post-368","page","type-page","status-publish","hentry"],"translation":{"provider":"WPGlobus","version":"3.0.2","language":"fd","enabled_languages":["de","en","fd"],"languages":{"de":{"title":true,"content":true,"excerpt":false},"en":{"title":true,"content":true,"excerpt":false},"fd":{"title":false,"content":true,"excerpt":false}}},"_links":{"self":[{"href":"https:\/\/definition.nanninga.me\/fd\/wp-json\/wp\/v2\/pages\/368","targetHints":{"allow":["GET"]}}],"collection":[{"href":"https:\/\/definition.nanninga.me\/fd\/wp-json\/wp\/v2\/pages"}],"about":[{"href":"https:\/\/definition.nanninga.me\/fd\/wp-json\/wp\/v2\/types\/page"}],"author":[{"embeddable":true,"href":"https:\/\/definition.nanninga.me\/fd\/wp-json\/wp\/v2\/users\/1"}],"replies":[{"embeddable":true,"href":"https:\/\/definition.nanninga.me\/fd\/wp-json\/wp\/v2\/comments?post=368"}],"version-history":[{"count":8,"href":"https:\/\/definition.nanninga.me\/fd\/wp-json\/wp\/v2\/pages\/368\/revisions"}],"predecessor-version":[{"id":1985,"href":"https:\/\/definition.nanninga.me\/fd\/wp-json\/wp\/v2\/pages\/368\/revisions\/1985"}],"up":[{"embeddable":true,"href":"https:\/\/definition.nanninga.me\/fd\/wp-json\/wp\/v2\/pages\/23"}],"wp:attachment":[{"href":"https:\/\/definition.nanninga.me\/fd\/wp-json\/wp\/v2\/media?parent=368"}],"curies":[{"name":"wp","href":"https:\/\/api.w.org\/{rel}","templated":true}]}}