{"id":364,"date":"2018-10-21T07:04:10","date_gmt":"2018-10-21T05:04:10","guid":{"rendered":"http:\/\/definition.nanninga.myds.me\/?page_id=364"},"modified":"2021-12-08T21:41:16","modified_gmt":"2021-12-08T20:41:16","slug":"plus-list","status":"publish","type":"page","link":"https:\/\/definition.nanninga.me\/fd\/plus\/plus-list\/","title":{"rendered":"Plus List"},"content":{"rendered":"<p><strong>Plus Liste \u2013 Teaching Order &#8211; Status 01.September 2021<\/strong><\/p>\n<div class='jtrt_table_MotherShipContainer'><div class='jtTableContainer jtrespo-scroll  ' ><div class='jtsettingcontainer' style='display:none;position:absolute;left:-9999px;'><textarea data-jtrt-table-id='2367' id='jtrt_table_settings_2367' cols='30' rows='10'>[[[\"\"],[\"<a href='https:\\\/\\\/definition.nanninga.me\\\/plus\\\/01-acey-deucey\\\/'>01. Acey Deucey<\\\/a>\"],[\"02. Spin Chain the Gears\"],[\"03. Grand Swing Thru\"],[\"04. Triple Scoot\"],[\"05. Teacup Chain\"],[\"06. Ping Pong Circulate\"],[\"07. Load the Boat\"],[\"08. Peel Off\"],[\"09. Coordinate\"],[\"10. Anything & Spread\"],[\"11. Track 2\"],[\"12. Anything & Roll\"],[\"13. Follow Your Neighbor\"],[\"14. Fan the top\"],[\"15. Dixie Grand\"],[\"16. Spin Chain & Exchange the gears\"],[\"17. Exploade the wave\"],[\"18. Explode & Anything\"],[\"19. Crossfire\"],[\"20. Relay the Deucey\"],[\"21. Linear Cycle\"],[\"22. Peel the top\"],[\"23. Diamond Circulate\"],[\"24. Cut the Diamond\"],[\"25. Single Circle to a Wave\"],[\"26. Trade the Wave\"],[\"27. Flip the Diamond\"],[\"28. All 8 Spin the Top\"],[\"29. Chase Right\"]],[{\"row\":0,\"col\":0,\"visualRow\":0,\"visualCol\":0,\"prop\":0},{\"row\":1,\"col\":0,\"visualRow\":1,\"visualCol\":0,\"prop\":0,\"jtcellstyle\":{\"font-weight\":\"bold\"}},{\"row\":2,\"col\":0,\"visualRow\":2,\"visualCol\":0,\"prop\":0,\"jtcellstyle\":{\"font-weight\":\"bold\"}},{\"row\":3,\"col\":0,\"visualRow\":3,\"visualCol\":0,\"prop\":0,\"jtcellstyle\":{\"font-weight\":\"bold\",\"font-style\":\"inherit\"}},{\"row\":4,\"col\":0,\"visualRow\":4,\"visualCol\":0,\"prop\":0,\"jtcellstyle\":{\"font-weight\":\"bold\"}},{\"row\":5,\"col\":0,\"visualRow\":5,\"visualCol\":0,\"prop\":0,\"jtcellstyle\":{\"font-weight\":\"bold\"}},{\"row\":6,\"col\":0,\"visualRow\":6,\"visualCol\":0,\"prop\":0},{\"row\":7,\"col\":0,\"visualRow\":7,\"visualCol\":0,\"prop\":0,\"jtcellstyle\":{\"font-style\":\"inherit\",\"font-weight\":\"inherit\"}},{\"row\":8,\"col\":0,\"visualRow\":8,\"visualCol\":0,\"prop\":0,\"jtcellstyle\":{\"font-style\":\"inherit\"}},{\"row\":9,\"col\":0,\"visualRow\":9,\"visualCol\":0,\"prop\":0,\"jtcellstyle\":{\"font-weight\":\"bold\"}},{\"row\":10,\"col\":0,\"visualRow\":10,\"visualCol\":0,\"prop\":0,\"jtcellstyle\":{\"font-weight\":\"bold\",\"font-style\":\"inherit\"}},{\"row\":11,\"col\":0,\"visualRow\":11,\"visualCol\":0,\"prop\":0,\"jtcellstyle\":{\"font-weight\":\"bold\"}},{\"row\":12,\"col\":0,\"visualRow\":12,\"visualCol\":0,\"prop\":0,\"jtcellstyle\":{\"font-weight\":\"bold\"}},{\"row\":13,\"col\":0,\"visualRow\":13,\"visualCol\":0,\"prop\":0,\"jtcellstyle\":{\"font-weight\":\"bold\"}},{\"row\":14,\"col\":0,\"visualRow\":14,\"visualCol\":0,\"prop\":0,\"jtcellstyle\":{\"font-style\":\"inherit\",\"font-weight\":\"bold\"}},{\"row\":15,\"col\":0,\"visualRow\":15,\"visualCol\":0,\"prop\":0,\"jtcellstyle\":{\"font-weight\":\"bold\"}},{\"row\":16,\"col\":0,\"visualRow\":16,\"visualCol\":0,\"prop\":0,\"jtcellstyle\":{\"font-weight\":\"bold\"}},{\"row\":17,\"col\":0,\"visualRow\":17,\"visualCol\":0,\"prop\":0,\"jtcellstyle\":{\"font-weight\":\"bold\",\"font-style\":\"inherit\"}},{\"row\":18,\"col\":0,\"visualRow\":18,\"visualCol\":0,\"prop\":0,\"jtcellstyle\":{\"font-weight\":\"bold\"}},{\"row\":19,\"col\":0,\"visualRow\":19,\"visualCol\":0,\"prop\":0,\"jtcellstyle\":{\"font-weight\":\"bold\"}},{\"row\":20,\"col\":0,\"visualRow\":20,\"visualCol\":0,\"prop\":0,\"jtcellstyle\":{\"font-weight\":\"bold\"}},{\"row\":21,\"col\":0,\"visualRow\":21,\"visualCol\":0,\"prop\":0,\"jtcellstyle\":{\"font-weight\":\"inherit\"}},{\"row\":22,\"col\":0,\"visualRow\":22,\"visualCol\":0,\"prop\":0,\"jtcellstyle\":{\"font-style\":\"inherit\"}},{\"row\":23,\"col\":0,\"visualRow\":23,\"visualCol\":0,\"prop\":0,\"jtcellstyle\":{\"font-style\":\"inherit\",\"font-weight\":\"bold\"}},{\"row\":24,\"col\":0,\"visualRow\":24,\"visualCol\":0,\"prop\":0,\"jtcellstyle\":{\"font-weight\":\"bold\"}},{\"row\":25,\"col\":0,\"visualRow\":25,\"visualCol\":0,\"prop\":0},{\"row\":26,\"col\":0,\"visualRow\":26,\"visualCol\":0,\"prop\":0},{\"row\":27,\"col\":0,\"visualRow\":27,\"visualCol\":0,\"prop\":0},{\"row\":28,\"col\":0,\"visualRow\":28,\"visualCol\":0,\"prop\":0},{\"row\":29,\"col\":0,\"visualRow\":29,\"visualCol\":0,\"prop\":0}],[],[]]<\/textarea><textarea data-jtrt-table-id='2367' id='jtrt_table_bps_2367' cols='30' rows='10'>[]<\/textarea><\/div><table id='jtrt_table_2367' data-sorting='false' data-paging='false' data-paging-size='10' data-paging-menu='10,20,50,100' data-filtering='true' data-jtrt-table-id='2367' class='jtrt-table  ' ><thead><tr><th><\/th><\/tr><\/thead><tbody><tr><td><a href='https:\/\/definition.nanninga.me\/plus\/01-acey-deucey\/'>01. Acey Deucey<\/a><\/td><\/tr><tr><td>02. Spin Chain the Gears<\/td><\/tr><tr><td>03. Grand Swing Thru<\/td><\/tr><tr><td>04. Triple Scoot<\/td><\/tr><tr><td>05. Teacup Chain<\/td><\/tr><tr><td>06. Ping Pong Circulate<\/td><\/tr><tr><td>07. Load the Boat<\/td><\/tr><tr><td>08. Peel Off<\/td><\/tr><tr><td>09. Coordinate<\/td><\/tr><tr><td>10. Anything & Spread<\/td><\/tr><tr><td>11. Track 2<\/td><\/tr><tr><td>12. Anything & Roll<\/td><\/tr><tr><td>13. Follow Your Neighbor<\/td><\/tr><tr><td>14. Fan the top<\/td><\/tr><tr><td>15. Dixie Grand<\/td><\/tr><tr><td>16. Spin Chain & Exchange the gears<\/td><\/tr><tr><td>17. Exploade the wave<\/td><\/tr><tr><td>18. Explode & Anything<\/td><\/tr><tr><td>19. Crossfire<\/td><\/tr><tr><td>20. Relay the Deucey<\/td><\/tr><tr><td>21. Linear Cycle<\/td><\/tr><tr><td>22. Peel the top<\/td><\/tr><tr><td>23. Diamond Circulate<\/td><\/tr><tr><td>24. Cut the Diamond<\/td><\/tr><tr><td>25. Single Circle to a Wave<\/td><\/tr><tr><td>26. Trade the Wave<\/td><\/tr><tr><td>27. Flip the Diamond<\/td><\/tr><tr><td>28. All 8 Spin the Top<\/td><\/tr><tr><td>29. Chase Right<\/td><\/tr><\/tbody><\/table><\/div><\/div>\n<p>Caller werden daran erinnert, ihre Calls auf das ausgeschriebene Programm zu beschr\u00e4nken. Calls, die aus anderen Programmen als ausgeschrieben stammen, sollten nicht verwendet werden &#8211; es sei denn sie werden vorher erkl\u00e4rt und ge\u00fcbt. Wenn man einen Plus-Workshop h\u00e4lt, sollte nur PLUS calls verwendet werden. Wenn man einen Plus-Workshop f\u00fcr T\u00e4nzer h\u00e4lt, die mehr wollen sollte der Workshop entsprechend angek\u00fcndigt werden.<\/p>\n<p>NOTE: Das Plus Programm wird so verstanden, das es eine kreativere Benutzung der Mainstream Call aus anderen als den Standard Positionen beinhaltet. Aus diesem Grund empfiehlt Callerlab, dass das Plus Programm nicht in weniger als 19 Sitzungen von jeweils 2 Stunden (insgeamt 38 Stunden) unterrichtet wird.<\/p>\n<p>Diese Listen werden mit freundlicher Genehmigung von CALLERLAB und Ihren lokalen CALLERLAB-Caller zur Verf\u00fcgung gestellt. Die Vervielf\u00e4ltigung dieser Daten ist gestattet, sofern der folgende Hinweis &#8222;Nachdruck mit Genehmigung von CALLERLAB&#8220; enthalten ist.<\/p>\n<div class=\"pdfprnt-buttons pdfprnt-buttons-page pdfprnt-bottom-left\"><a href=\"https:\/\/definition.nanninga.me\/fd\/wp-json\/wp\/v2\/pages\/364?print=print\" class=\"pdfprnt-button pdfprnt-button-print\" target=\"_blank\" ><img decoding=\"async\" src=\"https:\/\/definition.nanninga.me\/wp-content\/plugins\/pdf-print\/images\/print.png\" alt=\"image_print\" title=\"Inhalt drucken\" \/><span class=\"pdfprnt-button-title pdfprnt-button-print-title\">Print Page<\/span><\/a><\/div>","protected":false},"excerpt":{"rendered":"<p>Plus Liste \u2013 Teaching Order &#8211; Status 01.September 2021 Caller werden daran erinnert, ihre Calls auf das ausgeschriebene Programm zu beschr\u00e4nken. Calls, die aus anderen Programmen als ausgeschrieben stammen, sollten nicht verwendet werden &#8211; es sei denn sie werden vorher <span class=\"excerpt-dots\">&hellip;<\/span> <a class=\"more-link\" href=\"https:\/\/definition.nanninga.me\/fd\/plus\/plus-list\/\"><span class=\"more-msg\">Weiterlesen &rarr;<\/span><\/a><\/p>\n","protected":false},"author":1,"featured_media":0,"parent":23,"menu_order":0,"comment_status":"closed","ping_status":"closed","template":"","meta":{"footnotes":""},"class_list":["post-364","page","type-page","status-publish","hentry"],"translation":{"provider":"WPGlobus","version":"3.0.2","language":"fd","enabled_languages":["de","en","fd"],"languages":{"de":{"title":true,"content":true,"excerpt":false},"en":{"title":true,"content":true,"excerpt":false},"fd":{"title":false,"content":false,"excerpt":false}}},"_links":{"self":[{"href":"https:\/\/definition.nanninga.me\/fd\/wp-json\/wp\/v2\/pages\/364","targetHints":{"allow":["GET"]}}],"collection":[{"href":"https:\/\/definition.nanninga.me\/fd\/wp-json\/wp\/v2\/pages"}],"about":[{"href":"https:\/\/definition.nanninga.me\/fd\/wp-json\/wp\/v2\/types\/page"}],"author":[{"embeddable":true,"href":"https:\/\/definition.nanninga.me\/fd\/wp-json\/wp\/v2\/users\/1"}],"replies":[{"embeddable":true,"href":"https:\/\/definition.nanninga.me\/fd\/wp-json\/wp\/v2\/comments?post=364"}],"version-history":[{"count":12,"href":"https:\/\/definition.nanninga.me\/fd\/wp-json\/wp\/v2\/pages\/364\/revisions"}],"predecessor-version":[{"id":2369,"href":"https:\/\/definition.nanninga.me\/fd\/wp-json\/wp\/v2\/pages\/364\/revisions\/2369"}],"up":[{"embeddable":true,"href":"https:\/\/definition.nanninga.me\/fd\/wp-json\/wp\/v2\/pages\/23"}],"wp:attachment":[{"href":"https:\/\/definition.nanninga.me\/fd\/wp-json\/wp\/v2\/media?parent=364"}],"curies":[{"name":"wp","href":"https:\/\/api.w.org\/{rel}","templated":true}]}}