{"id":352,"date":"2018-10-20T16:10:46","date_gmt":"2018-10-20T14:10:46","guid":{"rendered":"http:\/\/definition.nanninga.myds.me\/?page_id=352"},"modified":"2021-12-07T07:57:45","modified_gmt":"2021-12-07T06:57:45","slug":"appendixe","status":"publish","type":"page","link":"https:\/\/definition.nanninga.me\/fd\/basic-2\/appendixe\/","title":{"rendered":"Appendixe"},"content":{"rendered":"<ul>\n<li>In dem Film werden einmal die h\u00e4ufigsten Formationen und Ihr Name gezeigt.<\/li>\n<li>Es ist hilfreich f\u00fcr T\u00e4nzer; wenn sie mindestens einige dieser Namen kennen<\/li>\n<\/ul>\n<div style=\"width: 640px;\" class=\"wp-video\"><video class=\"wp-video-shortcode\" id=\"video-352-1\" width=\"640\" height=\"480\" preload=\"metadata\" controls=\"controls\"><source type=\"video\/mp4\" src=\"https:\/\/definition.nanninga.me\/wp-content\/uploads\/2019\/B00%20Formationen.mp4?_=1\" \/><a href=\"https:\/\/definition.nanninga.me\/wp-content\/uploads\/2019\/B00%20Formationen.mp4\">https:\/\/definition.nanninga.me\/wp-content\/uploads\/2019\/B00%20Formationen.mp4<\/a><\/video><\/div>\n<p>Ansonsten enth\u00e4lt dieser Abschnitt diverse zus\u00e4tzliche Begriffe, die ein T\u00e4nzer kennen sollte. Leider sind diese zus\u00e4tzliche Dinge, die ein Deutscher lernen muss, w\u00e4hrend es f\u00fcr einen Englisch sprechenden oft selbstverst\u00e4ndlich &#8211; weil Teil der Sprache ist.<\/p>\n<h3><\/h3>\n<div class=\"pdfprnt-buttons pdfprnt-buttons-page pdfprnt-bottom-left\"><a href=\"https:\/\/definition.nanninga.me\/fd\/wp-json\/wp\/v2\/pages\/352?print=print\" class=\"pdfprnt-button pdfprnt-button-print\" target=\"_blank\" ><img decoding=\"async\" src=\"https:\/\/definition.nanninga.me\/wp-content\/plugins\/pdf-print\/images\/print.png\" alt=\"image_print\" title=\"Inhalt drucken\" \/><span class=\"pdfprnt-button-title pdfprnt-button-print-title\">Print Page<\/span><\/a><\/div>","protected":false},"excerpt":{"rendered":"<p>In dem Film werden einmal die h\u00e4ufigsten Formationen und Ihr Name gezeigt. Es ist hilfreich f\u00fcr T\u00e4nzer; wenn sie mindestens einige dieser Namen kennen Ansonsten enth\u00e4lt dieser Abschnitt diverse zus\u00e4tzliche Begriffe, die ein T\u00e4nzer kennen sollte. Leider sind diese zus\u00e4tzliche <span class=\"excerpt-dots\">&hellip;<\/span> <a class=\"more-link\" href=\"https:\/\/definition.nanninga.me\/fd\/basic-2\/appendixe\/\"><span class=\"more-msg\">Weiterlesen &rarr;<\/span><\/a><\/p>\n","protected":false},"author":1,"featured_media":0,"parent":17,"menu_order":0,"comment_status":"closed","ping_status":"closed","template":"","meta":{"footnotes":""},"class_list":["post-352","page","type-page","status-publish","hentry"],"translation":{"provider":"WPGlobus","version":"3.0.2","language":"fd","enabled_languages":["de","en","fd"],"languages":{"de":{"title":true,"content":true,"excerpt":false},"en":{"title":true,"content":true,"excerpt":false},"fd":{"title":true,"content":true,"excerpt":false}}},"_links":{"self":[{"href":"https:\/\/definition.nanninga.me\/fd\/wp-json\/wp\/v2\/pages\/352","targetHints":{"allow":["GET"]}}],"collection":[{"href":"https:\/\/definition.nanninga.me\/fd\/wp-json\/wp\/v2\/pages"}],"about":[{"href":"https:\/\/definition.nanninga.me\/fd\/wp-json\/wp\/v2\/types\/page"}],"author":[{"embeddable":true,"href":"https:\/\/definition.nanninga.me\/fd\/wp-json\/wp\/v2\/users\/1"}],"replies":[{"embeddable":true,"href":"https:\/\/definition.nanninga.me\/fd\/wp-json\/wp\/v2\/comments?post=352"}],"version-history":[{"count":6,"href":"https:\/\/definition.nanninga.me\/fd\/wp-json\/wp\/v2\/pages\/352\/revisions"}],"predecessor-version":[{"id":2266,"href":"https:\/\/definition.nanninga.me\/fd\/wp-json\/wp\/v2\/pages\/352\/revisions\/2266"}],"up":[{"embeddable":true,"href":"https:\/\/definition.nanninga.me\/fd\/wp-json\/wp\/v2\/pages\/17"}],"wp:attachment":[{"href":"https:\/\/definition.nanninga.me\/fd\/wp-json\/wp\/v2\/media?parent=352"}],"curies":[{"name":"wp","href":"https:\/\/api.w.org\/{rel}","templated":true}]}}