{"id":346,"date":"2018-10-20T15:48:53","date_gmt":"2018-10-20T13:48:53","guid":{"rendered":"http:\/\/definition.nanninga.myds.me\/?page_id=346"},"modified":"2021-12-07T07:53:10","modified_gmt":"2021-12-07T06:53:10","slug":"zusaetzliche-angaben","status":"publish","type":"page","link":"https:\/\/definition.nanninga.me\/fd\/basic-2\/zusaetzliche-angaben\/","title":{"rendered":"Zus\u00e4tzliche Angaben"},"content":{"rendered":"<p>F\u00fcr diesen Abschnitt gibt es keine Animationen.<\/p>\n<p>Aber es lohnt sich, einmal die diversen Erl\u00e4uterungen zum Styling und Timing (deutsche Version) durchzulesen. Dort gibt es auch f\u00fcr T\u00e4nzer einiges zu entdecken.<\/p>\n<div class=\"pdfprnt-buttons pdfprnt-buttons-page pdfprnt-bottom-left\"><a href=\"https:\/\/definition.nanninga.me\/fd\/wp-json\/wp\/v2\/pages\/346?print=print\" class=\"pdfprnt-button pdfprnt-button-print\" target=\"_blank\" ><img decoding=\"async\" src=\"https:\/\/definition.nanninga.me\/wp-content\/plugins\/pdf-print\/images\/print.png\" alt=\"image_print\" title=\"Inhalt drucken\" \/><span class=\"pdfprnt-button-title pdfprnt-button-print-title\">Print Page<\/span><\/a><\/div>","protected":false},"excerpt":{"rendered":" <a class=\"more-link\" href=\"https:\/\/definition.nanninga.me\/fd\/basic-2\/zusaetzliche-angaben\/\"><span class=\"more-msg\">Weiterlesen &rarr;<\/span><\/a>","protected":false},"author":1,"featured_media":0,"parent":17,"menu_order":0,"comment_status":"closed","ping_status":"closed","template":"","meta":{"footnotes":""},"class_list":["post-346","page","type-page","status-publish","hentry"],"translation":{"provider":"WPGlobus","version":"3.0.2","language":"fd","enabled_languages":["de","en","fd"],"languages":{"de":{"title":true,"content":true,"excerpt":false},"en":{"title":true,"content":true,"excerpt":false},"fd":{"title":true,"content":true,"excerpt":false}}},"_links":{"self":[{"href":"https:\/\/definition.nanninga.me\/fd\/wp-json\/wp\/v2\/pages\/346","targetHints":{"allow":["GET"]}}],"collection":[{"href":"https:\/\/definition.nanninga.me\/fd\/wp-json\/wp\/v2\/pages"}],"about":[{"href":"https:\/\/definition.nanninga.me\/fd\/wp-json\/wp\/v2\/types\/page"}],"author":[{"embeddable":true,"href":"https:\/\/definition.nanninga.me\/fd\/wp-json\/wp\/v2\/users\/1"}],"replies":[{"embeddable":true,"href":"https:\/\/definition.nanninga.me\/fd\/wp-json\/wp\/v2\/comments?post=346"}],"version-history":[{"count":7,"href":"https:\/\/definition.nanninga.me\/fd\/wp-json\/wp\/v2\/pages\/346\/revisions"}],"predecessor-version":[{"id":2265,"href":"https:\/\/definition.nanninga.me\/fd\/wp-json\/wp\/v2\/pages\/346\/revisions\/2265"}],"up":[{"embeddable":true,"href":"https:\/\/definition.nanninga.me\/fd\/wp-json\/wp\/v2\/pages\/17"}],"wp:attachment":[{"href":"https:\/\/definition.nanninga.me\/fd\/wp-json\/wp\/v2\/media?parent=346"}],"curies":[{"name":"wp","href":"https:\/\/api.w.org\/{rel}","templated":true}]}}