{"id":339,"date":"2018-10-20T15:42:16","date_gmt":"2018-10-20T13:42:16","guid":{"rendered":"http:\/\/definition.nanninga.myds.me\/?page_id=339"},"modified":"2021-12-07T07:48:12","modified_gmt":"2021-12-07T06:48:12","slug":"48-ferris-wheel","status":"publish","type":"page","link":"https:\/\/definition.nanninga.me\/fd\/basic-2\/48-ferris-wheel\/","title":{"rendered":"48. Ferris Wheel"},"content":{"rendered":"<ul>\n<li>Immer aus 2-Faced Lines, d.h. 1 Paar sieht in den Square; 1 Paar sieht nach au\u00dfen.<\/li>\n<li>Das Paar welches nach au\u00dfen sieht macht den 180 Grad Halfkreis wie in Wheel and Deal<\/li>\n<li>Die anderen Paare gehen vorw\u00e4rts; bilden in der Mitte eine neue 2-faced Line und dann Wheel and Deal<\/li>\n<li>Ergebnis: Double Pass Thru Formation<\/li>\n<\/ul>\n<div>\n<div style=\"width: 640px;\" class=\"wp-video\"><video class=\"wp-video-shortcode\" id=\"video-339-1\" width=\"640\" height=\"480\" preload=\"metadata\" controls=\"controls\"><source type=\"video\/mp4\" src=\"https:\/\/definition.nanninga.me\/wp-content\/uploads\/2019\/02\/B48-Ferris-wheel.mp4?_=1\" \/><a href=\"https:\/\/definition.nanninga.me\/wp-content\/uploads\/2019\/02\/B48-Ferris-wheel.mp4\">https:\/\/definition.nanninga.me\/wp-content\/uploads\/2019\/02\/B48-Ferris-wheel.mp4<\/a><\/video><\/div>\n<\/div>\n<div class=\"styling full\"><\/div>\n<div class=\"comments full\">\n<p>&nbsp;<\/p>\n<\/div>\n<div class=\"pdfprnt-buttons pdfprnt-buttons-page pdfprnt-bottom-left\"><a href=\"https:\/\/definition.nanninga.me\/fd\/wp-json\/wp\/v2\/pages\/339?print=print\" class=\"pdfprnt-button pdfprnt-button-print\" target=\"_blank\" ><img decoding=\"async\" src=\"https:\/\/definition.nanninga.me\/wp-content\/plugins\/pdf-print\/images\/print.png\" alt=\"image_print\" title=\"Inhalt drucken\" \/><span class=\"pdfprnt-button-title pdfprnt-button-print-title\">Print Page<\/span><\/a><\/div>","protected":false},"excerpt":{"rendered":"<p>Immer aus 2-Faced Lines, d.h. 1 Paar sieht in den Square; 1 Paar sieht nach au\u00dfen. Das Paar welches nach au\u00dfen sieht macht den 180 Grad Halfkreis wie in Wheel and Deal Die anderen Paare gehen vorw\u00e4rts; bilden in der <span class=\"excerpt-dots\">&hellip;<\/span> <a class=\"more-link\" href=\"https:\/\/definition.nanninga.me\/fd\/basic-2\/48-ferris-wheel\/\"><span class=\"more-msg\">Weiterlesen &rarr;<\/span><\/a><\/p>\n","protected":false},"author":1,"featured_media":0,"parent":17,"menu_order":0,"comment_status":"closed","ping_status":"closed","template":"","meta":{"footnotes":""},"class_list":["post-339","page","type-page","status-publish","hentry"],"translation":{"provider":"WPGlobus","version":"3.0.2","language":"fd","enabled_languages":["de","en","fd"],"languages":{"de":{"title":true,"content":true,"excerpt":false},"en":{"title":true,"content":true,"excerpt":false},"fd":{"title":true,"content":true,"excerpt":false}}},"_links":{"self":[{"href":"https:\/\/definition.nanninga.me\/fd\/wp-json\/wp\/v2\/pages\/339","targetHints":{"allow":["GET"]}}],"collection":[{"href":"https:\/\/definition.nanninga.me\/fd\/wp-json\/wp\/v2\/pages"}],"about":[{"href":"https:\/\/definition.nanninga.me\/fd\/wp-json\/wp\/v2\/types\/page"}],"author":[{"embeddable":true,"href":"https:\/\/definition.nanninga.me\/fd\/wp-json\/wp\/v2\/users\/1"}],"replies":[{"embeddable":true,"href":"https:\/\/definition.nanninga.me\/fd\/wp-json\/wp\/v2\/comments?post=339"}],"version-history":[{"count":11,"href":"https:\/\/definition.nanninga.me\/fd\/wp-json\/wp\/v2\/pages\/339\/revisions"}],"predecessor-version":[{"id":2264,"href":"https:\/\/definition.nanninga.me\/fd\/wp-json\/wp\/v2\/pages\/339\/revisions\/2264"}],"up":[{"embeddable":true,"href":"https:\/\/definition.nanninga.me\/fd\/wp-json\/wp\/v2\/pages\/17"}],"wp:attachment":[{"href":"https:\/\/definition.nanninga.me\/fd\/wp-json\/wp\/v2\/media?parent=339"}],"curies":[{"name":"wp","href":"https:\/\/api.w.org\/{rel}","templated":true}]}}