{"id":331,"date":"2018-10-20T15:37:21","date_gmt":"2018-10-20T13:37:21","guid":{"rendered":"http:\/\/definition.nanninga.myds.me\/?page_id=331"},"modified":"2021-12-07T07:37:07","modified_gmt":"2021-12-07T06:37:07","slug":"46-trade-by","status":"publish","type":"page","link":"https:\/\/definition.nanninga.me\/fd\/basic-2\/46-trade-by\/","title":{"rendered":"46. Trade By"},"content":{"rendered":"<ul>\n<li>Centers Pass thru<\/li>\n<li>Ends Partner Trade<\/li>\n<li>Geht nur aus bestimmter Formation, die dann auch Trade By Formation heisst.<\/li>\n<\/ul>\n<div style=\"width: 640px;\" class=\"wp-video\"><video class=\"wp-video-shortcode\" id=\"video-331-1\" width=\"640\" height=\"480\" preload=\"metadata\" controls=\"controls\"><source type=\"video\/mp4\" src=\"https:\/\/definition.nanninga.me\/wp-content\/uploads\/2019\/02\/B46-Trade-by.mp4?_=1\" \/><a href=\"https:\/\/definition.nanninga.me\/wp-content\/uploads\/2019\/02\/B46-Trade-by.mp4\">https:\/\/definition.nanninga.me\/wp-content\/uploads\/2019\/02\/B46-Trade-by.mp4<\/a><\/video><\/div>\n<p>Anmerkung: Die im Film gezeigte Version, bei der z.B. die Heads aus dem Square sehen und die Sides in den Square ist evtl. nicht von den Definitionen gedeckt; wird aber manchmal so gecallt. Der Caller sollte nicht erwarten, dass die T\u00e4nzer dies beherrschen. Mit einer kleinen Einf\u00fchrung sollten die T\u00e4nzer jedoch schnell in der Lage sein, dies auch zu tanzen<\/p>\n<ul>\n<li>Besonderheit: Trade by aus einer 3\/4 Tag Formation. Diese Anwendung wird bei der Definition extra diskutiert und ist zul\u00e4ssig. Hier die Animation dazu:<\/li>\n<\/ul>\n<div>\n<div><\/div>\n<\/div>\n<div style=\"width: 332px;\" class=\"wp-video\"><video class=\"wp-video-shortcode\" id=\"video-331-2\" width=\"332\" height=\"304\" preload=\"metadata\" controls=\"controls\"><source type=\"video\/mp4\" src=\"https:\/\/definition.nanninga.me\/wp-content\/uploads\/2019\/02\/B46-Trade-By-anim.mp4?_=2\" \/><a href=\"https:\/\/definition.nanninga.me\/wp-content\/uploads\/2019\/02\/B46-Trade-By-anim.mp4\">https:\/\/definition.nanninga.me\/wp-content\/uploads\/2019\/02\/B46-Trade-By-anim.mp4<\/a><\/video><\/div>\n<div class=\"pdfprnt-buttons pdfprnt-buttons-page pdfprnt-bottom-left\"><a href=\"https:\/\/definition.nanninga.me\/fd\/wp-json\/wp\/v2\/pages\/331?print=print\" class=\"pdfprnt-button pdfprnt-button-print\" target=\"_blank\" ><img decoding=\"async\" src=\"https:\/\/definition.nanninga.me\/wp-content\/plugins\/pdf-print\/images\/print.png\" alt=\"image_print\" title=\"Inhalt drucken\" \/><span class=\"pdfprnt-button-title pdfprnt-button-print-title\">Print Page<\/span><\/a><\/div>","protected":false},"excerpt":{"rendered":"<p>Centers Pass thru Ends Partner Trade Geht nur aus bestimmter Formation, die dann auch Trade By Formation heisst. Anmerkung: Die im Film gezeigte Version, bei der z.B. die Heads aus dem Square sehen und die Sides in den Square ist <span class=\"excerpt-dots\">&hellip;<\/span> <a class=\"more-link\" href=\"https:\/\/definition.nanninga.me\/fd\/basic-2\/46-trade-by\/\"><span class=\"more-msg\">Weiterlesen &rarr;<\/span><\/a><\/p>\n","protected":false},"author":1,"featured_media":0,"parent":17,"menu_order":0,"comment_status":"closed","ping_status":"closed","template":"","meta":{"footnotes":""},"class_list":["post-331","page","type-page","status-publish","hentry"],"translation":{"provider":"WPGlobus","version":"3.0.2","language":"fd","enabled_languages":["de","en","fd"],"languages":{"de":{"title":true,"content":true,"excerpt":false},"en":{"title":true,"content":true,"excerpt":false},"fd":{"title":true,"content":true,"excerpt":false}}},"_links":{"self":[{"href":"https:\/\/definition.nanninga.me\/fd\/wp-json\/wp\/v2\/pages\/331","targetHints":{"allow":["GET"]}}],"collection":[{"href":"https:\/\/definition.nanninga.me\/fd\/wp-json\/wp\/v2\/pages"}],"about":[{"href":"https:\/\/definition.nanninga.me\/fd\/wp-json\/wp\/v2\/types\/page"}],"author":[{"embeddable":true,"href":"https:\/\/definition.nanninga.me\/fd\/wp-json\/wp\/v2\/users\/1"}],"replies":[{"embeddable":true,"href":"https:\/\/definition.nanninga.me\/fd\/wp-json\/wp\/v2\/comments?post=331"}],"version-history":[{"count":12,"href":"https:\/\/definition.nanninga.me\/fd\/wp-json\/wp\/v2\/pages\/331\/revisions"}],"predecessor-version":[{"id":2261,"href":"https:\/\/definition.nanninga.me\/fd\/wp-json\/wp\/v2\/pages\/331\/revisions\/2261"}],"up":[{"embeddable":true,"href":"https:\/\/definition.nanninga.me\/fd\/wp-json\/wp\/v2\/pages\/17"}],"wp:attachment":[{"href":"https:\/\/definition.nanninga.me\/fd\/wp-json\/wp\/v2\/media?parent=331"}],"curies":[{"name":"wp","href":"https:\/\/api.w.org\/{rel}","templated":true}]}}