{"id":316,"date":"2018-10-20T15:29:32","date_gmt":"2018-10-20T13:29:32","guid":{"rendered":"http:\/\/definition.nanninga.myds.me\/?page_id=316"},"modified":"2021-12-06T19:46:47","modified_gmt":"2021-12-06T18:46:47","slug":"43-zoom","status":"publish","type":"page","link":"https:\/\/definition.nanninga.me\/fd\/basic-2\/43-zoom\/","title":{"rendered":"43. Zoom"},"content":{"rendered":"<ul>\n<li>Es arbeiten immer 2 T\u00e4nzer zusammen, die hintereinander stehen.<\/li>\n<li>Der vordere macht eine 360 Bogen und steht dann hinter dem Mit-T\u00e4nzer<\/li>\n<li>Dieser geht vorw\u00e4rts auf die Position des bisherigen Vordermanns (Platztausch; stehen aber wieder hintereinander<\/li>\n<li>Manchmal schwierig zu erkennen, wer vorne und wer hinten ist.<\/li>\n<li>Besonderheit: Auch aus Ocean Wave (nur End T\u00e4nzer und aus Single File Promenade, wenn angesagt wird, wer den 360 Grad Kreis geht<\/li>\n<\/ul>\n<div style=\"width: 640px;\" class=\"wp-video\"><video class=\"wp-video-shortcode\" id=\"video-316-1\" width=\"640\" height=\"480\" preload=\"metadata\" controls=\"controls\"><source type=\"video\/mp4\" src=\"https:\/\/definition.nanninga.me\/wp-content\/uploads\/2019\/02\/B43-Zoom.mp4?_=1\" \/><a href=\"https:\/\/definition.nanninga.me\/wp-content\/uploads\/2019\/02\/B43-Zoom.mp4\">https:\/\/definition.nanninga.me\/wp-content\/uploads\/2019\/02\/B43-Zoom.mp4<\/a><\/video><\/div>\n<div class=\"styling\"><\/div>\n<div class=\"comments full\">\n<p style=\"margin-bottom: .0001pt;\">Die Animation zeigt das Zoom aus einer Completed Double Pass Thru und aus einer Ocean Wave. Auch das Zoom f\u00fcr nur ein Tandem (z.B. Boys oder Girls) wird gezeigt. Zuletzt wird auch das Thema 1\/2 Zoom behandelt.<\/p>\n<div style=\"width: 332px;\" class=\"wp-video\"><video class=\"wp-video-shortcode\" id=\"video-316-2\" width=\"332\" height=\"304\" preload=\"metadata\" controls=\"controls\"><source type=\"video\/mp4\" src=\"https:\/\/definition.nanninga.me\/wp-content\/uploads\/2019\/02\/B43-Zoom-anim.mp4?_=2\" \/><a href=\"https:\/\/definition.nanninga.me\/wp-content\/uploads\/2019\/02\/B43-Zoom-anim.mp4\">https:\/\/definition.nanninga.me\/wp-content\/uploads\/2019\/02\/B43-Zoom-anim.mp4<\/a><\/video><\/div>\n<\/div>\n<div class=\"pdfprnt-buttons pdfprnt-buttons-page pdfprnt-bottom-left\"><a href=\"https:\/\/definition.nanninga.me\/fd\/wp-json\/wp\/v2\/pages\/316?print=print\" class=\"pdfprnt-button pdfprnt-button-print\" target=\"_blank\" ><img decoding=\"async\" src=\"https:\/\/definition.nanninga.me\/wp-content\/plugins\/pdf-print\/images\/print.png\" alt=\"image_print\" title=\"Inhalt drucken\" \/><span class=\"pdfprnt-button-title pdfprnt-button-print-title\">Print Page<\/span><\/a><\/div>","protected":false},"excerpt":{"rendered":"<p>Es arbeiten immer 2 T\u00e4nzer zusammen, die hintereinander stehen. Der vordere macht eine 360 Bogen und steht dann hinter dem Mit-T\u00e4nzer Dieser geht vorw\u00e4rts auf die Position des bisherigen Vordermanns (Platztausch; stehen aber wieder hintereinander Manchmal schwierig zu erkennen, wer <span class=\"excerpt-dots\">&hellip;<\/span> <a class=\"more-link\" href=\"https:\/\/definition.nanninga.me\/fd\/basic-2\/43-zoom\/\"><span class=\"more-msg\">Weiterlesen &rarr;<\/span><\/a><\/p>\n","protected":false},"author":1,"featured_media":0,"parent":17,"menu_order":0,"comment_status":"closed","ping_status":"closed","template":"","meta":{"footnotes":""},"class_list":["post-316","page","type-page","status-publish","hentry"],"translation":{"provider":"WPGlobus","version":"3.0.2","language":"fd","enabled_languages":["de","en","fd"],"languages":{"de":{"title":true,"content":true,"excerpt":false},"en":{"title":true,"content":true,"excerpt":false},"fd":{"title":true,"content":true,"excerpt":false}}},"_links":{"self":[{"href":"https:\/\/definition.nanninga.me\/fd\/wp-json\/wp\/v2\/pages\/316","targetHints":{"allow":["GET"]}}],"collection":[{"href":"https:\/\/definition.nanninga.me\/fd\/wp-json\/wp\/v2\/pages"}],"about":[{"href":"https:\/\/definition.nanninga.me\/fd\/wp-json\/wp\/v2\/types\/page"}],"author":[{"embeddable":true,"href":"https:\/\/definition.nanninga.me\/fd\/wp-json\/wp\/v2\/users\/1"}],"replies":[{"embeddable":true,"href":"https:\/\/definition.nanninga.me\/fd\/wp-json\/wp\/v2\/comments?post=316"}],"version-history":[{"count":13,"href":"https:\/\/definition.nanninga.me\/fd\/wp-json\/wp\/v2\/pages\/316\/revisions"}],"predecessor-version":[{"id":2257,"href":"https:\/\/definition.nanninga.me\/fd\/wp-json\/wp\/v2\/pages\/316\/revisions\/2257"}],"up":[{"embeddable":true,"href":"https:\/\/definition.nanninga.me\/fd\/wp-json\/wp\/v2\/pages\/17"}],"wp:attachment":[{"href":"https:\/\/definition.nanninga.me\/fd\/wp-json\/wp\/v2\/media?parent=316"}],"curies":[{"name":"wp","href":"https:\/\/api.w.org\/{rel}","templated":true}]}}