{"id":312,"date":"2018-10-20T15:24:48","date_gmt":"2018-10-20T13:24:48","guid":{"rendered":"http:\/\/definition.nanninga.myds.me\/?page_id=312"},"modified":"2021-12-06T19:40:24","modified_gmt":"2021-12-06T18:40:24","slug":"42-wheel-and-deal","status":"publish","type":"page","link":"https:\/\/definition.nanninga.me\/fd\/basic-2\/42-wheel-and-deal\/","title":{"rendered":"42. Wheel And Deal"},"content":{"rendered":"<div class=\"full\">\n<ul>\n<li>Jedes Paar (Geschlecht egal) arbeitet als Einheit<\/li>\n<li>Drehpunkt ist der Mittelpunkt der Linie<\/li>\n<li>Nach dem Call sieht jedes Paar in entgegengesetzter Richtung wie vorher<\/li>\n<li>Das Kommando ist aus 2 verschiedenen Positionen m\u00f6glich und f\u00fchlt sich f\u00fcr die T\u00e4nzer auch so an, obwohl die Definition einheitlich ist. Daher auch 2 Filme, die beide M\u00f6glichkeiten ausf\u00fchrlich zeigen.<\/li>\n<\/ul>\n<p><strong>1. Wheel and Deal aus einer 2-Faced-Line<\/strong><\/p>\n<div style=\"width: 640px;\" class=\"wp-video\"><video class=\"wp-video-shortcode\" id=\"video-312-1\" width=\"640\" height=\"480\" preload=\"metadata\" controls=\"controls\"><source type=\"video\/mp4\" src=\"https:\/\/definition.nanninga.me\/wp-content\/uploads\/2019\/02\/B42-Wheel-and-Deal-2-Faced-line.mp4?_=1\" \/><a href=\"https:\/\/definition.nanninga.me\/wp-content\/uploads\/2019\/02\/B42-Wheel-and-Deal-2-Faced-line.mp4\">https:\/\/definition.nanninga.me\/wp-content\/uploads\/2019\/02\/B42-Wheel-and-Deal-2-Faced-line.mp4<\/a><\/video><\/div>\n<p><strong>2. Wheel and Deal aus einer Linie<\/strong><\/p>\n<div>\n<div style=\"width: 640px;\" class=\"wp-video\"><video class=\"wp-video-shortcode\" id=\"video-312-2\" width=\"640\" height=\"480\" preload=\"metadata\" controls=\"controls\"><source type=\"video\/mp4\" src=\"https:\/\/definition.nanninga.me\/wp-content\/uploads\/2019\/02\/B42-Wheel-and-Deal-Lines.mp4?_=2\" \/><a href=\"https:\/\/definition.nanninga.me\/wp-content\/uploads\/2019\/02\/B42-Wheel-and-Deal-Lines.mp4\">https:\/\/definition.nanninga.me\/wp-content\/uploads\/2019\/02\/B42-Wheel-and-Deal-Lines.mp4<\/a><\/video><\/div>\n<\/div>\n<\/div>\n<div><\/div>\n<div>Die Animation zeigt das Wheel and Deal noch einmal aus einer Tidal Line (Lange Linie)<\/div>\n<div><\/div>\n<div>\n<div style=\"width: 332px;\" class=\"wp-video\"><video class=\"wp-video-shortcode\" id=\"video-312-3\" width=\"332\" height=\"304\" preload=\"metadata\" controls=\"controls\"><source type=\"video\/mp4\" src=\"https:\/\/definition.nanninga.me\/wp-content\/uploads\/2019\/02\/B42-Wheel-and-Deal-anim.mp4?_=3\" \/><a href=\"https:\/\/definition.nanninga.me\/wp-content\/uploads\/2019\/02\/B42-Wheel-and-Deal-anim.mp4\">https:\/\/definition.nanninga.me\/wp-content\/uploads\/2019\/02\/B42-Wheel-and-Deal-anim.mp4<\/a><\/video><\/div>\n<\/div>\n<div><\/div>\n<div class=\"full\"><\/div>\n<p class=\"copyright\">\n<div class=\"pdfprnt-buttons pdfprnt-buttons-page pdfprnt-bottom-left\"><a href=\"https:\/\/definition.nanninga.me\/fd\/wp-json\/wp\/v2\/pages\/312?print=print\" class=\"pdfprnt-button pdfprnt-button-print\" target=\"_blank\" ><img decoding=\"async\" src=\"https:\/\/definition.nanninga.me\/wp-content\/plugins\/pdf-print\/images\/print.png\" alt=\"image_print\" title=\"Inhalt drucken\" \/><span class=\"pdfprnt-button-title pdfprnt-button-print-title\">Print Page<\/span><\/a><\/div>","protected":false},"excerpt":{"rendered":"<p>Jedes Paar (Geschlecht egal) arbeitet als Einheit Drehpunkt ist der Mittelpunkt der Linie Nach dem Call sieht jedes Paar in entgegengesetzter Richtung wie vorher Das Kommando ist aus 2 verschiedenen Positionen m\u00f6glich und f\u00fchlt sich f\u00fcr die T\u00e4nzer auch so <span class=\"excerpt-dots\">&hellip;<\/span> <a class=\"more-link\" href=\"https:\/\/definition.nanninga.me\/fd\/basic-2\/42-wheel-and-deal\/\"><span class=\"more-msg\">Weiterlesen &rarr;<\/span><\/a><\/p>\n","protected":false},"author":1,"featured_media":0,"parent":17,"menu_order":0,"comment_status":"closed","ping_status":"closed","template":"","meta":{"footnotes":""},"class_list":["post-312","page","type-page","status-publish","hentry"],"translation":{"provider":"WPGlobus","version":"3.0.2","language":"fd","enabled_languages":["de","en","fd"],"languages":{"de":{"title":true,"content":true,"excerpt":false},"en":{"title":true,"content":true,"excerpt":false},"fd":{"title":true,"content":true,"excerpt":false}}},"_links":{"self":[{"href":"https:\/\/definition.nanninga.me\/fd\/wp-json\/wp\/v2\/pages\/312","targetHints":{"allow":["GET"]}}],"collection":[{"href":"https:\/\/definition.nanninga.me\/fd\/wp-json\/wp\/v2\/pages"}],"about":[{"href":"https:\/\/definition.nanninga.me\/fd\/wp-json\/wp\/v2\/types\/page"}],"author":[{"embeddable":true,"href":"https:\/\/definition.nanninga.me\/fd\/wp-json\/wp\/v2\/users\/1"}],"replies":[{"embeddable":true,"href":"https:\/\/definition.nanninga.me\/fd\/wp-json\/wp\/v2\/comments?post=312"}],"version-history":[{"count":10,"href":"https:\/\/definition.nanninga.me\/fd\/wp-json\/wp\/v2\/pages\/312\/revisions"}],"predecessor-version":[{"id":2256,"href":"https:\/\/definition.nanninga.me\/fd\/wp-json\/wp\/v2\/pages\/312\/revisions\/2256"}],"up":[{"embeddable":true,"href":"https:\/\/definition.nanninga.me\/fd\/wp-json\/wp\/v2\/pages\/17"}],"wp:attachment":[{"href":"https:\/\/definition.nanninga.me\/fd\/wp-json\/wp\/v2\/media?parent=312"}],"curies":[{"name":"wp","href":"https:\/\/api.w.org\/{rel}","templated":true}]}}