{"id":305,"date":"2018-10-20T15:14:05","date_gmt":"2018-10-20T13:14:05","guid":{"rendered":"http:\/\/definition.nanninga.myds.me\/?page_id=305"},"modified":"2021-12-06T19:34:08","modified_gmt":"2021-12-06T18:34:08","slug":"41-extend","status":"publish","type":"page","link":"https:\/\/definition.nanninga.me\/fd\/basic-2\/41-extend\/","title":{"rendered":"41. Extend"},"content":{"rendered":"<ul>\n<li>Die Definition wurde in den letzten Jahren mehrfach \u00fcberarbeitet und Teile aus dem Plus Programm \u00fcbernommen. Daher ist dies auch f\u00fcr gestandene Mainstream-T\u00e4nzer neu und schwierig (Ende 2018).<\/li>\n<li>T\u00e4nzer bewegen sich von einer Tag Formation zur n\u00e4chsten &#8211; siehe Animation und die Diagramme in den Definitionen<\/li>\n<\/ul>\n<div style=\"width: 332px;\" class=\"wp-video\"><video class=\"wp-video-shortcode\" id=\"video-305-1\" width=\"332\" height=\"304\" preload=\"metadata\" controls=\"controls\"><source type=\"video\/mp4\" src=\"https:\/\/definition.nanninga.me\/wp-content\/uploads\/2019\/02\/B41-Extend-anim.mp4?_=1\" \/><a href=\"https:\/\/definition.nanninga.me\/wp-content\/uploads\/2019\/02\/B41-Extend-anim.mp4\">https:\/\/definition.nanninga.me\/wp-content\/uploads\/2019\/02\/B41-Extend-anim.mp4<\/a><\/video><\/div>\n<p>In den Film wird ein Extend nur aus einer 1\/4 Tag Formation gezeigt. Dies war bis vor kurzem die einzig erlaubte Version im Mainstream. Die Definition wurde aber mit dem Extend aus dem Plus Programm zusammengelegt. Daher m\u00fcssen ALLE Mainstream T\u00e4nzer diese Formation und die Calls dazu (insbesondere Extend und Tag the Line Familie) neu erlernen.<\/p>\n<div style=\"width: 640px;\" class=\"wp-video\"><video class=\"wp-video-shortcode\" id=\"video-305-2\" width=\"640\" height=\"480\" preload=\"metadata\" controls=\"controls\"><source type=\"video\/mp4\" src=\"https:\/\/definition.nanninga.me\/wp-content\/uploads\/2019\/02\/B41-Extend.mp4?_=2\" \/><a href=\"https:\/\/definition.nanninga.me\/wp-content\/uploads\/2019\/02\/B41-Extend.mp4\">https:\/\/definition.nanninga.me\/wp-content\/uploads\/2019\/02\/B41-Extend.mp4<\/a><\/video><\/div>\n<ul>\n<li>Die Diagramme zeigen jeweils verschiedene M\u00f6glichkeiten f\u00fcr Right handed waves (also End-T\u00e4nzer und T\u00e4nzer daneben geben sich RECHTE Hand) und Left handed waves (LINKE Hand). Merkt euch statt dessen folgende Regel: Wer rechts UND links jemand an der Hand hat hat dies auch bei der n\u00e4chsten Ocean Wave; Wer eine Hand frei hat, hat auch anschlie\u00dfend eine Hand frei (d.h. steht am Ende der Ocean Wave). Also 2 H\u00e4nde: in Mitte des Ocean Wave; 1 Hand: an das Ende der Ocean Wave. Dann k\u00f6nnt Ihr links und rechts vergessen!<\/li>\n<\/ul>\n<div class=\"full\">\n<div class=\"comments\">\n<p>&nbsp;<\/p>\n<\/div>\n<\/div>\n<div class=\"pdfprnt-buttons pdfprnt-buttons-page pdfprnt-bottom-left\"><a href=\"https:\/\/definition.nanninga.me\/fd\/wp-json\/wp\/v2\/pages\/305?print=print\" class=\"pdfprnt-button pdfprnt-button-print\" target=\"_blank\" ><img decoding=\"async\" src=\"https:\/\/definition.nanninga.me\/wp-content\/plugins\/pdf-print\/images\/print.png\" alt=\"image_print\" title=\"Inhalt drucken\" \/><span class=\"pdfprnt-button-title pdfprnt-button-print-title\">Print Page<\/span><\/a><\/div>","protected":false},"excerpt":{"rendered":"<p>Die Definition wurde in den letzten Jahren mehrfach \u00fcberarbeitet und Teile aus dem Plus Programm \u00fcbernommen. Daher ist dies auch f\u00fcr gestandene Mainstream-T\u00e4nzer neu und schwierig (Ende 2018). T\u00e4nzer bewegen sich von einer Tag Formation zur n\u00e4chsten &#8211; siehe Animation <span class=\"excerpt-dots\">&hellip;<\/span> <a class=\"more-link\" href=\"https:\/\/definition.nanninga.me\/fd\/basic-2\/41-extend\/\"><span class=\"more-msg\">Weiterlesen &rarr;<\/span><\/a><\/p>\n","protected":false},"author":1,"featured_media":0,"parent":17,"menu_order":0,"comment_status":"closed","ping_status":"closed","template":"","meta":{"footnotes":""},"class_list":["post-305","page","type-page","status-publish","hentry"],"translation":{"provider":"WPGlobus","version":"3.0.2","language":"fd","enabled_languages":["de","en","fd"],"languages":{"de":{"title":true,"content":true,"excerpt":false},"en":{"title":true,"content":true,"excerpt":false},"fd":{"title":true,"content":true,"excerpt":false}}},"_links":{"self":[{"href":"https:\/\/definition.nanninga.me\/fd\/wp-json\/wp\/v2\/pages\/305","targetHints":{"allow":["GET"]}}],"collection":[{"href":"https:\/\/definition.nanninga.me\/fd\/wp-json\/wp\/v2\/pages"}],"about":[{"href":"https:\/\/definition.nanninga.me\/fd\/wp-json\/wp\/v2\/types\/page"}],"author":[{"embeddable":true,"href":"https:\/\/definition.nanninga.me\/fd\/wp-json\/wp\/v2\/users\/1"}],"replies":[{"embeddable":true,"href":"https:\/\/definition.nanninga.me\/fd\/wp-json\/wp\/v2\/comments?post=305"}],"version-history":[{"count":15,"href":"https:\/\/definition.nanninga.me\/fd\/wp-json\/wp\/v2\/pages\/305\/revisions"}],"predecessor-version":[{"id":2255,"href":"https:\/\/definition.nanninga.me\/fd\/wp-json\/wp\/v2\/pages\/305\/revisions\/2255"}],"up":[{"embeddable":true,"href":"https:\/\/definition.nanninga.me\/fd\/wp-json\/wp\/v2\/pages\/17"}],"wp:attachment":[{"href":"https:\/\/definition.nanninga.me\/fd\/wp-json\/wp\/v2\/media?parent=305"}],"curies":[{"name":"wp","href":"https:\/\/api.w.org\/{rel}","templated":true}]}}