{"id":295,"date":"2018-10-20T15:07:50","date_gmt":"2018-10-20T13:07:50","guid":{"rendered":"http:\/\/definition.nanninga.myds.me\/?page_id=295"},"modified":"2021-12-06T19:18:41","modified_gmt":"2021-12-06T18:18:41","slug":"39-run-cross-run","status":"publish","type":"page","link":"https:\/\/definition.nanninga.me\/fd\/basic-2\/39-run-cross-run\/","title":{"rendered":"39. Run \/ Cross Run"},"content":{"rendered":"<p><strong>1. Run<\/strong><\/p>\n<div class=\"full\">\n<div class=\"dance-action\">\n<ul>\n<li>Angesprochene T\u00e4nzer und T\u00e4nzer daneben arbeiten zusammen<\/li>\n<li>Angesprochene T\u00e4nzer gehen Halbkreis um anderen herum; Der andere T\u00e4nzer bewegt sich seitw\u00e4rts wie notwendig (nicht drehen!)<\/li>\n<li>Ob nach rechts oder links muss nur angesagt werden, wenn es verschiedene M\u00f6glichkeiten gibt. Z.B. Wenn Boy\/Girl zusammen stehen und Girls Run angesagt wird, so ist eindeutig: Girl run around the Boy. In vielen anderen Anwendungen muss die Richtung angesagt werden.<\/li>\n<\/ul>\n<div style=\"width: 640px;\" class=\"wp-video\"><video class=\"wp-video-shortcode\" id=\"video-295-1\" width=\"640\" height=\"480\" preload=\"metadata\" controls=\"controls\"><source type=\"video\/mp4\" src=\"https:\/\/definition.nanninga.me\/wp-content\/uploads\/2019\/02\/B39-Run.mp4?_=1\" \/><a href=\"https:\/\/definition.nanninga.me\/wp-content\/uploads\/2019\/02\/B39-Run.mp4\">https:\/\/definition.nanninga.me\/wp-content\/uploads\/2019\/02\/B39-Run.mp4<\/a><\/video><\/div>\n<\/div>\n<div><strong>2. Cross Run<\/strong><\/div>\n<ul>\n<li>Im Film nicht gezeigt<\/li>\n<li>Angesprochene T\u00e4nzer geht zum &#8222;weiter entfernten&#8220; T\u00e4nzer<\/li>\n<li>Es sind immer 4 T\u00e4nzer involviert<\/li>\n<li>Ends werden dabei Centers und Centers dabei Ends<\/li>\n<li>Kommt T\u00e4nzer entgegen: rechtsschultrig passieren<\/li>\n<\/ul>\n<div><\/div>\n<\/div>\n<div>In der Animation zeige ich verschiedene M\u00f6glichkeiten f\u00fcr ein Cross Run<\/div>\n<div>\n<div style=\"width: 332px;\" class=\"wp-video\"><video class=\"wp-video-shortcode\" id=\"video-295-2\" width=\"332\" height=\"304\" preload=\"metadata\" controls=\"controls\"><source type=\"video\/mp4\" src=\"https:\/\/definition.nanninga.me\/wp-content\/uploads\/2019\/02\/B39-Cross-run-anim.mp4?_=2\" \/><a href=\"https:\/\/definition.nanninga.me\/wp-content\/uploads\/2019\/02\/B39-Cross-run-anim.mp4\">https:\/\/definition.nanninga.me\/wp-content\/uploads\/2019\/02\/B39-Cross-run-anim.mp4<\/a><\/video><\/div>\n<\/div>\n<p class=\"copyright\">\n<div class=\"pdfprnt-buttons pdfprnt-buttons-page pdfprnt-bottom-left\"><a href=\"https:\/\/definition.nanninga.me\/fd\/wp-json\/wp\/v2\/pages\/295?print=print\" class=\"pdfprnt-button pdfprnt-button-print\" target=\"_blank\" ><img decoding=\"async\" src=\"https:\/\/definition.nanninga.me\/wp-content\/plugins\/pdf-print\/images\/print.png\" alt=\"image_print\" title=\"Inhalt drucken\" \/><span class=\"pdfprnt-button-title pdfprnt-button-print-title\">Print Page<\/span><\/a><\/div>","protected":false},"excerpt":{"rendered":"<p>1. Run Angesprochene T\u00e4nzer und T\u00e4nzer daneben arbeiten zusammen Angesprochene T\u00e4nzer gehen Halbkreis um anderen herum; Der andere T\u00e4nzer bewegt sich seitw\u00e4rts wie notwendig (nicht drehen!) Ob nach rechts oder links muss nur angesagt werden, wenn es verschiedene M\u00f6glichkeiten gibt. <span class=\"excerpt-dots\">&hellip;<\/span> <a class=\"more-link\" href=\"https:\/\/definition.nanninga.me\/fd\/basic-2\/39-run-cross-run\/\"><span class=\"more-msg\">Weiterlesen &rarr;<\/span><\/a><\/p>\n","protected":false},"author":1,"featured_media":0,"parent":17,"menu_order":0,"comment_status":"closed","ping_status":"closed","template":"","meta":{"footnotes":""},"class_list":["post-295","page","type-page","status-publish","hentry"],"translation":{"provider":"WPGlobus","version":"3.0.2","language":"fd","enabled_languages":["de","en","fd"],"languages":{"de":{"title":true,"content":true,"excerpt":false},"en":{"title":true,"content":true,"excerpt":false},"fd":{"title":true,"content":true,"excerpt":false}}},"_links":{"self":[{"href":"https:\/\/definition.nanninga.me\/fd\/wp-json\/wp\/v2\/pages\/295","targetHints":{"allow":["GET"]}}],"collection":[{"href":"https:\/\/definition.nanninga.me\/fd\/wp-json\/wp\/v2\/pages"}],"about":[{"href":"https:\/\/definition.nanninga.me\/fd\/wp-json\/wp\/v2\/types\/page"}],"author":[{"embeddable":true,"href":"https:\/\/definition.nanninga.me\/fd\/wp-json\/wp\/v2\/users\/1"}],"replies":[{"embeddable":true,"href":"https:\/\/definition.nanninga.me\/fd\/wp-json\/wp\/v2\/comments?post=295"}],"version-history":[{"count":14,"href":"https:\/\/definition.nanninga.me\/fd\/wp-json\/wp\/v2\/pages\/295\/revisions"}],"predecessor-version":[{"id":2253,"href":"https:\/\/definition.nanninga.me\/fd\/wp-json\/wp\/v2\/pages\/295\/revisions\/2253"}],"up":[{"embeddable":true,"href":"https:\/\/definition.nanninga.me\/fd\/wp-json\/wp\/v2\/pages\/17"}],"wp:attachment":[{"href":"https:\/\/definition.nanninga.me\/fd\/wp-json\/wp\/v2\/media?parent=295"}],"curies":[{"name":"wp","href":"https:\/\/api.w.org\/{rel}","templated":true}]}}