{"id":284,"date":"2018-10-20T14:59:57","date_gmt":"2018-10-20T12:59:57","guid":{"rendered":"http:\/\/definition.nanninga.myds.me\/?page_id=284"},"modified":"2021-12-06T18:57:22","modified_gmt":"2021-12-06T17:57:22","slug":"37-alamo-style","status":"publish","type":"page","link":"https:\/\/definition.nanninga.me\/fd\/basic-2\/37-alamo-style\/","title":{"rendered":"37. Alamo Style"},"content":{"rendered":"<div class=\"command-examples full\">\n<ul>\n<li>Zun\u00e4chst Allemande Left; jedoch nicht loslassen<\/li>\n<li>Arm Turn fortsetzen, bis Boys in die Mitte und Girls nach aussen sehen; Call: Allemande Left to an Alamo Style<\/li>\n<li>Durchfassen Ocean Wave Style!<\/li>\n<li>Es gibt auch noch andere M\u00f6glichkeiten, den Alamo Ring zu bilden (z.B. Hinge aus einem Thar u.\u00e4.)<\/li>\n<\/ul>\n<\/div>\n<p class=\"copyright\">Der Alamo Ring sieht aus, wie hier im Film dargestellt.<\/p>\n<div style=\"width: 640px;\" class=\"wp-video\"><video class=\"wp-video-shortcode\" id=\"video-284-1\" width=\"640\" height=\"480\" preload=\"metadata\" controls=\"controls\"><source type=\"video\/mp4\" src=\"https:\/\/definition.nanninga.me\/wp-content\/uploads\/2019\/02\/B37-Alamo-Wave.mp4?_=1\" \/><a href=\"https:\/\/definition.nanninga.me\/wp-content\/uploads\/2019\/02\/B37-Alamo-Wave.mp4\">https:\/\/definition.nanninga.me\/wp-content\/uploads\/2019\/02\/B37-Alamo-Wave.mp4<\/a><\/video><\/div>\n<ul>\n<li>Aus dieser Formation sind diverse Kommandos m\u00f6glich. Am h\u00e4ufigsten wird Swing thru gecallt (Animation beim n\u00e4chsten Call)<\/li>\n<li>Es sind aber auch Trades (z.B. Heads Trade) oder Runs (z.B. Girls run Left) und \u00e4hnliches m\u00f6glich<\/li>\n<\/ul>\n<p>&nbsp;<\/p>\n<div class=\"pdfprnt-buttons pdfprnt-buttons-page pdfprnt-bottom-left\"><a href=\"https:\/\/definition.nanninga.me\/fd\/wp-json\/wp\/v2\/pages\/284?print=print\" class=\"pdfprnt-button pdfprnt-button-print\" target=\"_blank\" ><img decoding=\"async\" src=\"https:\/\/definition.nanninga.me\/wp-content\/plugins\/pdf-print\/images\/print.png\" alt=\"image_print\" title=\"Inhalt drucken\" \/><span class=\"pdfprnt-button-title pdfprnt-button-print-title\">Print Page<\/span><\/a><\/div>","protected":false},"excerpt":{"rendered":"<p>Zun\u00e4chst Allemande Left; jedoch nicht loslassen Arm Turn fortsetzen, bis Boys in die Mitte und Girls nach aussen sehen; Call: Allemande Left to an Alamo Style Durchfassen Ocean Wave Style! Es gibt auch noch andere M\u00f6glichkeiten, den Alamo Ring zu <span class=\"excerpt-dots\">&hellip;<\/span> <a class=\"more-link\" href=\"https:\/\/definition.nanninga.me\/fd\/basic-2\/37-alamo-style\/\"><span class=\"more-msg\">Weiterlesen &rarr;<\/span><\/a><\/p>\n","protected":false},"author":1,"featured_media":0,"parent":17,"menu_order":0,"comment_status":"closed","ping_status":"closed","template":"","meta":{"footnotes":""},"class_list":["post-284","page","type-page","status-publish","hentry"],"translation":{"provider":"WPGlobus","version":"3.0.2","language":"fd","enabled_languages":["de","en","fd"],"languages":{"de":{"title":true,"content":true,"excerpt":false},"en":{"title":true,"content":true,"excerpt":false},"fd":{"title":true,"content":true,"excerpt":false}}},"_links":{"self":[{"href":"https:\/\/definition.nanninga.me\/fd\/wp-json\/wp\/v2\/pages\/284","targetHints":{"allow":["GET"]}}],"collection":[{"href":"https:\/\/definition.nanninga.me\/fd\/wp-json\/wp\/v2\/pages"}],"about":[{"href":"https:\/\/definition.nanninga.me\/fd\/wp-json\/wp\/v2\/types\/page"}],"author":[{"embeddable":true,"href":"https:\/\/definition.nanninga.me\/fd\/wp-json\/wp\/v2\/users\/1"}],"replies":[{"embeddable":true,"href":"https:\/\/definition.nanninga.me\/fd\/wp-json\/wp\/v2\/comments?post=284"}],"version-history":[{"count":12,"href":"https:\/\/definition.nanninga.me\/fd\/wp-json\/wp\/v2\/pages\/284\/revisions"}],"predecessor-version":[{"id":2250,"href":"https:\/\/definition.nanninga.me\/fd\/wp-json\/wp\/v2\/pages\/284\/revisions\/2250"}],"up":[{"embeddable":true,"href":"https:\/\/definition.nanninga.me\/fd\/wp-json\/wp\/v2\/pages\/17"}],"wp:attachment":[{"href":"https:\/\/definition.nanninga.me\/fd\/wp-json\/wp\/v2\/media?parent=284"}],"curies":[{"name":"wp","href":"https:\/\/api.w.org\/{rel}","templated":true}]}}