{"id":2801,"date":"2026-03-28T08:40:10","date_gmt":"2026-03-28T07:40:10","guid":{"rendered":"https:\/\/definition.nanninga.me\/?page_id=2801"},"modified":"2026-03-28T08:51:35","modified_gmt":"2026-03-28T07:51:35","slug":"neues-plus-allgemein","status":"publish","type":"page","link":"https:\/\/definition.nanninga.me\/fd\/neues-plus-allgemein\/","title":{"rendered":"Neues Plus Allgemein"},"content":{"rendered":"<p>Caller werden daran erinnert, ihre calls auf das angek\u00fcndigte Programm zu beschr\u00e4nken. Calls von einer Liste, die nicht angek\u00fcndigt wurde, sollten nicht benutzt werden &#8211; es sei denn sie werden vorher demonstriert oder ein Workshop durchgef\u00fchrt. Wenn ein Workshop f\u00fcr PLUS T\u00e4nzer gehalten wird, die mehr wollen, sollte der Workshop entsprechend angek\u00fcndigt werden.<\/p>\n<p>Bemerkung: Das PLUS Programm wird so verstanden, dass es einen kreativeren Umgang mit den Mainstream Calls beinhaltet &#8211; nicht nur aus Standard Positionen. Aus diesem Grund empfiehlt CALLERLAB das das PLUS Programm in NICHT WENIGER als 40 Stunden (d.h. 20 2-st\u00fcndiger Unterricht oder 27 90-Minuten Unterricht) unterrichtet wird.<\/p>\n<p>Diese Listen werden durch CALLERLAB und Eure Callerlab Caller zur Verf\u00fcgung gestellt. Es wird die Erlaubnis erteilt, diese zu reproduzieren vorausgesetzt die folgende Notiz wird hinzugef\u00fcgt: &#8222;Reprinted with permission of CALLERLAB&#8220;<\/p>\n<div class=\"pdfprnt-buttons pdfprnt-buttons-page pdfprnt-bottom-left\"><a href=\"https:\/\/definition.nanninga.me\/fd\/wp-json\/wp\/v2\/pages\/2801?print=print\" class=\"pdfprnt-button pdfprnt-button-print\" target=\"_blank\" ><img decoding=\"async\" src=\"https:\/\/definition.nanninga.me\/wp-content\/plugins\/pdf-print\/images\/print.png\" alt=\"image_print\" title=\"Inhalt drucken\" \/><span class=\"pdfprnt-button-title pdfprnt-button-print-title\">Print Page<\/span><\/a><\/div>","protected":false},"excerpt":{"rendered":"<p>Caller werden daran erinnert, ihre calls auf das angek\u00fcndigte Programm zu beschr\u00e4nken. Calls von einer Liste, die nicht angek\u00fcndigt wurde, sollten nicht benutzt werden &#8211; es sei denn sie werden vorher demonstriert oder ein Workshop durchgef\u00fchrt. Wenn ein Workshop f\u00fcr <span class=\"excerpt-dots\">&hellip;<\/span> <a class=\"more-link\" href=\"https:\/\/definition.nanninga.me\/fd\/neues-plus-allgemein\/\"><span class=\"more-msg\">Weiterlesen &rarr;<\/span><\/a><\/p>\n","protected":false},"author":1,"featured_media":0,"parent":0,"menu_order":0,"comment_status":"closed","ping_status":"closed","template":"","meta":{"footnotes":""},"class_list":["post-2801","page","type-page","status-publish","hentry"],"translation":{"provider":"WPGlobus","version":"3.0.2","language":"fd","enabled_languages":["de","en","fd"],"languages":{"de":{"title":true,"content":true,"excerpt":false},"en":{"title":true,"content":true,"excerpt":false},"fd":{"title":false,"content":false,"excerpt":false}}},"_links":{"self":[{"href":"https:\/\/definition.nanninga.me\/fd\/wp-json\/wp\/v2\/pages\/2801","targetHints":{"allow":["GET"]}}],"collection":[{"href":"https:\/\/definition.nanninga.me\/fd\/wp-json\/wp\/v2\/pages"}],"about":[{"href":"https:\/\/definition.nanninga.me\/fd\/wp-json\/wp\/v2\/types\/page"}],"author":[{"embeddable":true,"href":"https:\/\/definition.nanninga.me\/fd\/wp-json\/wp\/v2\/users\/1"}],"replies":[{"embeddable":true,"href":"https:\/\/definition.nanninga.me\/fd\/wp-json\/wp\/v2\/comments?post=2801"}],"version-history":[{"count":4,"href":"https:\/\/definition.nanninga.me\/fd\/wp-json\/wp\/v2\/pages\/2801\/revisions"}],"predecessor-version":[{"id":2805,"href":"https:\/\/definition.nanninga.me\/fd\/wp-json\/wp\/v2\/pages\/2801\/revisions\/2805"}],"wp:attachment":[{"href":"https:\/\/definition.nanninga.me\/fd\/wp-json\/wp\/v2\/media?parent=2801"}],"curies":[{"name":"wp","href":"https:\/\/api.w.org\/{rel}","templated":true}]}}