{"id":27,"date":"2018-10-18T15:48:41","date_gmt":"2018-10-18T13:48:41","guid":{"rendered":"http:\/\/definition.nanninga.myds.me\/?page_id=27"},"modified":"2021-12-05T21:54:39","modified_gmt":"2021-12-05T20:54:39","slug":"basic-allgemein","status":"publish","type":"page","link":"https:\/\/definition.nanninga.me\/fd\/basic1\/basic-allgemein\/","title":{"rendered":"Basic Allgemein"},"content":{"rendered":"<p>Auf den allgemeinen Seiten sind keine Animationen vorgesehen.<\/p>\n<p>Jedoch hier einmal eine Animation, die die verschiedenen Begriffe wie Heads, Sides usw. erl\u00e4utert. Schaut Euch die Bilder einmal in Ruhe an<\/p>\n<p><img loading=\"lazy\" decoding=\"async\" class=\"aligncenter wp-image-1595\" src=\"https:\/\/definition.nanninga.me\/wp-content\/uploads\/2019\/01\/image001.gif\" alt=\"\" width=\"300\" height=\"293\" \/><\/p>\n<p>Das Gleiche noch einmal im Video<\/p>\n<div style=\"width: 640px;\" class=\"wp-video\"><video class=\"wp-video-shortcode\" id=\"video-27-1\" width=\"640\" height=\"480\" preload=\"metadata\" controls=\"controls\"><source type=\"video\/mp4\" src=\"https:\/\/definition.nanninga.me\/wp-content\/uploads\/2019\/01\/B00-Dancer-naming.mp4?_=1\" \/><a href=\"https:\/\/definition.nanninga.me\/wp-content\/uploads\/2019\/01\/B00-Dancer-naming.mp4\">https:\/\/definition.nanninga.me\/wp-content\/uploads\/2019\/01\/B00-Dancer-naming.mp4<\/a><\/video><\/div>\n<p>&nbsp;<\/p>\n<p>&nbsp;<\/p>\n<div class=\"pdfprnt-buttons pdfprnt-buttons-page pdfprnt-bottom-left\"><a href=\"https:\/\/definition.nanninga.me\/fd\/wp-json\/wp\/v2\/pages\/27?print=print\" class=\"pdfprnt-button pdfprnt-button-print\" target=\"_blank\" ><img decoding=\"async\" src=\"https:\/\/definition.nanninga.me\/wp-content\/plugins\/pdf-print\/images\/print.png\" alt=\"image_print\" title=\"Inhalt drucken\" \/><span class=\"pdfprnt-button-title pdfprnt-button-print-title\">Print Page<\/span><\/a><\/div>","protected":false},"excerpt":{"rendered":"<p>Allgemeines Anmerkung zur deutschen \u00dcbersetzung Anmerkung zur deutschen \u00dcbersetzung Die vorliegende deutsche \u00dcbersetzung wurde von den Mitgliedern des International Advisory Committee erstellt. Da dies nur eine \u00dcberstzung ist, ist die offiziell g\u00fcltige Version das englische Orginal Dokument. Einleitung Die CALLERLAB <span class=\"excerpt-dots\">&hellip;<\/span> <a class=\"more-link\" href=\"https:\/\/definition.nanninga.me\/fd\/basic1\/basic-allgemein\/\"><span class=\"more-msg\">Weiterlesen &rarr;<\/span><\/a><\/p>\n","protected":false},"author":1,"featured_media":0,"parent":14,"menu_order":0,"comment_status":"closed","ping_status":"closed","template":"","meta":{"footnotes":""},"class_list":["post-27","page","type-page","status-publish","hentry"],"translation":{"provider":"WPGlobus","version":"3.0.2","language":"fd","enabled_languages":["de","en","fd"],"languages":{"de":{"title":true,"content":true,"excerpt":false},"en":{"title":true,"content":true,"excerpt":false},"fd":{"title":false,"content":true,"excerpt":false}}},"_links":{"self":[{"href":"https:\/\/definition.nanninga.me\/fd\/wp-json\/wp\/v2\/pages\/27","targetHints":{"allow":["GET"]}}],"collection":[{"href":"https:\/\/definition.nanninga.me\/fd\/wp-json\/wp\/v2\/pages"}],"about":[{"href":"https:\/\/definition.nanninga.me\/fd\/wp-json\/wp\/v2\/types\/page"}],"author":[{"embeddable":true,"href":"https:\/\/definition.nanninga.me\/fd\/wp-json\/wp\/v2\/users\/1"}],"replies":[{"embeddable":true,"href":"https:\/\/definition.nanninga.me\/fd\/wp-json\/wp\/v2\/comments?post=27"}],"version-history":[{"count":24,"href":"https:\/\/definition.nanninga.me\/fd\/wp-json\/wp\/v2\/pages\/27\/revisions"}],"predecessor-version":[{"id":2200,"href":"https:\/\/definition.nanninga.me\/fd\/wp-json\/wp\/v2\/pages\/27\/revisions\/2200"}],"up":[{"embeddable":true,"href":"https:\/\/definition.nanninga.me\/fd\/wp-json\/wp\/v2\/pages\/14"}],"wp:attachment":[{"href":"https:\/\/definition.nanninga.me\/fd\/wp-json\/wp\/v2\/media?parent=27"}],"curies":[{"name":"wp","href":"https:\/\/api.w.org\/{rel}","templated":true}]}}