{"id":2685,"date":"2026-01-01T21:39:31","date_gmt":"2026-01-01T20:39:31","guid":{"rendered":"https:\/\/definition.nanninga.myds.me\/?page_id=2685"},"modified":"2026-02-16T13:53:57","modified_gmt":"2026-02-16T12:53:57","slug":"47-triple-trade","status":"publish","type":"page","link":"https:\/\/definition.nanninga.me\/fd\/47-triple-trade\/","title":{"rendered":"Triple Trade"},"content":{"rendered":"<p>Dehnbase:<a href=\"https:\/\/www.dehnbase.org\/sd\/tutorial\/qt-triple-trade.php\"> https:\/\/www.dehnbase.org\/sd\/tutorial\/qt-triple-trade.php<\/a><\/p>\n<p>Dieser Call kann aus verschiedenen Formationen getanzt werden. 3 Paare (die \u00e4u\u00dferen T\u00e4nzer spielen nicht mit) machen ein Trade.<\/p>\n<p>H\u00e4ufig getanzt aus eine Tidal Wave: die 3 inneren Paare machen ein Trade, die beiden \u00e4u\u00dferen T\u00e4nzer bleiben stehen). Bei einer rechtsh\u00e4ndigen Tidal Wave ist das Trade mit LINKS (und umgekehrt).<\/p>\n<p><img loading=\"lazy\" decoding=\"async\" class=\"alignnone wp-image-2746 size-full\" src=\"https:\/\/definition.nanninga.me\/wp-content\/uploads\/2026\/01\/dehn14.gif\" alt=\"\" width=\"320\" height=\"160\" \/><\/p>\n<p>Hier aus einer Diamond Formation:<\/p>\n<p><img loading=\"lazy\" decoding=\"async\" class=\"alignnone wp-image-2747 size-full\" src=\"https:\/\/definition.nanninga.me\/wp-content\/uploads\/2026\/01\/dehn15.gif\" alt=\"\" width=\"320\" height=\"160\" \/><\/p>\n<p>Achtung: Manchmal ist der Trade auch ein PARTNER TRADE, z.B. Aus einer 1\/4 Tag oder 3\/4 Tag Formation. Dann machen die \u00e4u\u00dferen T\u00e4nzer ein Partner Trade und nur das innere Paar ein Trade in der Mini-Wave.<\/p>\n<p><img loading=\"lazy\" decoding=\"async\" class=\"alignnone wp-image-2740 size-full\" src=\"https:\/\/definition.nanninga.me\/wp-content\/uploads\/2026\/01\/dehn16.gif\" alt=\"\" width=\"160\" height=\"160\" \/><\/p>\n<p>Mit diesem Call k\u00f6nnen manche Caller sehr &#8222;kreativ&#8220; umgehen. Man kann nicht alle M\u00f6glichkeiten aufzeigen.<\/p>\n<p>&nbsp;<\/p>\n<div>1. Taminations mit allen m\u00f6glichen Varianten von Triple Trade<\/div>\n<p>&nbsp;<\/p>\n<p><iframe loading=\"lazy\" style=\"border: 1px solid #ccc; border-radius: 8px;\" title=\"Taminations Square Dance Animation\" \n  src=\"https:\/\/www.tamtwirlers.org\/taminations\/#\/?level=A-1&#038;animnum=0&#038;animname=TripleTradefromTidalWave&#038;link=a1\/triple_trade&#038;main=ANIMLIST&#038;detail=CALLS\" \n  width=\"100%\" height=\"600\"><br \/>\n<\/iframe><\/p>\n<p>&nbsp;<\/p>\n<div class=\"pdfprnt-buttons pdfprnt-buttons-page pdfprnt-bottom-left\"><a href=\"https:\/\/definition.nanninga.me\/fd\/wp-json\/wp\/v2\/pages\/2685?print=print\" class=\"pdfprnt-button pdfprnt-button-print\" target=\"_blank\" ><img decoding=\"async\" src=\"https:\/\/definition.nanninga.me\/wp-content\/plugins\/pdf-print\/images\/print.png\" alt=\"image_print\" title=\"Inhalt drucken\" \/><span class=\"pdfprnt-button-title pdfprnt-button-print-title\">Print Page<\/span><\/a><\/div>","protected":false},"excerpt":{"rendered":"<p>Dehnbase: https:\/\/www.dehnbase.org\/sd\/tutorial\/qt-triple-trade.php Dieser Call kann aus verschiedenen Formationen getanzt werden. 3 Paare (die \u00e4u\u00dferen T\u00e4nzer spielen nicht mit) machen ein Trade. H\u00e4ufig getanzt aus eine Tidal Wave: die 3 inneren Paare machen ein Trade, die beiden \u00e4u\u00dferen T\u00e4nzer bleiben stehen). <span class=\"excerpt-dots\">&hellip;<\/span> <a class=\"more-link\" href=\"https:\/\/definition.nanninga.me\/fd\/47-triple-trade\/\"><span class=\"more-msg\">Weiterlesen &rarr;<\/span><\/a><\/p>\n","protected":false},"author":1,"featured_media":0,"parent":0,"menu_order":0,"comment_status":"closed","ping_status":"closed","template":"","meta":{"footnotes":""},"class_list":["post-2685","page","type-page","status-publish","hentry"],"translation":{"provider":"WPGlobus","version":"3.0.2","language":"fd","enabled_languages":["de","en","fd"],"languages":{"de":{"title":true,"content":true,"excerpt":false},"en":{"title":false,"content":true,"excerpt":false},"fd":{"title":true,"content":true,"excerpt":false}}},"_links":{"self":[{"href":"https:\/\/definition.nanninga.me\/fd\/wp-json\/wp\/v2\/pages\/2685","targetHints":{"allow":["GET"]}}],"collection":[{"href":"https:\/\/definition.nanninga.me\/fd\/wp-json\/wp\/v2\/pages"}],"about":[{"href":"https:\/\/definition.nanninga.me\/fd\/wp-json\/wp\/v2\/types\/page"}],"author":[{"embeddable":true,"href":"https:\/\/definition.nanninga.me\/fd\/wp-json\/wp\/v2\/users\/1"}],"replies":[{"embeddable":true,"href":"https:\/\/definition.nanninga.me\/fd\/wp-json\/wp\/v2\/comments?post=2685"}],"version-history":[{"count":13,"href":"https:\/\/definition.nanninga.me\/fd\/wp-json\/wp\/v2\/pages\/2685\/revisions"}],"predecessor-version":[{"id":2778,"href":"https:\/\/definition.nanninga.me\/fd\/wp-json\/wp\/v2\/pages\/2685\/revisions\/2778"}],"wp:attachment":[{"href":"https:\/\/definition.nanninga.me\/fd\/wp-json\/wp\/v2\/media?parent=2685"}],"curies":[{"name":"wp","href":"https:\/\/api.w.org\/{rel}","templated":true}]}}