{"id":2657,"date":"2026-01-01T21:19:47","date_gmt":"2026-01-01T20:19:47","guid":{"rendered":"https:\/\/definition.nanninga.myds.me\/?page_id=2657"},"modified":"2026-01-02T09:22:52","modified_gmt":"2026-01-02T08:22:52","slug":"33-quarter-thru-3-4-thru-grand-quarter-thru-grand-3-4-thru","status":"publish","type":"page","link":"https:\/\/definition.nanninga.me\/fd\/33-quarter-thru-3-4-thru-grand-quarter-thru-grand-3-4-thru\/","title":{"rendered":"33 Quarter Thru, 3\/4 Thru, Grand quarter thru, grand 3\/4 thru"},"content":{"rendered":"<p>Dehnbase: <a href=\"https:\/\/www.dehnbase.org\/sd\/tutorial\/qt-14-thru.php\">https:\/\/www.dehnbase.org\/sd\/tutorial\/qt-14-thru.php<\/a><\/p>\n<p>Der Call besteht immer aus 2 Parts, wobei der Caller daf\u00fcr zu sorgen hat, dass es T\u00e4nzer gibt, die beide Teile ausf\u00fchren k\u00f6nnen. Es ergeben sich wieder viele M\u00f6glichkeiten der Anwendung.<\/p>\n<p>Hier einmal eine Box; alle beginnen mit einer 1\/4 Drehung (also einem Hinge) und dann die inneren T\u00e4nzer mit einer halben Drehung (wie in Ocean Waves).<\/p>\n<p><img loading=\"lazy\" decoding=\"async\" class=\"alignnone size-full wp-image-2755\" src=\"https:\/\/definition.nanninga.me\/wp-content\/uploads\/2026\/01\/dehn17.gif\" alt=\"\" width=\"160\" height=\"160\" \/><\/p>\n<p>Hier aus einer Ocean Wave. Nur die inneren T\u00e4nzer k\u00f6nnen ein 1\/4 Drehung mit RECHTS ausf\u00fchren; daher sind die anderen nicht beteiligt. Danach k\u00f6nnen nur die inneren T\u00e4nzer der neuen Ocean Wave eine halbe Drehung ausf\u00fchren.<\/p>\n<p><img loading=\"lazy\" decoding=\"async\" class=\"alignnone size-full wp-image-2756\" src=\"https:\/\/definition.nanninga.me\/wp-content\/uploads\/2026\/01\/dehn18.gif\" alt=\"\" width=\"160\" height=\"160\" \/><\/p>\n<p>Das ganze geht dann auch mit Links<\/p>\n<p><img loading=\"lazy\" decoding=\"async\" class=\"alignnone size-full wp-image-2757\" src=\"https:\/\/definition.nanninga.me\/wp-content\/uploads\/2026\/01\/dehn19.gif\" alt=\"\" width=\"160\" height=\"160\" \/><\/p>\n<p>Die Variationen mit 3\/4 sind identisch. Die erste Drehung geht aber 3\/4; der 2. Teil bleibt eine halbe Drehung.<\/p>\n<p><img loading=\"lazy\" decoding=\"async\" class=\"alignnone size-full wp-image-2758\" src=\"https:\/\/definition.nanninga.me\/wp-content\/uploads\/2026\/01\/dehn20.gif\" alt=\"\" width=\"160\" height=\"160\" \/><\/p>\n<p>Die Variationen mit GRAND (also Grand quarter thru und Grand 3\/4 thru) beginnen ausschlie\u00dflich aus einer Column (mit 3 oder 4 Paaren). Der einzige Unterschied ist eigentlich, das beim 2. Teil nicht nur jeweils 2 T\u00e4nzer beteiligt sind, sondern auch mehr m\u00f6glich ist.<\/p>\n<p>&nbsp;<\/p>\n<div class=\"pdfprnt-buttons pdfprnt-buttons-page pdfprnt-bottom-left\"><a href=\"https:\/\/definition.nanninga.me\/fd\/wp-json\/wp\/v2\/pages\/2657?print=print\" class=\"pdfprnt-button pdfprnt-button-print\" target=\"_blank\" ><img decoding=\"async\" src=\"https:\/\/definition.nanninga.me\/wp-content\/plugins\/pdf-print\/images\/print.png\" alt=\"image_print\" title=\"Inhalt drucken\" \/><span class=\"pdfprnt-button-title pdfprnt-button-print-title\">Print Page<\/span><\/a><\/div>","protected":false},"excerpt":{"rendered":"<p>Dehnbase: https:\/\/www.dehnbase.org\/sd\/tutorial\/qt-14-thru.php Der Call besteht immer aus 2 Parts, wobei der Caller daf\u00fcr zu sorgen hat, dass es T\u00e4nzer gibt, die beide Teile ausf\u00fchren k\u00f6nnen. Es ergeben sich wieder viele M\u00f6glichkeiten der Anwendung. Hier einmal eine Box; alle beginnen mit <span class=\"excerpt-dots\">&hellip;<\/span> <a class=\"more-link\" href=\"https:\/\/definition.nanninga.me\/fd\/33-quarter-thru-3-4-thru-grand-quarter-thru-grand-3-4-thru\/\"><span class=\"more-msg\">Weiterlesen &rarr;<\/span><\/a><\/p>\n","protected":false},"author":1,"featured_media":0,"parent":0,"menu_order":0,"comment_status":"closed","ping_status":"closed","template":"","meta":{"footnotes":""},"class_list":["post-2657","page","type-page","status-publish","hentry"],"translation":{"provider":"WPGlobus","version":"3.0.2","language":"fd","enabled_languages":["de","en","fd"],"languages":{"de":{"title":true,"content":true,"excerpt":false},"en":{"title":false,"content":true,"excerpt":false},"fd":{"title":false,"content":true,"excerpt":false}}},"_links":{"self":[{"href":"https:\/\/definition.nanninga.me\/fd\/wp-json\/wp\/v2\/pages\/2657","targetHints":{"allow":["GET"]}}],"collection":[{"href":"https:\/\/definition.nanninga.me\/fd\/wp-json\/wp\/v2\/pages"}],"about":[{"href":"https:\/\/definition.nanninga.me\/fd\/wp-json\/wp\/v2\/types\/page"}],"author":[{"embeddable":true,"href":"https:\/\/definition.nanninga.me\/fd\/wp-json\/wp\/v2\/users\/1"}],"replies":[{"embeddable":true,"href":"https:\/\/definition.nanninga.me\/fd\/wp-json\/wp\/v2\/comments?post=2657"}],"version-history":[{"count":11,"href":"https:\/\/definition.nanninga.me\/fd\/wp-json\/wp\/v2\/pages\/2657\/revisions"}],"predecessor-version":[{"id":2762,"href":"https:\/\/definition.nanninga.me\/fd\/wp-json\/wp\/v2\/pages\/2657\/revisions\/2762"}],"wp:attachment":[{"href":"https:\/\/definition.nanninga.me\/fd\/wp-json\/wp\/v2\/media?parent=2657"}],"curies":[{"name":"wp","href":"https:\/\/api.w.org\/{rel}","templated":true}]}}