{"id":2645,"date":"2026-01-01T21:09:03","date_gmt":"2026-01-01T20:09:03","guid":{"rendered":"https:\/\/definition.nanninga.myds.me\/?page_id=2645"},"modified":"2026-01-02T08:09:51","modified_gmt":"2026-01-02T07:09:51","slug":"pass-the-sea","status":"publish","type":"page","link":"https:\/\/definition.nanninga.me\/fd\/pass-the-sea\/","title":{"rendered":"Pass the Sea"},"content":{"rendered":"<p>Dehnbase: <a href=\"https:\/\/www.dehnbase.org\/sd\/tutorial\/qt-pass-the-sea.php\">https:\/\/www.dehnbase.org\/sd\/tutorial\/qt-pass-the-sea.php<\/a><\/p>\n<p>Dieser Call besteht aus 3 Teilen<\/p>\n<ul>\n<li>Pass thru<\/li>\n<li>Face your Partner (90 Grad Drehung)<\/li>\n<li>LEFT step to a wave (Achtung KEIN Touch 1\/4 NUR Step to LEFT Mini-Wave)<\/li>\n<\/ul>\n<p><img loading=\"lazy\" decoding=\"async\" class=\"alignnone size-full wp-image-2725\" src=\"https:\/\/definition.nanninga.me\/wp-content\/uploads\/2026\/01\/dehn10.gif\" alt=\"\" width=\"160\" height=\"160\" \/><\/p>\n<p>Der erste Teil bleibt ein rechtsschultriger Pass thru. Danach \u00e4hnlich wie bei Pass the Ocean ein flie\u00dfender \u00dcbergang: Face and Step to LEFT Mini-Wave<\/p>\n<p><img loading=\"lazy\" decoding=\"async\" class=\"alignnone size-full wp-image-2726\" src=\"https:\/\/definition.nanninga.me\/wp-content\/uploads\/2026\/01\/dehn11.gif\" alt=\"\" width=\"160\" height=\"120\" \/><\/p>\n<p>Die rechts stehenden T\u00e4nzer stehen danach au\u00dfen; die links stehenden innen.<\/p>\n<p>&nbsp;<\/p>\n<div class=\"pdfprnt-buttons pdfprnt-buttons-page pdfprnt-bottom-left\"><a href=\"https:\/\/definition.nanninga.me\/fd\/wp-json\/wp\/v2\/pages\/2645?print=print\" class=\"pdfprnt-button pdfprnt-button-print\" target=\"_blank\" ><img decoding=\"async\" src=\"https:\/\/definition.nanninga.me\/wp-content\/plugins\/pdf-print\/images\/print.png\" alt=\"image_print\" title=\"Inhalt drucken\" \/><span class=\"pdfprnt-button-title pdfprnt-button-print-title\">Print Page<\/span><\/a><\/div>","protected":false},"excerpt":{"rendered":"<p>Dehnbase: https:\/\/www.dehnbase.org\/sd\/tutorial\/qt-pass-the-sea.php Dieser Call besteht aus 3 Teilen Pass thru Face your Partner (90 Grad Drehung) LEFT step to a wave (Achtung KEIN Touch 1\/4 NUR Step to LEFT Mini-Wave) Der erste Teil bleibt ein rechtsschultriger Pass thru. Danach \u00e4hnlich <span class=\"excerpt-dots\">&hellip;<\/span> <a class=\"more-link\" href=\"https:\/\/definition.nanninga.me\/fd\/pass-the-sea\/\"><span class=\"more-msg\">Weiterlesen &rarr;<\/span><\/a><\/p>\n","protected":false},"author":1,"featured_media":0,"parent":0,"menu_order":0,"comment_status":"closed","ping_status":"closed","template":"","meta":{"footnotes":""},"class_list":["post-2645","page","type-page","status-publish","hentry"],"translation":{"provider":"WPGlobus","version":"3.0.2","language":"fd","enabled_languages":["de","en","fd"],"languages":{"de":{"title":true,"content":true,"excerpt":false},"en":{"title":false,"content":true,"excerpt":false},"fd":{"title":false,"content":true,"excerpt":false}}},"_links":{"self":[{"href":"https:\/\/definition.nanninga.me\/fd\/wp-json\/wp\/v2\/pages\/2645","targetHints":{"allow":["GET"]}}],"collection":[{"href":"https:\/\/definition.nanninga.me\/fd\/wp-json\/wp\/v2\/pages"}],"about":[{"href":"https:\/\/definition.nanninga.me\/fd\/wp-json\/wp\/v2\/types\/page"}],"author":[{"embeddable":true,"href":"https:\/\/definition.nanninga.me\/fd\/wp-json\/wp\/v2\/users\/1"}],"replies":[{"embeddable":true,"href":"https:\/\/definition.nanninga.me\/fd\/wp-json\/wp\/v2\/comments?post=2645"}],"version-history":[{"count":10,"href":"https:\/\/definition.nanninga.me\/fd\/wp-json\/wp\/v2\/pages\/2645\/revisions"}],"predecessor-version":[{"id":2727,"href":"https:\/\/definition.nanninga.me\/fd\/wp-json\/wp\/v2\/pages\/2645\/revisions\/2727"}],"wp:attachment":[{"href":"https:\/\/definition.nanninga.me\/fd\/wp-json\/wp\/v2\/media?parent=2645"}],"curies":[{"name":"wp","href":"https:\/\/api.w.org\/{rel}","templated":true}]}}