{"id":2642,"date":"2026-01-01T21:04:58","date_gmt":"2026-01-01T20:04:58","guid":{"rendered":"https:\/\/definition.nanninga.myds.me\/?page_id=2642"},"modified":"2026-01-02T07:57:25","modified_gmt":"2026-01-02T06:57:25","slug":"partner-tag","status":"publish","type":"page","link":"https:\/\/definition.nanninga.me\/fd\/partner-tag\/","title":{"rendered":"Partner Tag"},"content":{"rendered":"<p>Dehnbase: <a href=\"https:\/\/www.dehnbase.org\/sd\/tutorial\/qt-partner-tag.php\">https:\/\/www.dehnbase.org\/sd\/tutorial\/qt-partner-tag.php<\/a><\/p>\n<p>T\u00e4nzer drehen sich zueinander und machen ein Pass Thru.<\/p>\n<p>Hier aus einem Paar nebeneinanderstehend.<\/p>\n<p><img loading=\"lazy\" decoding=\"async\" class=\"alignnone size-full wp-image-2713\" src=\"https:\/\/definition.nanninga.me\/wp-content\/uploads\/2026\/01\/dehn07.gif\" alt=\"\" width=\"160\" height=\"120\" \/><\/p>\n<p>Hier aus einer Mini-Wave<\/p>\n<p><img loading=\"lazy\" decoding=\"async\" class=\"alignnone size-full wp-image-2714\" src=\"https:\/\/definition.nanninga.me\/wp-content\/uploads\/2026\/01\/dehn08.gif\" alt=\"\" width=\"160\" height=\"120\" \/><\/p>\n<p>Aber es geht auch aus Lines. Dabei arbeitet jeder H\u00e4lfte f\u00fcr sich.<\/p>\n<p><img loading=\"lazy\" decoding=\"async\" class=\"alignnone size-full wp-image-2715\" src=\"https:\/\/definition.nanninga.me\/wp-content\/uploads\/2026\/01\/dehn09.gif\" alt=\"\" width=\"160\" height=\"120\" \/><\/p>\n<p>Im Prinzip geh\u00f6rt dieser Call zur Tag Family, bezieht sich aber immer nur auf 2 T\u00e4nzer.<\/p>\n<div class=\"pdfprnt-buttons pdfprnt-buttons-page pdfprnt-bottom-left\"><a href=\"https:\/\/definition.nanninga.me\/fd\/wp-json\/wp\/v2\/pages\/2642?print=print\" class=\"pdfprnt-button pdfprnt-button-print\" target=\"_blank\" ><img decoding=\"async\" src=\"https:\/\/definition.nanninga.me\/wp-content\/plugins\/pdf-print\/images\/print.png\" alt=\"image_print\" title=\"Inhalt drucken\" \/><span class=\"pdfprnt-button-title pdfprnt-button-print-title\">Print Page<\/span><\/a><\/div>","protected":false},"excerpt":{"rendered":"<p>Dehnbase: https:\/\/www.dehnbase.org\/sd\/tutorial\/qt-partner-tag.php T\u00e4nzer drehen sich zueinander und machen ein Pass Thru. Hier aus einem Paar nebeneinanderstehend. Hier aus einer Mini-Wave Aber es geht auch aus Lines. Dabei arbeitet jeder H\u00e4lfte f\u00fcr sich. Im Prinzip geh\u00f6rt dieser Call zur Tag Family, <span class=\"excerpt-dots\">&hellip;<\/span> <a class=\"more-link\" href=\"https:\/\/definition.nanninga.me\/fd\/partner-tag\/\"><span class=\"more-msg\">Weiterlesen &rarr;<\/span><\/a><\/p>\n","protected":false},"author":1,"featured_media":0,"parent":0,"menu_order":0,"comment_status":"closed","ping_status":"closed","template":"","meta":{"footnotes":""},"class_list":["post-2642","page","type-page","status-publish","hentry"],"translation":{"provider":"WPGlobus","version":"3.0.2","language":"fd","enabled_languages":["de","en","fd"],"languages":{"de":{"title":true,"content":true,"excerpt":false},"en":{"title":false,"content":true,"excerpt":false},"fd":{"title":true,"content":true,"excerpt":false}}},"_links":{"self":[{"href":"https:\/\/definition.nanninga.me\/fd\/wp-json\/wp\/v2\/pages\/2642","targetHints":{"allow":["GET"]}}],"collection":[{"href":"https:\/\/definition.nanninga.me\/fd\/wp-json\/wp\/v2\/pages"}],"about":[{"href":"https:\/\/definition.nanninga.me\/fd\/wp-json\/wp\/v2\/types\/page"}],"author":[{"embeddable":true,"href":"https:\/\/definition.nanninga.me\/fd\/wp-json\/wp\/v2\/users\/1"}],"replies":[{"embeddable":true,"href":"https:\/\/definition.nanninga.me\/fd\/wp-json\/wp\/v2\/comments?post=2642"}],"version-history":[{"count":7,"href":"https:\/\/definition.nanninga.me\/fd\/wp-json\/wp\/v2\/pages\/2642\/revisions"}],"predecessor-version":[{"id":2717,"href":"https:\/\/definition.nanninga.me\/fd\/wp-json\/wp\/v2\/pages\/2642\/revisions\/2717"}],"wp:attachment":[{"href":"https:\/\/definition.nanninga.me\/fd\/wp-json\/wp\/v2\/media?parent=2642"}],"curies":[{"name":"wp","href":"https:\/\/api.w.org\/{rel}","templated":true}]}}