{"id":2636,"date":"2026-01-01T21:03:09","date_gmt":"2026-01-01T20:03:09","guid":{"rendered":"https:\/\/definition.nanninga.myds.me\/?page_id=2636"},"modified":"2026-02-16T13:52:39","modified_gmt":"2026-02-16T12:52:39","slug":"25-pair-off","status":"publish","type":"page","link":"https:\/\/definition.nanninga.me\/fd\/25-pair-off\/","title":{"rendered":"25 Pair Off"},"content":{"rendered":"<p>Zun\u00e4chst einmal nur 2 Animationen die ich auf der Seite <a href=\"https:\/\/www.dehnbase.org\/sd\/tutorial\/qt-pair-off.php\">https:\/\/www.dehnbase.org\/sd\/tutorial\/qt-pair-off.php<\/a> gefunden habe.<\/p>\n<p>Einmal aus der Position, die wohl h\u00e4ufigsten benutzt wird: dem Static Square. Die andere aus Faccing Lines.<\/p>\n<p><img loading=\"lazy\" decoding=\"async\" class=\"alignnone size-full wp-image-2697\" src=\"https:\/\/definition.nanninga.me\/wp-content\/uploads\/2026\/01\/dehn01.gif\" alt=\"\" width=\"160\" height=\"120\" \/><\/p>\n<p><img loading=\"lazy\" decoding=\"async\" class=\"alignnone size-medium wp-image-2698\" src=\"https:\/\/definition.nanninga.me\/wp-content\/uploads\/2026\/01\/dehn02.gif\" alt=\"\" width=\"200\" height=\"160\" \/><\/p>\n<p>Die englische Formulierung ist etwas unverst\u00e4ndlich (mit dem Flagpole). Gemeint ist aber: Gehe (wenn n\u00f6tig) vorw\u00e4rts und drehe dich dann 1\/4 weg von der Mitte des Sets.<\/p>\n<p>Aus dem Static Square sagt man daf\u00fcr im Basic\/Mainstream: &#8222;Heads into the middle; Face your corner&#8220;. Dort meist benutzt, um den T\u00e4nzern ein Square thru 4 zu ersparen.<br \/>\n&nbsp;<\/p>\n<div>1. Taminations mit allen m\u00f6glichen Varianten von Pair off<\/div>\n<p>&nbsp;<br \/>\n<iframe loading=\"lazy\" style=\"border: 1px solid #ccc; border-radius: 8px;\" title=\"Taminations Square Dance Animation\" \n  src=\"https:\/\/www.tamtwirlers.org\/taminations\/#\/?level=A-1&#038;animnum=0&#038;animname=PairOfffromFacingCouples&#038;link=a1\/pair_off&#038;main=ANIMLIST&#038;detail=CALLS\" \n  width=\"100%\" height=\"600\"><br \/>\n<\/iframe><\/p>\n<div class=\"pdfprnt-buttons pdfprnt-buttons-page pdfprnt-bottom-left\"><a href=\"https:\/\/definition.nanninga.me\/fd\/wp-json\/wp\/v2\/pages\/2636?print=print\" class=\"pdfprnt-button pdfprnt-button-print\" target=\"_blank\" ><img decoding=\"async\" src=\"https:\/\/definition.nanninga.me\/wp-content\/plugins\/pdf-print\/images\/print.png\" alt=\"image_print\" title=\"Inhalt drucken\" \/><span class=\"pdfprnt-button-title pdfprnt-button-print-title\">Print Page<\/span><\/a><\/div>","protected":false},"excerpt":{"rendered":"<p>Zun\u00e4chst einmal nur 2 Animationen die ich auf der Seite https:\/\/www.dehnbase.org\/sd\/tutorial\/qt-pair-off.php gefunden habe. Einmal aus der Position, die wohl h\u00e4ufigsten benutzt wird: dem Static Square. Die andere aus Faccing Lines. Die englische Formulierung ist etwas unverst\u00e4ndlich (mit dem Flagpole). Gemeint <span class=\"excerpt-dots\">&hellip;<\/span> <a class=\"more-link\" href=\"https:\/\/definition.nanninga.me\/fd\/25-pair-off\/\"><span class=\"more-msg\">Weiterlesen &rarr;<\/span><\/a><\/p>\n","protected":false},"author":1,"featured_media":0,"parent":0,"menu_order":0,"comment_status":"closed","ping_status":"closed","template":"","meta":{"footnotes":""},"class_list":["post-2636","page","type-page","status-publish","hentry"],"translation":{"provider":"WPGlobus","version":"3.0.2","language":"fd","enabled_languages":["de","en","fd"],"languages":{"de":{"title":true,"content":true,"excerpt":false},"en":{"title":true,"content":true,"excerpt":false},"fd":{"title":false,"content":true,"excerpt":false}}},"_links":{"self":[{"href":"https:\/\/definition.nanninga.me\/fd\/wp-json\/wp\/v2\/pages\/2636","targetHints":{"allow":["GET"]}}],"collection":[{"href":"https:\/\/definition.nanninga.me\/fd\/wp-json\/wp\/v2\/pages"}],"about":[{"href":"https:\/\/definition.nanninga.me\/fd\/wp-json\/wp\/v2\/types\/page"}],"author":[{"embeddable":true,"href":"https:\/\/definition.nanninga.me\/fd\/wp-json\/wp\/v2\/users\/1"}],"replies":[{"embeddable":true,"href":"https:\/\/definition.nanninga.me\/fd\/wp-json\/wp\/v2\/comments?post=2636"}],"version-history":[{"count":10,"href":"https:\/\/definition.nanninga.me\/fd\/wp-json\/wp\/v2\/pages\/2636\/revisions"}],"predecessor-version":[{"id":2777,"href":"https:\/\/definition.nanninga.me\/fd\/wp-json\/wp\/v2\/pages\/2636\/revisions\/2777"}],"wp:attachment":[{"href":"https:\/\/definition.nanninga.me\/fd\/wp-json\/wp\/v2\/media?parent=2636"}],"curies":[{"name":"wp","href":"https:\/\/api.w.org\/{rel}","templated":true}]}}