{"id":262,"date":"2018-10-20T09:46:40","date_gmt":"2018-10-20T07:46:40","guid":{"rendered":"http:\/\/definition.nanninga.myds.me\/?page_id=262"},"modified":"2026-03-17T07:47:56","modified_gmt":"2026-03-17T06:47:56","slug":"33-wheel-around","status":"publish","type":"page","link":"https:\/\/definition.nanninga.me\/fd\/basic-2\/33-wheel-around\/","title":{"rendered":"33. Wheel Around \/ Reverse Wheel Around"},"content":{"rendered":"<ul>\n<li>Paare (K\u00f6nnen auch Boy\/Boy, Girl\/Girl, oder Girl\/Boy sein)<\/li>\n<li>Rechte T\u00e4nzer vorw\u00e4rts, Linke T\u00e4nzer r\u00fcckw\u00e4rts (180 Grad)<\/li>\n<li>\u00c4hnlich Courtesy Turn; jedoch andere Handhaltung und nicht bescchr\u00e4nkt auf Boy\/Girl<\/li>\n<li>Film zeigt das Kommando auch aus der Bewegung heraus (Paare promenieren)<\/li>\n<\/ul>\n<div class=\"comments full\">\n<div style=\"width: 640px;\" class=\"wp-video\"><video class=\"wp-video-shortcode\" id=\"video-262-1\" width=\"640\" height=\"480\" preload=\"metadata\" controls=\"controls\"><source type=\"video\/mp4\" src=\"https:\/\/definition.nanninga.me\/wp-content\/uploads\/2019\/02\/B33-Wheel-around.mp4?_=1\" \/><a href=\"https:\/\/definition.nanninga.me\/wp-content\/uploads\/2019\/02\/B33-Wheel-around.mp4\">https:\/\/definition.nanninga.me\/wp-content\/uploads\/2019\/02\/B33-Wheel-around.mp4<\/a><\/video><\/div>\n<\/div>\n<ul>\n<li class=\"copyright\">Besonderheit: Reverse Wheel around: LINKE T\u00e4nzer VORW\u00c4RTS; RECHTE T\u00e4nzer R\u00dcCKW\u00c4RTS<\/li>\n<\/ul>\n<p>&nbsp;<\/p>\n<div class=\"pdfprnt-buttons pdfprnt-buttons-page pdfprnt-bottom-left\"><a href=\"https:\/\/definition.nanninga.me\/fd\/wp-json\/wp\/v2\/pages\/262?print=print\" class=\"pdfprnt-button pdfprnt-button-print\" target=\"_blank\" ><img decoding=\"async\" src=\"https:\/\/definition.nanninga.me\/wp-content\/plugins\/pdf-print\/images\/print.png\" alt=\"image_print\" title=\"Inhalt drucken\" \/><span class=\"pdfprnt-button-title pdfprnt-button-print-title\">Print Page<\/span><\/a><\/div>","protected":false},"excerpt":{"rendered":"<p>Paare (K\u00f6nnen auch Boy\/Boy, Girl\/Girl, oder Girl\/Boy sein) Rechte T\u00e4nzer vorw\u00e4rts, Linke T\u00e4nzer r\u00fcckw\u00e4rts (180 Grad) \u00c4hnlich Courtesy Turn; jedoch andere Handhaltung und nicht bescchr\u00e4nkt auf Boy\/Girl Film zeigt das Kommando auch aus der Bewegung heraus (Paare promenieren) Besonderheit: Reverse <span class=\"excerpt-dots\">&hellip;<\/span> <a class=\"more-link\" href=\"https:\/\/definition.nanninga.me\/fd\/basic-2\/33-wheel-around\/\"><span class=\"more-msg\">Weiterlesen &rarr;<\/span><\/a><\/p>\n","protected":false},"author":1,"featured_media":0,"parent":17,"menu_order":0,"comment_status":"closed","ping_status":"closed","template":"","meta":{"footnotes":""},"class_list":["post-262","page","type-page","status-publish","hentry"],"translation":{"provider":"WPGlobus","version":"3.0.2","language":"fd","enabled_languages":["de","en","fd"],"languages":{"de":{"title":true,"content":true,"excerpt":false},"en":{"title":true,"content":true,"excerpt":false},"fd":{"title":true,"content":true,"excerpt":false}}},"_links":{"self":[{"href":"https:\/\/definition.nanninga.me\/fd\/wp-json\/wp\/v2\/pages\/262","targetHints":{"allow":["GET"]}}],"collection":[{"href":"https:\/\/definition.nanninga.me\/fd\/wp-json\/wp\/v2\/pages"}],"about":[{"href":"https:\/\/definition.nanninga.me\/fd\/wp-json\/wp\/v2\/types\/page"}],"author":[{"embeddable":true,"href":"https:\/\/definition.nanninga.me\/fd\/wp-json\/wp\/v2\/users\/1"}],"replies":[{"embeddable":true,"href":"https:\/\/definition.nanninga.me\/fd\/wp-json\/wp\/v2\/comments?post=262"}],"version-history":[{"count":14,"href":"https:\/\/definition.nanninga.me\/fd\/wp-json\/wp\/v2\/pages\/262\/revisions"}],"predecessor-version":[{"id":2797,"href":"https:\/\/definition.nanninga.me\/fd\/wp-json\/wp\/v2\/pages\/262\/revisions\/2797"}],"up":[{"embeddable":true,"href":"https:\/\/definition.nanninga.me\/fd\/wp-json\/wp\/v2\/pages\/17"}],"wp:attachment":[{"href":"https:\/\/definition.nanninga.me\/fd\/wp-json\/wp\/v2\/media?parent=262"}],"curies":[{"name":"wp","href":"https:\/\/api.w.org\/{rel}","templated":true}]}}