{"id":2421,"date":"2024-08-11T08:21:45","date_gmt":"2024-08-11T06:21:45","guid":{"rendered":"http:\/\/definition.nanninga.myds.me\/?page_id=2421"},"modified":"2025-11-03T09:50:29","modified_gmt":"2025-11-03T08:50:29","slug":"clubs-in-deutschland","status":"publish","type":"page","link":"https:\/\/definition.nanninga.me\/fd\/clubs-in-deutschland\/","title":{"rendered":"Clubs in Deutschland"},"content":{"rendered":"<p>{:de}<span style=\"color: #0000ff; font-size: 14pt;\"><strong>Statistik 2025<\/strong><\/span><\/p>\n<p>Ich habe die Statistik noch einmal auf den neuesten Stand gebracht. Stand ist jetzt 01.11.2025. Dies gibt einen Status vor den Umw\u00e4lzungen, die durch die neue Program Policy von Callerlab d.h. MS50 und PLus50 m\u00f6glicherweise erfolgen werden.<\/p>\n<p><img loading=\"lazy\" decoding=\"async\" class=\"alignnone wp-image-2525 size-full\" src=\"https:\/\/definition.nanninga.me\/wp-content\/uploads\/2025\/11\/Statistik2025.png\" alt=\"\" width=\"1318\" height=\"602\" srcset=\"https:\/\/definition.nanninga.me\/wp-content\/uploads\/2025\/11\/Statistik2025.png 1318w, https:\/\/definition.nanninga.me\/wp-content\/uploads\/2025\/11\/Statistik2025-300x137.png 300w, https:\/\/definition.nanninga.me\/wp-content\/uploads\/2025\/11\/Statistik2025-1024x468.png 1024w, https:\/\/definition.nanninga.me\/wp-content\/uploads\/2025\/11\/Statistik2025-768x351.png 768w\" sizes=\"auto, (max-width: 1318px) 100vw, 1318px\" \/><\/p>\n<p>Gegen\u00fcber 2024 hat sich nicht signifikant etwas ge\u00e4ndert. Einige Clubs, die auch vorher schon Probleme hatten sind herausgefallen. Immer noch haben viele Clubs Probleme. Darauf weisen Texte wie &#8222;bitte umbedingt anrufen, Clubabend kann ausfallen&#8220; und \u00e4hnliche hin. Soweit Mitgliederzahlen ver\u00f6ffentlicht werden gibt es riesige Unterschiede &#8211; jedoch w\u00fcrde ich auf einen <span style=\"text-decoration: underline;\"><strong>Durchschnitt<\/strong> <\/span>von ca. 20, maximal 30 aktiven T\u00e4nzern tippen.<\/p>\n<p>Noch 2 &#8222;Abfallprodukte&#8220; &#8211; aber vielleicht auch einmal interessant:<\/p>\n<p>a. An welchenWochentagen wird getanzt?<\/p>\n<p><img loading=\"lazy\" decoding=\"async\" class=\"alignleft wp-image-2527 size-full\" src=\"https:\/\/definition.nanninga.me\/wp-content\/uploads\/2025\/11\/Tanztag.png\" alt=\"\" width=\"412\" height=\"395\" srcset=\"https:\/\/definition.nanninga.me\/wp-content\/uploads\/2025\/11\/Tanztag.png 412w, https:\/\/definition.nanninga.me\/wp-content\/uploads\/2025\/11\/Tanztag-300x288.png 300w\" sizes=\"auto, (max-width: 412px) 100vw, 412px\" \/><\/p>\n<p>&nbsp;<\/p>\n<p>&nbsp;<\/p>\n<p>&nbsp;<\/p>\n<p>&nbsp;<\/p>\n<p>&nbsp;<\/p>\n<p>&nbsp;<\/p>\n<p>&nbsp;<\/p>\n<p>&nbsp;<\/p>\n<p>&nbsp;<\/p>\n<p>&nbsp;<\/p>\n<p>b. Wieviele Clubs tanzen NICHT w\u00f6chentlich?<\/p>\n<p><img loading=\"lazy\" decoding=\"async\" class=\"alignleft wp-image-2526 size-full\" src=\"https:\/\/definition.nanninga.me\/wp-content\/uploads\/2025\/11\/Jede-Woche.png\" alt=\"\" width=\"597\" height=\"393\" srcset=\"https:\/\/definition.nanninga.me\/wp-content\/uploads\/2025\/11\/Jede-Woche.png 597w, https:\/\/definition.nanninga.me\/wp-content\/uploads\/2025\/11\/Jede-Woche-300x197.png 300w\" sizes=\"auto, (max-width: 597px) 100vw, 597px\" \/><\/p>\n<p>&nbsp;<\/p>\n<p>&nbsp;<\/p>\n<p>&nbsp;<\/p>\n<p>&nbsp;<\/p>\n<p>&nbsp;<\/p>\n<p>&nbsp;<\/p>\n<p>&nbsp;<\/p>\n<p>&nbsp;<\/p>\n<p>&nbsp;<\/p>\n<p>&nbsp;<\/p>\n<p><span style=\"color: #0000ff; font-size: 14pt;\"><strong><span style=\"text-decoration: underline;\">Alter Text mit Erkl\u00e4rungen<\/span><\/strong><\/span><\/p>\n<p>Die folgende Statistik wurde von mir erstellt. Sie gibt Euch vielleicht ein wenig Informationen dar\u00fcber, wie es mit dem Square Dance in Deutschland bestellt ist.<\/p>\n<p>Vorgehensweise:<\/p>\n<p>Ich habe die Informationen auf http:\/\/sdinfo.de und der EAASDC Homepage manuell in ein Excel Spreadsheet \u00fcbernommen. Alles frei im Web ver\u00f6ffentlichte Informationen.<\/p>\n<p>Danach habe ich die Webseiten ALLER Clubs einzeln besucht. Manche Adressen stimmten nicht mehr, aber Google hilft! Mit den Informationen auf den einzelnen Club-Seiten habe ich dann meine Tabelle erg\u00e4nzt: Also z.B. ob man Plus tanzt, oder A1 anbietet, bzw nur noch A1 (&#8230;) tanzt. Diese Informationen stimmen nicht immer mit der Einordnung bei der EAASDC \u00fcberein.<\/p>\n<p>Die gleiche Arbeit hatte ich bereits Anfang 2021 &#8211; also in der Corona-Zeit &#8211; gemacht. Die Auswertung f\u00fcr 2024 fiel daher leichter. Arbeit machten dabei die Clubs, die es offensichtlich nicht mehr gibt. Nur selten gab es einen klaren Hinweis &#8222;Wir tanzen nicht mehr&#8220;.<\/p>\n<p>Insgesamt sollten die \u00dcbersichten einen gewissen Einblick in die Square Dance Szene in Deutschland geben. Die Statistik erhebt keinen Anspruch auf absolute Korrektheit. In einzelnen F\u00e4llen existieren Clubs, die ich gestrichen habe und vice versa. Auch die Einordnung MS, Plus, A1 etc mag nicht immer korrekt sein.<\/p>\n<p>Ich verzichte bewusst darauf, die Statistiken zu interpretieren. Macht Euch selbst ein Bild!<\/p>\n<p><span style=\"color: #0000ff; font-size: 14pt;\"><strong>Statistik 2024<\/strong><\/span><\/p>\n<p><img loading=\"lazy\" decoding=\"async\" class=\"alignnone wp-image-2422 size-full\" src=\"https:\/\/definition.nanninga.me\/wp-content\/uploads\/2024\/08\/2024.png\" alt=\"\" width=\"1435\" height=\"619\" srcset=\"https:\/\/definition.nanninga.me\/wp-content\/uploads\/2024\/08\/2024.png 1435w, https:\/\/definition.nanninga.me\/wp-content\/uploads\/2024\/08\/2024-300x129.png 300w, https:\/\/definition.nanninga.me\/wp-content\/uploads\/2024\/08\/2024-1024x442.png 1024w, https:\/\/definition.nanninga.me\/wp-content\/uploads\/2024\/08\/2024-768x331.png 768w\" sizes=\"auto, (max-width: 1435px) 100vw, 1435px\" \/><\/p>\n<p>Die Kategorie &#8222;ND&#8220; habe ich eingef\u00fchrt f\u00fcr Clubs, die bei EAASDC noch existieren, aber die keine Tanztermine mehr anbieten, bzw. es keine Informationen dar\u00fcber gibt. Mein Eindruck war in den meisten F\u00e4llen: &#8222;Existiert praktisch nicht mehr&#8220;. Darunter fallen auch Travel-Clubs, die nur einmal im Jahr tanzen.<\/p>\n<p><span style=\"color: #0000ff; font-size: 14pt;\"><strong>Statistik 2021<\/strong><\/span><\/p>\n<p>Zum Vergleich die Statistik von Anfang 2021.<\/p>\n<p><img loading=\"lazy\" decoding=\"async\" class=\"alignnone wp-image-2425 size-full\" src=\"https:\/\/definition.nanninga.me\/wp-content\/uploads\/2024\/08\/20212.png\" alt=\"\" width=\"1080\" height=\"490\" srcset=\"https:\/\/definition.nanninga.me\/wp-content\/uploads\/2024\/08\/20212.png 1080w, https:\/\/definition.nanninga.me\/wp-content\/uploads\/2024\/08\/20212-300x136.png 300w, https:\/\/definition.nanninga.me\/wp-content\/uploads\/2024\/08\/20212-1024x465.png 1024w, https:\/\/definition.nanninga.me\/wp-content\/uploads\/2024\/08\/20212-768x348.png 768w\" sizes=\"auto, (max-width: 1080px) 100vw, 1080px\" \/><\/p>\n<p>Also insgesamt ein R\u00fcckgang um ca. 50 Clubs!<\/p>\n<p>Vielleicht zum Schluss noch ein Eindruck, der beim St\u00f6bern auf den Webseiten der Clubs entstand. Bei vielen Clubs stand der dringende Hinweis: &#8222;Ruft vorher an! Wir wissen nicht sicher ob der Clubabend stattfindet&#8220;. Subjektiver Eindruck: Nicht nur die Anzahl der Clubs hat abgenommen, sondern auch die Anzahl der T\u00e4nzer!<\/p>\n<p>Dabei ist das nicht durchg\u00e4ngig. Es gibt auch viele Clubs, die sich gef\u00fchlt nicht vor neuen T\u00e4nzern retten k\u00f6nnen.<\/p>\n<p>Eine weitere Information, die nicht aus der Statistik hervorgeht: Bei den Clubs die als MS\/PL firmieren ist die Bedeutung sehr unterschiedlich. Einige Clubs bieten nur hin und wieder mal einen Plus-Tip an, wenn gen\u00fcgend T\u00e4nzer da sind. Andere Clubs haben regelm\u00e4\u00dfig eine zus\u00e4tzlichen Abend mit nur Plus. Dazwischen jede Menge Mischformen. Dies sind ja mehr als 100 Clubs, die sich ja besonders intensiv mit den Folgen des &#8222;Proposals&#8220; auseinandersetzen m\u00fcssten.<\/p>\n<div class=\"pdfprnt-buttons pdfprnt-buttons-page pdfprnt-bottom-left\"><a href=\"https:\/\/definition.nanninga.me\/fd\/wp-json\/wp\/v2\/pages\/2421?print=print\" class=\"pdfprnt-button pdfprnt-button-print\" target=\"_blank\" ><img decoding=\"async\" src=\"https:\/\/definition.nanninga.me\/wp-content\/plugins\/pdf-print\/images\/print.png\" alt=\"image_print\" title=\"Inhalt drucken\" \/><span class=\"pdfprnt-button-title pdfprnt-button-print-title\">Print Page<\/span><\/a><\/div>","protected":false},"excerpt":{"rendered":"<p>{:de}Statistik 2025 Ich habe die Statistik noch einmal auf den neuesten Stand gebracht. Stand ist jetzt 01.11.2025. Dies gibt einen Status vor den Umw\u00e4lzungen, die durch die neue Program Policy von Callerlab d.h. MS50 und PLus50 m\u00f6glicherweise erfolgen werden. Gegen\u00fcber <span class=\"excerpt-dots\">&hellip;<\/span> <a class=\"more-link\" href=\"https:\/\/definition.nanninga.me\/fd\/clubs-in-deutschland\/\"><span class=\"more-msg\">Weiterlesen &rarr;<\/span><\/a><\/p>\n","protected":false},"author":1,"featured_media":0,"parent":0,"menu_order":0,"comment_status":"closed","ping_status":"closed","template":"","meta":{"footnotes":""},"class_list":["post-2421","page","type-page","status-publish","hentry"],"translation":{"provider":"WPGlobus","version":"3.0.2","language":"fd","enabled_languages":["de","en","fd"],"languages":{"de":{"title":true,"content":true,"excerpt":false},"en":{"title":false,"content":true,"excerpt":false},"fd":{"title":false,"content":false,"excerpt":false}}},"_links":{"self":[{"href":"https:\/\/definition.nanninga.me\/fd\/wp-json\/wp\/v2\/pages\/2421","targetHints":{"allow":["GET"]}}],"collection":[{"href":"https:\/\/definition.nanninga.me\/fd\/wp-json\/wp\/v2\/pages"}],"about":[{"href":"https:\/\/definition.nanninga.me\/fd\/wp-json\/wp\/v2\/types\/page"}],"author":[{"embeddable":true,"href":"https:\/\/definition.nanninga.me\/fd\/wp-json\/wp\/v2\/users\/1"}],"replies":[{"embeddable":true,"href":"https:\/\/definition.nanninga.me\/fd\/wp-json\/wp\/v2\/comments?post=2421"}],"version-history":[{"count":12,"href":"https:\/\/definition.nanninga.me\/fd\/wp-json\/wp\/v2\/pages\/2421\/revisions"}],"predecessor-version":[{"id":2534,"href":"https:\/\/definition.nanninga.me\/fd\/wp-json\/wp\/v2\/pages\/2421\/revisions\/2534"}],"wp:attachment":[{"href":"https:\/\/definition.nanninga.me\/fd\/wp-json\/wp\/v2\/media?parent=2421"}],"curies":[{"name":"wp","href":"https:\/\/api.w.org\/{rel}","templated":true}]}}