{"id":187,"date":"2018-10-19T21:49:20","date_gmt":"2018-10-19T19:49:20","guid":{"rendered":"http:\/\/definition.nanninga.myds.me\/?page_id=187"},"modified":"2021-12-06T09:29:54","modified_gmt":"2021-12-06T08:29:54","slug":"21-circulate-family","status":"publish","type":"page","link":"https:\/\/definition.nanninga.me\/fd\/basic-1-21-32\/21-circulate-family\/","title":{"rendered":"21. Circulate Family"},"content":{"rendered":"<ul>\n<li>Seht Euch die Diagramme f\u00fcr die Circulate Pfade an! T\u00e4nzer gehen zur n\u00e4chsten Position auf dem Pfad<\/li>\n<li>1\/2 und 1-1\/2 oder \u00e4hnliches erlaubt<\/li>\n<\/ul>\n<p><strong>1. Named Dancers Circulate<\/strong><\/p>\n<ul>\n<li>Centers\/Ends; Girls\/Boys; Everyone;<\/li>\n<li>Kommt jemand entgegen: rechts-schultrig passieren<\/li>\n<\/ul>\n<div style=\"width: 640px;\" class=\"wp-video\"><video class=\"wp-video-shortcode\" id=\"video-187-1\" width=\"640\" height=\"480\" preload=\"metadata\" controls=\"controls\"><source type=\"video\/mp4\" src=\"https:\/\/definition.nanninga.me\/wp-content\/uploads\/2019\/B21%20Circulate%20angesprochene.mp4?_=1\" \/><a href=\"https:\/\/definition.nanninga.me\/wp-content\/uploads\/2019\/B21%20Circulate%20angesprochene.mp4\">https:\/\/definition.nanninga.me\/wp-content\/uploads\/2019\/B21%20Circulate%20angesprochene.mp4<\/a><\/video><\/div>\n<div class=\"comments\">\n<p><strong>2. Couples Circulate\u00a0<\/strong><\/p>\n<ul>\n<li>Aus 2-faced lines<\/li>\n<\/ul>\n<div style=\"width: 640px;\" class=\"wp-video\"><video class=\"wp-video-shortcode\" id=\"video-187-2\" width=\"640\" height=\"480\" preload=\"metadata\" controls=\"controls\"><source type=\"video\/mp4\" src=\"https:\/\/definition.nanninga.me\/wp-content\/uploads\/2019\/02\/B21-Circulate-Paare.mp4?_=2\" \/><a href=\"https:\/\/definition.nanninga.me\/wp-content\/uploads\/2019\/02\/B21-Circulate-Paare.mp4\">https:\/\/definition.nanninga.me\/wp-content\/uploads\/2019\/02\/B21-Circulate-Paare.mp4<\/a><\/video><\/div>\n<p><strong>3. All 8 Circulate<\/strong><\/p>\n<ul>\n<li>Alle 8 gleichzeitig aus Ocean Wave<\/li>\n<li>Wird im 1. Film abgehandelt<\/li>\n<\/ul>\n<\/div>\n<div class=\"comments\"><\/div>\n<h3><strong>4. Single File Circulate<\/strong><\/h3>\n<ul>\n<li>Circulate aus einer Column<\/li>\n<li>Auch hier kann &#8222;All 8 circulate angesagt werden&#8220;<\/li>\n<\/ul>\n<div style=\"width: 640px;\" class=\"wp-video\"><video class=\"wp-video-shortcode\" id=\"video-187-3\" width=\"640\" height=\"480\" preload=\"metadata\" controls=\"controls\"><source type=\"video\/mp4\" src=\"https:\/\/definition.nanninga.me\/wp-content\/uploads\/2019\/02\/B21-Circulate-Single-File.mp4?_=3\" \/><a href=\"https:\/\/definition.nanninga.me\/wp-content\/uploads\/2019\/02\/B21-Circulate-Single-File.mp4\">https:\/\/definition.nanninga.me\/wp-content\/uploads\/2019\/02\/B21-Circulate-Single-File.mp4<\/a><\/video><\/div>\n<div><strong>5. Box Circulate<\/strong><\/div>\n<div>\n<div style=\"width: 640px;\" class=\"wp-video\"><video class=\"wp-video-shortcode\" id=\"video-187-4\" width=\"640\" height=\"480\" preload=\"metadata\" controls=\"controls\"><source type=\"video\/mp4\" src=\"https:\/\/definition.nanninga.me\/wp-content\/uploads\/2019\/02\/B21-Circulate-Box.mp4?_=4\" \/><a href=\"https:\/\/definition.nanninga.me\/wp-content\/uploads\/2019\/02\/B21-Circulate-Box.mp4\">https:\/\/definition.nanninga.me\/wp-content\/uploads\/2019\/02\/B21-Circulate-Box.mp4<\/a><\/video><\/div>\n<\/div>\n<div><\/div>\n<div><strong>6. Split Circulate<\/strong><\/div>\n<div>\n<div style=\"width: 640px;\" class=\"wp-video\"><video class=\"wp-video-shortcode\" id=\"video-187-5\" width=\"640\" height=\"480\" preload=\"metadata\" controls=\"controls\"><source type=\"video\/mp4\" src=\"https:\/\/definition.nanninga.me\/wp-content\/uploads\/2019\/02\/B21-Circulate-Split.mp4?_=5\" \/><a href=\"https:\/\/definition.nanninga.me\/wp-content\/uploads\/2019\/02\/B21-Circulate-Split.mp4\">https:\/\/definition.nanninga.me\/wp-content\/uploads\/2019\/02\/B21-Circulate-Split.mp4<\/a><\/video><\/div>\n<\/div>\n<div>\n<p>&nbsp;<\/p>\n<\/div>\n<div class=\"pdfprnt-buttons pdfprnt-buttons-page pdfprnt-bottom-left\"><a href=\"https:\/\/definition.nanninga.me\/fd\/wp-json\/wp\/v2\/pages\/187?print=print\" class=\"pdfprnt-button pdfprnt-button-print\" target=\"_blank\" ><img decoding=\"async\" src=\"https:\/\/definition.nanninga.me\/wp-content\/plugins\/pdf-print\/images\/print.png\" alt=\"image_print\" title=\"Inhalt drucken\" \/><span class=\"pdfprnt-button-title pdfprnt-button-print-title\">Print Page<\/span><\/a><\/div>","protected":false},"excerpt":{"rendered":"<p>Seht Euch die Diagramme f\u00fcr die Circulate Pfade an! T\u00e4nzer gehen zur n\u00e4chsten Position auf dem Pfad 1\/2 und 1-1\/2 oder \u00e4hnliches erlaubt 1. Named Dancers Circulate Centers\/Ends; Girls\/Boys; Everyone; Kommt jemand entgegen: rechts-schultrig passieren 2. Couples Circulate\u00a0 Aus 2-faced <span class=\"excerpt-dots\">&hellip;<\/span> <a class=\"more-link\" href=\"https:\/\/definition.nanninga.me\/fd\/basic-1-21-32\/21-circulate-family\/\"><span class=\"more-msg\">Weiterlesen &rarr;<\/span><\/a><\/p>\n","protected":false},"author":1,"featured_media":0,"parent":184,"menu_order":0,"comment_status":"closed","ping_status":"closed","template":"","meta":{"footnotes":""},"class_list":["post-187","page","type-page","status-publish","hentry"],"translation":{"provider":"WPGlobus","version":"3.0.2","language":"fd","enabled_languages":["de","en","fd"],"languages":{"de":{"title":true,"content":true,"excerpt":false},"en":{"title":true,"content":true,"excerpt":false},"fd":{"title":true,"content":true,"excerpt":false}}},"_links":{"self":[{"href":"https:\/\/definition.nanninga.me\/fd\/wp-json\/wp\/v2\/pages\/187","targetHints":{"allow":["GET"]}}],"collection":[{"href":"https:\/\/definition.nanninga.me\/fd\/wp-json\/wp\/v2\/pages"}],"about":[{"href":"https:\/\/definition.nanninga.me\/fd\/wp-json\/wp\/v2\/types\/page"}],"author":[{"embeddable":true,"href":"https:\/\/definition.nanninga.me\/fd\/wp-json\/wp\/v2\/users\/1"}],"replies":[{"embeddable":true,"href":"https:\/\/definition.nanninga.me\/fd\/wp-json\/wp\/v2\/comments?post=187"}],"version-history":[{"count":18,"href":"https:\/\/definition.nanninga.me\/fd\/wp-json\/wp\/v2\/pages\/187\/revisions"}],"predecessor-version":[{"id":2226,"href":"https:\/\/definition.nanninga.me\/fd\/wp-json\/wp\/v2\/pages\/187\/revisions\/2226"}],"up":[{"embeddable":true,"href":"https:\/\/definition.nanninga.me\/fd\/wp-json\/wp\/v2\/pages\/184"}],"wp:attachment":[{"href":"https:\/\/definition.nanninga.me\/fd\/wp-json\/wp\/v2\/media?parent=187"}],"curies":[{"name":"wp","href":"https:\/\/api.w.org\/{rel}","templated":true}]}}